{"id":15009,"date":"2025-12-02T22:19:47","date_gmt":"2025-12-02T22:19:47","guid":{"rendered":"https:\/\/b2b.depodanmusteriye.com\/urun\/vlike-vk-i7-lightning-bluetooth-kablolu-kulaklik\/"},"modified":"2025-12-03T18:35:50","modified_gmt":"2025-12-03T18:35:50","slug":"vlike-vk-i7-lightning-bluetooth-kablolu-kulaklik","status":"publish","type":"product","link":"https:\/\/depodanmusteriye.com\/urunler\/urun\/vlike-vk-i7-lightning-bluetooth-kablolu-kulaklik\/","title":{"rendered":"Vlike VK i7 Lightning Bluetooth Kablolu Kulakl\u0131k"},"content":{"rendered":"<h4>Vlike VK i7 Lightning Bluetooth Kablolu Kulakl\u0131k<\/p>\n<div><b>VL\u0130KE VK \u01307 Kulak \u0130\u00e7i Bluetooth Kulakl\u0131k<\/b><\/div>\n<div><b><br \/><\/b><\/div>\n<div>VlikeSerisi Kulakl\u0131klar, g\u00fc\u00e7l\u00fc ses ve bass kalitesiyle t\u00fcm dijital m\u00fczik \u00e7alarlar ile uyumludur. Sesli sohbetler, video konferanslar ve \u00e7evrimi\u00e7i oyunlar i\u00e7in idealdir. G\u00fcr\u00fclt\u00fcy\u00fc engelleyen hareket edebilir mikrofon arka plan g\u00fcr\u00fclt\u00fclerini azalt\u0131r.<br \/><span style=\"font-size: 1rem\">Vlike Serisi Kulakl\u0131klar, sistemi, oyun tarz\u0131 ve ki\u015fisel tarz\u0131 ne olursa olsun herkesin kulakl\u0131k ihtiyac\u0131n\u0131 kar\u015f\u0131larken konfor sunarak, i\u015flerinizde daha uzun s\u00fcre \u00f6nde olman\u0131z\u0131 sa\u011flamak \u00fczere tasarland\u0131.Vlike Serisi Kulakl\u0131klar, kristal berrakl\u0131\u011f\u0131nda ses sunar ve kapal\u0131 kulak kapaklar\u0131 sizi tamamen oyunun i\u00e7ine almak i\u00e7in d\u0131\u015far\u0131dan gelen g\u00fcr\u00fclt\u00fcleri ortadan kald\u0131r\u0131r.<br \/><b>Not: Kulakl\u0131\u011f\u0131n\u0131z\u0131 cihaz\u0131n\u0131za tak\u0131n. Kulakl\u0131\u011f\u0131 cihaz\u0131n\u0131zda bluetooth a&nbsp; tan\u0131tt\u0131ktan sonra tak \u00e7al\u0131\u015ft\u0131r \u015feklinde kullanabilirsiniz.<\/b><\/span><\/div>\n<div><b style=\"font-size: 1rem\">Hafif tasar\u0131m<\/b><\/div>\n<div>En iyi konfor ve dayan\u0131kl\u0131l\u0131k i\u00e7in g\u00fc\u00e7l\u00fc ve hafif malzemelerden \u00fcretilmi\u015ftir.<br \/><span style=\"font-size: 1rem\"><b>Marka: Vlike<br \/><\/b><\/span><span style=\"font-size: 1rem\">Model No: Vlike<br \/><\/span><\/div>\n<p><b>1 adet fiyat\u0131d\u0131r<\/b> <\/p>\n<p><p><b>\u00dcretici Markas\u0131 : V-LIKE<\/b><\/p>\n<p><b>\u00dcretici Kodu : 8620191213779<\/b><\/p>\n<p><b>1 ADET F\u0130YATIDIR<\/b><\/p>\n<\/h4>\n<p><\/p>\n","protected":false},"excerpt":{"rendered":"<p>Vlike VK i7 Lightning Bluetooth Kablolu Kulakl\u0131k<\/p>\n","protected":false},"featured_media":15006,"comment_status":"open","ping_status":"closed","template":"","meta":[],"product_brand":[],"product_cat":[494,374],"product_tag":[3605,3604,1953,1641,3550,3603,3602],"class_list":{"0":"post-15009","1":"product","2":"type-product","3":"status-publish","4":"has-post-thumbnail","6":"product_cat-kulak-ici-tws-bluetooth-kulaklik","7":"product_cat-mobil-aksesuar","8":"product_tag-bluetooth","9":"product_tag-i7","10":"product_tag-kablolu","11":"product_tag-kulaklik","12":"product_tag-lightning","13":"product_tag-vk","14":"product_tag-vlike","16":"first","17":"instock","18":"sale","19":"taxable","20":"shipping-taxable","21":"purchasable","22":"product-type-simple"},"_links":{"self":[{"href":"https:\/\/depodanmusteriye.com\/urunler\/wp-json\/wp\/v2\/product\/15009","targetHints":{"allow":["GET"]}}],"collection":[{"href":"https:\/\/depodanmusteriye.com\/urunler\/wp-json\/wp\/v2\/product"}],"about":[{"href":"https:\/\/depodanmusteriye.com\/urunler\/wp-json\/wp\/v2\/types\/product"}],"replies":[{"embeddable":true,"href":"https:\/\/depodanmusteriye.com\/urunler\/wp-json\/wp\/v2\/comments?post=15009"}],"version-history":[{"count":0,"href":"https:\/\/depodanmusteriye.com\/urunler\/wp-json\/wp\/v2\/product\/15009\/revisions"}],"wp:featuredmedia":[{"embeddable":true,"href":"https:\/\/depodanmusteriye.com\/urunler\/wp-json\/wp\/v2\/media\/15006"}],"wp:attachment":[{"href":"https:\/\/depodanmusteriye.com\/urunler\/wp-json\/wp\/v2\/media?parent=15009"}],"wp:term":[{"taxonomy":"product_brand","embeddable":true,"href":"https:\/\/depodanmusteriye.com\/urunler\/wp-json\/wp\/v2\/product_brand?post=15009"},{"taxonomy":"product_cat","embeddable":true,"href":"https:\/\/depodanmusteriye.com\/urunler\/wp-json\/wp\/v2\/product_cat?post=15009"},{"taxonomy":"product_tag","embeddable":true,"href":"https:\/\/depodanmusteriye.com\/urunler\/wp-json\/wp\/v2\/product_tag?post=15009"}],"curies":[{"name":"wp","href":"https:\/\/api.w.org\/{rel}","templated":true}]}}