{"id":14749,"date":"2025-12-02T22:09:53","date_gmt":"2025-12-02T22:09:53","guid":{"rendered":"https:\/\/b2b.depodanmusteriye.com\/urun\/newface-universal-universal-kilif-fold-klavye-siyah\/"},"modified":"2025-12-03T18:33:20","modified_gmt":"2025-12-03T18:33:20","slug":"newface-universal-universal-kilif-fold-klavye-siyah","status":"publish","type":"product","link":"https:\/\/depodanmusteriye.com\/urunler\/urun\/newface-universal-universal-kilif-fold-klavye-siyah\/","title":{"rendered":"Newface Universal Universal K\u0131l\u0131f Fold Klavye &#8211; Siyah"},"content":{"rendered":"<h4>Newface Universal Universal K\u0131l\u0131f Fold Klavye &#8211; Siyah<\/p>\n<p>&nbsp;<\/p>\n<p><b>1 adet fiyat\u0131d\u0131r<\/b> <\/p>\n<p><p><b>\u00dcretici Markas\u0131 : NEWFACE<\/b><\/p>\n<p><b>\u00dcretici Kodu : 8683140536756<\/b><\/p>\n<p><b>1 ADET F\u0130YATIDIR<\/b><\/p>\n<\/h4>\n<p><\/p>\n","protected":false},"excerpt":{"rendered":"<p>Newface Universal Universal K\u0131l\u0131f Fold Klavye &#8211; Siyah<\/p>\n","protected":false},"featured_media":14746,"comment_status":"open","ping_status":"closed","template":"","meta":[],"product_brand":[],"product_cat":[606,374],"product_tag":[3310,1514,3532,1510,1391,1156],"class_list":{"0":"post-14749","1":"product","2":"type-product","3":"status-publish","4":"has-post-thumbnail","6":"product_cat-klavye","7":"product_cat-mobil-aksesuar","8":"product_tag-fold","9":"product_tag-kilif","10":"product_tag-klavye","11":"product_tag-newface","12":"product_tag-siyah","13":"product_tag-universal","15":"first","16":"instock","17":"sale","18":"taxable","19":"shipping-taxable","20":"purchasable","21":"product-type-simple"},"_links":{"self":[{"href":"https:\/\/depodanmusteriye.com\/urunler\/wp-json\/wp\/v2\/product\/14749","targetHints":{"allow":["GET"]}}],"collection":[{"href":"https:\/\/depodanmusteriye.com\/urunler\/wp-json\/wp\/v2\/product"}],"about":[{"href":"https:\/\/depodanmusteriye.com\/urunler\/wp-json\/wp\/v2\/types\/product"}],"replies":[{"embeddable":true,"href":"https:\/\/depodanmusteriye.com\/urunler\/wp-json\/wp\/v2\/comments?post=14749"}],"version-history":[{"count":0,"href":"https:\/\/depodanmusteriye.com\/urunler\/wp-json\/wp\/v2\/product\/14749\/revisions"}],"wp:featuredmedia":[{"embeddable":true,"href":"https:\/\/depodanmusteriye.com\/urunler\/wp-json\/wp\/v2\/media\/14746"}],"wp:attachment":[{"href":"https:\/\/depodanmusteriye.com\/urunler\/wp-json\/wp\/v2\/media?parent=14749"}],"wp:term":[{"taxonomy":"product_brand","embeddable":true,"href":"https:\/\/depodanmusteriye.com\/urunler\/wp-json\/wp\/v2\/product_brand?post=14749"},{"taxonomy":"product_cat","embeddable":true,"href":"https:\/\/depodanmusteriye.com\/urunler\/wp-json\/wp\/v2\/product_cat?post=14749"},{"taxonomy":"product_tag","embeddable":true,"href":"https:\/\/depodanmusteriye.com\/urunler\/wp-json\/wp\/v2\/product_tag?post=14749"}],"curies":[{"name":"wp","href":"https:\/\/api.w.org\/{rel}","templated":true}]}}