{"id":146219,"date":"2025-12-11T22:05:19","date_gmt":"2025-12-11T22:05:19","guid":{"rendered":"https:\/\/b2b.depodanmusteriye.com\/urun\/6-adet-boru-halka-kupe-2-cm-sari\/"},"modified":"2025-12-11T22:05:19","modified_gmt":"2025-12-11T22:05:19","slug":"6-adet-boru-halka-kupe-2-cm-sari","status":"publish","type":"product","link":"https:\/\/depodanmusteriye.com\/urunler\/urun\/6-adet-boru-halka-kupe-2-cm-sari\/","title":{"rendered":"6 Adet Boru Halka K\u00fcpe 2 cm-Sar\u0131"},"content":{"rendered":"<h4>\n<p>6 Adet Boru Halka K\u00fcpe 2 cm-Sar\u0131<\/p>\n<p> K\u00fcpe; Malzemesi metal \u00fcretilmi\u015ftir. 1 kartta 6 adet k\u00fcpe bulunmaktad\u0131r. K\u00fcpe uzunlu\u011fu 2 cm dir. <\/p>\n<p><b>1 adet fiyat\u0131d\u0131r<\/b> <\/p>\n<p><p><b>\u00dcretici Markas\u0131 : ZERO<\/b><\/p>\n<p><b>\u00dcretici Kodu : 11513032Sar\u0131<\/b><\/p>\n<p><b>1 ADET F\u0130YATIDIR<\/b><\/p>\n<\/h4>\n<p><\/p>\n","protected":false},"excerpt":{"rendered":"<p>6 Adet Boru Halka K\u00fcpe 2 cm-Sar\u0131<\/p>\n","protected":false},"featured_media":146216,"comment_status":"open","ping_status":"closed","template":"","meta":[],"product_brand":[],"product_cat":[371,499],"product_tag":[1613,1224,1301,3913,10490,2046,2040],"class_list":{"0":"post-146219","1":"product","2":"type-product","3":"status-publish","4":"has-post-thumbnail","6":"product_cat-bijuteri-hediyelik","7":"product_cat-bijuteri-kupe","8":"product_tag-1613","9":"product_tag-1224","10":"product_tag-adet","11":"product_tag-boru","12":"product_tag-cm-sari","13":"product_tag-halka","14":"product_tag-kupe","16":"first","17":"instock","18":"taxable","19":"shipping-taxable","20":"purchasable","21":"product-type-simple"},"_links":{"self":[{"href":"https:\/\/depodanmusteriye.com\/urunler\/wp-json\/wp\/v2\/product\/146219","targetHints":{"allow":["GET"]}}],"collection":[{"href":"https:\/\/depodanmusteriye.com\/urunler\/wp-json\/wp\/v2\/product"}],"about":[{"href":"https:\/\/depodanmusteriye.com\/urunler\/wp-json\/wp\/v2\/types\/product"}],"replies":[{"embeddable":true,"href":"https:\/\/depodanmusteriye.com\/urunler\/wp-json\/wp\/v2\/comments?post=146219"}],"version-history":[{"count":0,"href":"https:\/\/depodanmusteriye.com\/urunler\/wp-json\/wp\/v2\/product\/146219\/revisions"}],"wp:featuredmedia":[{"embeddable":true,"href":"https:\/\/depodanmusteriye.com\/urunler\/wp-json\/wp\/v2\/media\/146216"}],"wp:attachment":[{"href":"https:\/\/depodanmusteriye.com\/urunler\/wp-json\/wp\/v2\/media?parent=146219"}],"wp:term":[{"taxonomy":"product_brand","embeddable":true,"href":"https:\/\/depodanmusteriye.com\/urunler\/wp-json\/wp\/v2\/product_brand?post=146219"},{"taxonomy":"product_cat","embeddable":true,"href":"https:\/\/depodanmusteriye.com\/urunler\/wp-json\/wp\/v2\/product_cat?post=146219"},{"taxonomy":"product_tag","embeddable":true,"href":"https:\/\/depodanmusteriye.com\/urunler\/wp-json\/wp\/v2\/product_tag?post=146219"}],"curies":[{"name":"wp","href":"https:\/\/api.w.org\/{rel}","templated":true}]}}