{"id":146215,"date":"2025-12-11T22:05:07","date_gmt":"2025-12-11T22:05:07","guid":{"rendered":"https:\/\/b2b.depodanmusteriye.com\/urun\/orgulu-citcitli-lastikli-kemer-siyah\/"},"modified":"2025-12-11T22:05:07","modified_gmt":"2025-12-11T22:05:07","slug":"orgulu-citcitli-lastikli-kemer-siyah","status":"publish","type":"product","link":"https:\/\/depodanmusteriye.com\/urunler\/urun\/orgulu-citcitli-lastikli-kemer-siyah\/","title":{"rendered":"\u00d6rg\u00fcl\u00fc \u00c7\u0131t\u00e7\u0131tl\u0131 Lastikli Kemer-Siyah"},"content":{"rendered":"<h4>\n<p>\u00d6rg\u00fcl\u00fc \u00c7\u0131t\u00e7\u0131tl\u0131 Lastikli Kemer-Siyah<\/p>\n<p> Kemer; Malzemesi lastik ve suni deridir. Uzunlu\u011fu 60 geni\u015fli\u011fi 8 cm dir. \u00dcr\u00fcn lastikli oldu i\u00e7in esneye bilmektedir.  <\/p>\n<p><b>1 adet fiyat\u0131d\u0131r<\/b> <\/p>\n<p><p><b>\u00dcretici Markas\u0131 : ZERO<\/b><\/p>\n<p><b>\u00dcretici Kodu : 11510093Siyah<\/b><\/p>\n<p><b>1 ADET F\u0130YATIDIR<\/b><\/p>\n<\/h4>\n<p><\/p>\n","protected":false},"excerpt":{"rendered":"<p>\u00d6rg\u00fcl\u00fc \u00c7\u0131t\u00e7\u0131tl\u0131 Lastikli Kemer-Siyah<\/p>\n","protected":false},"featured_media":146211,"comment_status":"open","ping_status":"closed","template":"","meta":[],"product_brand":[],"product_cat":[371,382],"product_tag":[8139,10417,3174,3793],"class_list":{"0":"post-146215","1":"product","2":"type-product","3":"status-publish","4":"has-post-thumbnail","6":"product_cat-bijuteri-hediyelik","7":"product_cat-kemer","8":"product_tag-citcitli","9":"product_tag-kemer-siyah","10":"product_tag-lastikli","11":"product_tag-orgulu","13":"first","14":"instock","15":"taxable","16":"shipping-taxable","17":"purchasable","18":"product-type-simple"},"_links":{"self":[{"href":"https:\/\/depodanmusteriye.com\/urunler\/wp-json\/wp\/v2\/product\/146215","targetHints":{"allow":["GET"]}}],"collection":[{"href":"https:\/\/depodanmusteriye.com\/urunler\/wp-json\/wp\/v2\/product"}],"about":[{"href":"https:\/\/depodanmusteriye.com\/urunler\/wp-json\/wp\/v2\/types\/product"}],"replies":[{"embeddable":true,"href":"https:\/\/depodanmusteriye.com\/urunler\/wp-json\/wp\/v2\/comments?post=146215"}],"version-history":[{"count":0,"href":"https:\/\/depodanmusteriye.com\/urunler\/wp-json\/wp\/v2\/product\/146215\/revisions"}],"wp:featuredmedia":[{"embeddable":true,"href":"https:\/\/depodanmusteriye.com\/urunler\/wp-json\/wp\/v2\/media\/146211"}],"wp:attachment":[{"href":"https:\/\/depodanmusteriye.com\/urunler\/wp-json\/wp\/v2\/media?parent=146215"}],"wp:term":[{"taxonomy":"product_brand","embeddable":true,"href":"https:\/\/depodanmusteriye.com\/urunler\/wp-json\/wp\/v2\/product_brand?post=146215"},{"taxonomy":"product_cat","embeddable":true,"href":"https:\/\/depodanmusteriye.com\/urunler\/wp-json\/wp\/v2\/product_cat?post=146215"},{"taxonomy":"product_tag","embeddable":true,"href":"https:\/\/depodanmusteriye.com\/urunler\/wp-json\/wp\/v2\/product_tag?post=146215"}],"curies":[{"name":"wp","href":"https:\/\/api.w.org\/{rel}","templated":true}]}}