{"id":145905,"date":"2025-12-11T21:51:07","date_gmt":"2025-12-11T21:51:07","guid":{"rendered":"https:\/\/b2b.depodanmusteriye.com\/urun\/icran-isimli-kolye-sari\/"},"modified":"2025-12-11T21:51:07","modified_gmt":"2025-12-11T21:51:07","slug":"icran-isimli-kolye-sari","status":"publish","type":"product","link":"https:\/\/depodanmusteriye.com\/urunler\/urun\/icran-isimli-kolye-sari\/","title":{"rendered":"\u0130cran \u0130simli Kolye -Sar\u0131"},"content":{"rendered":"<h4>\n<p>\u0130cran \u0130simli Kolye -Sar\u0131<\/p>\n<p> \u00dcr\u00fcnlerimiz pirin\u00e7 kesim olup, alt\u0131n kaplamad\u0131r. kararma yapmaz. <\/p>\n<p><b>1 adet fiyat\u0131d\u0131r<\/b> <\/p>\n<p><p><b>\u00dcretici Markas\u0131 : ZERO<\/b><\/p>\n<p><b>\u00dcretici Kodu : 11322177Sar\u0131<\/b><\/p>\n<p><b>1 ADET F\u0130YATIDIR<\/b><\/p>\n<\/h4>\n<p><\/p>\n","protected":false},"excerpt":{"rendered":"<p>\u0130cran \u0130simli Kolye -Sar\u0131<\/p>\n","protected":false},"featured_media":145904,"comment_status":"open","ping_status":"closed","template":"","meta":[],"product_brand":[],"product_cat":[371,498],"product_tag":[10421,3717,2374],"class_list":{"0":"post-145905","1":"product","2":"type-product","3":"status-publish","4":"has-post-thumbnail","6":"product_cat-bijuteri-hediyelik","7":"product_cat-bijuteri-kolye","8":"product_tag-icran","9":"product_tag-isimli","10":"product_tag-kolye","12":"first","13":"instock","14":"taxable","15":"shipping-taxable","16":"purchasable","17":"product-type-simple"},"_links":{"self":[{"href":"https:\/\/depodanmusteriye.com\/urunler\/wp-json\/wp\/v2\/product\/145905","targetHints":{"allow":["GET"]}}],"collection":[{"href":"https:\/\/depodanmusteriye.com\/urunler\/wp-json\/wp\/v2\/product"}],"about":[{"href":"https:\/\/depodanmusteriye.com\/urunler\/wp-json\/wp\/v2\/types\/product"}],"replies":[{"embeddable":true,"href":"https:\/\/depodanmusteriye.com\/urunler\/wp-json\/wp\/v2\/comments?post=145905"}],"version-history":[{"count":0,"href":"https:\/\/depodanmusteriye.com\/urunler\/wp-json\/wp\/v2\/product\/145905\/revisions"}],"wp:featuredmedia":[{"embeddable":true,"href":"https:\/\/depodanmusteriye.com\/urunler\/wp-json\/wp\/v2\/media\/145904"}],"wp:attachment":[{"href":"https:\/\/depodanmusteriye.com\/urunler\/wp-json\/wp\/v2\/media?parent=145905"}],"wp:term":[{"taxonomy":"product_brand","embeddable":true,"href":"https:\/\/depodanmusteriye.com\/urunler\/wp-json\/wp\/v2\/product_brand?post=145905"},{"taxonomy":"product_cat","embeddable":true,"href":"https:\/\/depodanmusteriye.com\/urunler\/wp-json\/wp\/v2\/product_cat?post=145905"},{"taxonomy":"product_tag","embeddable":true,"href":"https:\/\/depodanmusteriye.com\/urunler\/wp-json\/wp\/v2\/product_tag?post=145905"}],"curies":[{"name":"wp","href":"https:\/\/api.w.org\/{rel}","templated":true}]}}