{"id":145872,"date":"2025-12-11T21:49:30","date_gmt":"2025-12-11T21:49:30","guid":{"rendered":"https:\/\/b2b.depodanmusteriye.com\/urun\/orgulu-deri-tasli-kemer-turuncu-2\/"},"modified":"2025-12-11T21:49:30","modified_gmt":"2025-12-11T21:49:30","slug":"orgulu-deri-tasli-kemer-turuncu-2","status":"publish","type":"product","link":"https:\/\/depodanmusteriye.com\/urunler\/urun\/orgulu-deri-tasli-kemer-turuncu-2\/","title":{"rendered":"\u00d6rg\u00fcl\u00fc Deri Ta\u015fl\u0131 Kemer-Turuncu"},"content":{"rendered":"<h4>\n<p>\u00d6rg\u00fcl\u00fc Deri Ta\u015fl\u0131 Kemer-Turuncu<\/p>\n<p> \u00d6rg\u00fc modelli kristal model ta\u015fl\u0131 ve ayarlanabilir zincirli deri kemer. \u00fcr\u00fcn uzunlu\u011fu uzatma zinciri dahil 103 cm geni\u015fli\u011fi 1 cm dir  <\/p>\n<p><b>1 adet fiyat\u0131d\u0131r<\/b> <\/p>\n<p><p><b>\u00dcretici Markas\u0131 : ZERO<\/b><\/p>\n<p><b>\u00dcretici Kodu : 11321699Turuncu<\/b><\/p>\n<p><b>1 ADET F\u0130YATIDIR<\/b><\/p>\n<\/h4>\n<p><\/p>\n","protected":false},"excerpt":{"rendered":"<p>\u00d6rg\u00fcl\u00fc Deri Ta\u015fl\u0131 Kemer-Turuncu<\/p>\n","protected":false},"featured_media":145870,"comment_status":"open","ping_status":"closed","template":"","meta":[],"product_brand":[],"product_cat":[371,382],"product_tag":[1517,2031,3793,2030],"class_list":{"0":"post-145872","1":"product","2":"type-product","3":"status-publish","4":"has-post-thumbnail","6":"product_cat-bijuteri-hediyelik","7":"product_cat-kemer","8":"product_tag-deri","9":"product_tag-kemer-turuncu","10":"product_tag-orgulu","11":"product_tag-tasli","13":"first","14":"instock","15":"taxable","16":"shipping-taxable","17":"purchasable","18":"product-type-simple"},"_links":{"self":[{"href":"https:\/\/depodanmusteriye.com\/urunler\/wp-json\/wp\/v2\/product\/145872","targetHints":{"allow":["GET"]}}],"collection":[{"href":"https:\/\/depodanmusteriye.com\/urunler\/wp-json\/wp\/v2\/product"}],"about":[{"href":"https:\/\/depodanmusteriye.com\/urunler\/wp-json\/wp\/v2\/types\/product"}],"replies":[{"embeddable":true,"href":"https:\/\/depodanmusteriye.com\/urunler\/wp-json\/wp\/v2\/comments?post=145872"}],"version-history":[{"count":0,"href":"https:\/\/depodanmusteriye.com\/urunler\/wp-json\/wp\/v2\/product\/145872\/revisions"}],"wp:featuredmedia":[{"embeddable":true,"href":"https:\/\/depodanmusteriye.com\/urunler\/wp-json\/wp\/v2\/media\/145870"}],"wp:attachment":[{"href":"https:\/\/depodanmusteriye.com\/urunler\/wp-json\/wp\/v2\/media?parent=145872"}],"wp:term":[{"taxonomy":"product_brand","embeddable":true,"href":"https:\/\/depodanmusteriye.com\/urunler\/wp-json\/wp\/v2\/product_brand?post=145872"},{"taxonomy":"product_cat","embeddable":true,"href":"https:\/\/depodanmusteriye.com\/urunler\/wp-json\/wp\/v2\/product_cat?post=145872"},{"taxonomy":"product_tag","embeddable":true,"href":"https:\/\/depodanmusteriye.com\/urunler\/wp-json\/wp\/v2\/product_tag?post=145872"}],"curies":[{"name":"wp","href":"https:\/\/api.w.org\/{rel}","templated":true}]}}