{"id":145820,"date":"2025-12-11T21:47:06","date_gmt":"2025-12-11T21:47:06","guid":{"rendered":"https:\/\/b2b.depodanmusteriye.com\/urun\/12li-anfora-kumas-yastikli-tabla-yesil\/"},"modified":"2025-12-11T21:47:06","modified_gmt":"2025-12-11T21:47:06","slug":"12li-anfora-kumas-yastikli-tabla-yesil","status":"publish","type":"product","link":"https:\/\/depodanmusteriye.com\/urunler\/urun\/12li-anfora-kumas-yastikli-tabla-yesil\/","title":{"rendered":"12li Anfora Kuma\u015f Yast\u0131kl\u0131 Tabla-Ye\u015fil"},"content":{"rendered":"<h4>\n<p>12li Anfora Kuma\u015f Yast\u0131kl\u0131 Tabla-Ye\u015fil<\/p>\n<p> Saat ve bileklik gibi \u00fcr\u00fcnlerin te\u015fhiri i\u00e7in kullan\u0131l\u0131r. Malzemesi birinci kalite Anfora kuma\u015fd\u0131r. 12 yast\u0131kl\u0131d\u0131r. A\u00e7\u0131k gri rengine kaydedilen \u00fcr\u00fcn 511 kodlu orjinal ithal gri renktir. \u00dcr\u00fcn boyu 34X24 cm dir. \u00dcr\u00fcn derinli\u011fi 5 cm dir. <\/p>\n<p><b>1 adet fiyat\u0131d\u0131r<\/b> <\/p>\n<p><p><b>\u00dcretici Markas\u0131 : ZERO<\/b><\/p>\n<p><b>\u00dcretici Kodu : 11206286Ye\u015fil<\/b><\/p>\n<p><b>1 ADET F\u0130YATIDIR<\/b><\/p>\n<\/h4>\n<p><\/p>\n","protected":false},"excerpt":{"rendered":"<p>12li Anfora Kuma\u015f Yast\u0131kl\u0131 Tabla-Ye\u015fil<\/p>\n","protected":false},"featured_media":145819,"comment_status":"open","ping_status":"closed","template":"","meta":[],"product_brand":[],"product_cat":[371,946],"product_tag":[1835,2055,2051,10399,2056],"class_list":{"0":"post-145820","1":"product","2":"type-product","3":"status-publish","4":"has-post-thumbnail","6":"product_cat-bijuteri-hediyelik","7":"product_cat-dekoratif-kutu","8":"product_tag-12li","9":"product_tag-anfora","10":"product_tag-kumas","11":"product_tag-tabla-yesil","12":"product_tag-yastikli","14":"first","15":"instock","16":"taxable","17":"shipping-taxable","18":"purchasable","19":"product-type-simple"},"_links":{"self":[{"href":"https:\/\/depodanmusteriye.com\/urunler\/wp-json\/wp\/v2\/product\/145820","targetHints":{"allow":["GET"]}}],"collection":[{"href":"https:\/\/depodanmusteriye.com\/urunler\/wp-json\/wp\/v2\/product"}],"about":[{"href":"https:\/\/depodanmusteriye.com\/urunler\/wp-json\/wp\/v2\/types\/product"}],"replies":[{"embeddable":true,"href":"https:\/\/depodanmusteriye.com\/urunler\/wp-json\/wp\/v2\/comments?post=145820"}],"version-history":[{"count":0,"href":"https:\/\/depodanmusteriye.com\/urunler\/wp-json\/wp\/v2\/product\/145820\/revisions"}],"wp:featuredmedia":[{"embeddable":true,"href":"https:\/\/depodanmusteriye.com\/urunler\/wp-json\/wp\/v2\/media\/145819"}],"wp:attachment":[{"href":"https:\/\/depodanmusteriye.com\/urunler\/wp-json\/wp\/v2\/media?parent=145820"}],"wp:term":[{"taxonomy":"product_brand","embeddable":true,"href":"https:\/\/depodanmusteriye.com\/urunler\/wp-json\/wp\/v2\/product_brand?post=145820"},{"taxonomy":"product_cat","embeddable":true,"href":"https:\/\/depodanmusteriye.com\/urunler\/wp-json\/wp\/v2\/product_cat?post=145820"},{"taxonomy":"product_tag","embeddable":true,"href":"https:\/\/depodanmusteriye.com\/urunler\/wp-json\/wp\/v2\/product_tag?post=145820"}],"curies":[{"name":"wp","href":"https:\/\/api.w.org\/{rel}","templated":true}]}}