{"id":145267,"date":"2025-12-11T21:21:51","date_gmt":"2025-12-11T21:21:51","guid":{"rendered":"https:\/\/b2b.depodanmusteriye.com\/urun\/bff-polar-boyunluk-yesil\/"},"modified":"2025-12-11T21:21:51","modified_gmt":"2025-12-11T21:21:51","slug":"bff-polar-boyunluk-yesil","status":"publish","type":"product","link":"https:\/\/depodanmusteriye.com\/urunler\/urun\/bff-polar-boyunluk-yesil\/","title":{"rendered":"Bff Polar Boyunluk-Ye\u015fil"},"content":{"rendered":"<h4>\n<p>Bff Polar Boyunluk-Ye\u015fil<\/p>\n<p> Baf; Malzemesi \u0130p ve Polard\u0131r. Hem Boyunluk hemde bere olarak kullan\u0131labilir. <\/p>\n<p><b>1 adet fiyat\u0131d\u0131r<\/b> <\/p>\n<p><p><b>\u00dcretici Markas\u0131 : ZERO<\/b><\/p>\n<p><b>\u00dcretici Kodu : 10920510Ye\u015fil<\/b><\/p>\n<p><b>1 ADET F\u0130YATIDIR<\/b><\/p>\n<\/h4>\n<p><\/p>\n","protected":false},"excerpt":{"rendered":"<p>Bff Polar Boyunluk-Ye\u015fil<\/p>\n","protected":false},"featured_media":145261,"comment_status":"open","ping_status":"closed","template":"","meta":[],"product_brand":[],"product_cat":[383,371],"product_tag":[2042,10248,2043],"class_list":{"0":"post-145267","1":"product","2":"type-product","3":"status-publish","4":"has-post-thumbnail","6":"product_cat-atki","7":"product_cat-bijuteri-hediyelik","8":"product_tag-bff","9":"product_tag-boyunluk-yesil","10":"product_tag-polar","12":"first","13":"instock","14":"taxable","15":"shipping-taxable","16":"purchasable","17":"product-type-simple"},"_links":{"self":[{"href":"https:\/\/depodanmusteriye.com\/urunler\/wp-json\/wp\/v2\/product\/145267","targetHints":{"allow":["GET"]}}],"collection":[{"href":"https:\/\/depodanmusteriye.com\/urunler\/wp-json\/wp\/v2\/product"}],"about":[{"href":"https:\/\/depodanmusteriye.com\/urunler\/wp-json\/wp\/v2\/types\/product"}],"replies":[{"embeddable":true,"href":"https:\/\/depodanmusteriye.com\/urunler\/wp-json\/wp\/v2\/comments?post=145267"}],"version-history":[{"count":0,"href":"https:\/\/depodanmusteriye.com\/urunler\/wp-json\/wp\/v2\/product\/145267\/revisions"}],"wp:featuredmedia":[{"embeddable":true,"href":"https:\/\/depodanmusteriye.com\/urunler\/wp-json\/wp\/v2\/media\/145261"}],"wp:attachment":[{"href":"https:\/\/depodanmusteriye.com\/urunler\/wp-json\/wp\/v2\/media?parent=145267"}],"wp:term":[{"taxonomy":"product_brand","embeddable":true,"href":"https:\/\/depodanmusteriye.com\/urunler\/wp-json\/wp\/v2\/product_brand?post=145267"},{"taxonomy":"product_cat","embeddable":true,"href":"https:\/\/depodanmusteriye.com\/urunler\/wp-json\/wp\/v2\/product_cat?post=145267"},{"taxonomy":"product_tag","embeddable":true,"href":"https:\/\/depodanmusteriye.com\/urunler\/wp-json\/wp\/v2\/product_tag?post=145267"}],"curies":[{"name":"wp","href":"https:\/\/api.w.org\/{rel}","templated":true}]}}