{"id":144076,"date":"2025-12-11T10:48:56","date_gmt":"2025-12-11T10:48:56","guid":{"rendered":"https:\/\/b2b.depodanmusteriye.com\/urun\/yan-camurluk-sinyal-lambasi-bipper\/"},"modified":"2025-12-11T10:48:56","modified_gmt":"2025-12-11T10:48:56","slug":"yan-camurluk-sinyal-lambasi-bipper","status":"publish","type":"product","link":"https:\/\/depodanmusteriye.com\/urunler\/urun\/yan-camurluk-sinyal-lambasi-bipper\/","title":{"rendered":"YAN \u00c7AMURLUK S\u0130NYAL LAMBAS\u0130 BIPPER"},"content":{"rendered":"<h4><\/p>\n<h4> <b>1 ADET F\u0130YATIDIR<\/b> <\/h4>\n<p>YAN \u00c7AMURLUK S\u0130NYAL LAMBAS\u0130 BIPPER<\/p>\n<p><b>\u00dcretici Markas\u0131 : OZAR<\/b><\/p>\n<p><b>\u00dcretici Kodu : 8P005<\/b><\/p>\n<p><b>1 ADET F\u0130YATIDIR<\/b><\/p>\n<\/h4>\n<p><\/p>\n","protected":false},"excerpt":{"rendered":"<p>YAN \u00c7AMURLUK S\u0130NYAL LAMBAS\u0130 BIPPER<\/p>\n","protected":false},"featured_media":144075,"comment_status":"open","ping_status":"closed","template":"","meta":[],"product_brand":[],"product_cat":[373,842],"product_tag":[1488,9700,2287,2711,1335],"class_list":{"0":"post-144076","1":"product","2":"type-product","3":"status-publish","4":"has-post-thumbnail","6":"product_cat-oto-aksesuar-modifiye","7":"product_cat-oto-amblem","8":"product_tag-bipper","9":"product_tag-camurluk","10":"product_tag-lambasi","11":"product_tag-sinyal","12":"product_tag-yan","14":"first","15":"instock","16":"taxable","17":"shipping-taxable","18":"purchasable","19":"product-type-simple"},"_links":{"self":[{"href":"https:\/\/depodanmusteriye.com\/urunler\/wp-json\/wp\/v2\/product\/144076","targetHints":{"allow":["GET"]}}],"collection":[{"href":"https:\/\/depodanmusteriye.com\/urunler\/wp-json\/wp\/v2\/product"}],"about":[{"href":"https:\/\/depodanmusteriye.com\/urunler\/wp-json\/wp\/v2\/types\/product"}],"replies":[{"embeddable":true,"href":"https:\/\/depodanmusteriye.com\/urunler\/wp-json\/wp\/v2\/comments?post=144076"}],"version-history":[{"count":0,"href":"https:\/\/depodanmusteriye.com\/urunler\/wp-json\/wp\/v2\/product\/144076\/revisions"}],"wp:featuredmedia":[{"embeddable":true,"href":"https:\/\/depodanmusteriye.com\/urunler\/wp-json\/wp\/v2\/media\/144075"}],"wp:attachment":[{"href":"https:\/\/depodanmusteriye.com\/urunler\/wp-json\/wp\/v2\/media?parent=144076"}],"wp:term":[{"taxonomy":"product_brand","embeddable":true,"href":"https:\/\/depodanmusteriye.com\/urunler\/wp-json\/wp\/v2\/product_brand?post=144076"},{"taxonomy":"product_cat","embeddable":true,"href":"https:\/\/depodanmusteriye.com\/urunler\/wp-json\/wp\/v2\/product_cat?post=144076"},{"taxonomy":"product_tag","embeddable":true,"href":"https:\/\/depodanmusteriye.com\/urunler\/wp-json\/wp\/v2\/product_tag?post=144076"}],"curies":[{"name":"wp","href":"https:\/\/api.w.org\/{rel}","templated":true}]}}