{"id":143582,"date":"2025-12-11T10:22:55","date_gmt":"2025-12-11T10:22:55","guid":{"rendered":"https:\/\/b2b.depodanmusteriye.com\/urun\/eksantrik-zincir-seti-ford-transit-18\/"},"modified":"2025-12-11T10:22:55","modified_gmt":"2025-12-11T10:22:55","slug":"eksantrik-zincir-seti-ford-transit-18","status":"publish","type":"product","link":"https:\/\/depodanmusteriye.com\/urunler\/urun\/eksantrik-zincir-seti-ford-transit-18\/","title":{"rendered":"EKSANTR\u0130K Z\u0130NC\u0130R SET\u0130 FORD TRANSIT 18"},"content":{"rendered":"<h4><\/p>\n<h4> <b>1 ADET F\u0130YATIDIR<\/b> <\/h4>\n<p>EKSANTR\u0130K Z\u0130NC\u0130R SET\u0130 FORD TRANSIT 18<\/p>\n<p><b>\u00dcretici Markas\u0131 : FORD<\/b><\/p>\n<p><b>\u00dcretici Kodu : KTCK3Q6M000A1BN<\/b><\/p>\n<p><b>1 ADET F\u0130YATIDIR<\/b><\/p>\n<\/h4>\n<p><\/p>\n","protected":false},"excerpt":{"rendered":"<p>EKSANTR\u0130K Z\u0130NC\u0130R SET\u0130 FORD TRANSIT 18<\/p>\n","protected":false},"featured_media":143581,"comment_status":"open","ping_status":"closed","template":"","meta":[],"product_brand":[],"product_cat":[2217,373],"product_tag":[2352,2567,1136,1172,2712,2577],"class_list":{"0":"post-143582","1":"product","2":"type-product","3":"status-publish","4":"has-post-thumbnail","6":"product_cat-lastik-zinciri-oto-aksesuar-modifiye","7":"product_cat-oto-aksesuar-modifiye","8":"product_tag-2352","9":"product_tag-eksantrik","10":"product_tag-ford","11":"product_tag-seti","12":"product_tag-transit","13":"product_tag-zincir","15":"first","16":"instock","17":"taxable","18":"shipping-taxable","19":"purchasable","20":"product-type-simple"},"_links":{"self":[{"href":"https:\/\/depodanmusteriye.com\/urunler\/wp-json\/wp\/v2\/product\/143582","targetHints":{"allow":["GET"]}}],"collection":[{"href":"https:\/\/depodanmusteriye.com\/urunler\/wp-json\/wp\/v2\/product"}],"about":[{"href":"https:\/\/depodanmusteriye.com\/urunler\/wp-json\/wp\/v2\/types\/product"}],"replies":[{"embeddable":true,"href":"https:\/\/depodanmusteriye.com\/urunler\/wp-json\/wp\/v2\/comments?post=143582"}],"version-history":[{"count":0,"href":"https:\/\/depodanmusteriye.com\/urunler\/wp-json\/wp\/v2\/product\/143582\/revisions"}],"wp:featuredmedia":[{"embeddable":true,"href":"https:\/\/depodanmusteriye.com\/urunler\/wp-json\/wp\/v2\/media\/143581"}],"wp:attachment":[{"href":"https:\/\/depodanmusteriye.com\/urunler\/wp-json\/wp\/v2\/media?parent=143582"}],"wp:term":[{"taxonomy":"product_brand","embeddable":true,"href":"https:\/\/depodanmusteriye.com\/urunler\/wp-json\/wp\/v2\/product_brand?post=143582"},{"taxonomy":"product_cat","embeddable":true,"href":"https:\/\/depodanmusteriye.com\/urunler\/wp-json\/wp\/v2\/product_cat?post=143582"},{"taxonomy":"product_tag","embeddable":true,"href":"https:\/\/depodanmusteriye.com\/urunler\/wp-json\/wp\/v2\/product_tag?post=143582"}],"curies":[{"name":"wp","href":"https:\/\/api.w.org\/{rel}","templated":true}]}}