{"id":14340,"date":"2025-12-02T21:54:16","date_gmt":"2025-12-02T21:54:16","guid":{"rendered":"https:\/\/b2b.depodanmusteriye.com\/urun\/sis-far-cercevesi-kapagi-sissiz-sag-fiat-egea-15\/"},"modified":"2025-12-03T18:28:50","modified_gmt":"2025-12-03T18:28:50","slug":"sis-far-cercevesi-kapagi-sissiz-sag-fiat-egea-15","status":"publish","type":"product","link":"https:\/\/depodanmusteriye.com\/urunler\/urun\/sis-far-cercevesi-kapagi-sissiz-sag-fiat-egea-15\/","title":{"rendered":"S\u0130S FAR \u00c7ER\u00c7EVES\u0130 KAPA\u011eI S\u0130SS\u0130Z SA\u011e FIAT EGEA 15"},"content":{"rendered":"<h4>S\u0130S FAR \u00c7ER\u00c7EVES\u0130 KAPA\u011eI S\u0130SS\u0130Z SA\u011e FIAT EGEA 15<\/p>\n<p><b>\u00dcretici Markas\u0131 : HPL<\/b><\/p>\n<p><b>\u00dcretici Kodu : TE1000<\/b><\/p>\n<p><b>1 ADET F\u0130YATIDIR<\/b><\/p>\n<\/h4>\n<p><\/p>\n","protected":false},"excerpt":{"rendered":"<p>S\u0130S FAR \u00c7ER\u00c7EVES\u0130 KAPA\u011eI S\u0130SS\u0130Z SA\u011e FIAT EGEA 15<\/p>\n","protected":false},"featured_media":14339,"comment_status":"open","ping_status":"closed","template":"","meta":[],"product_brand":[],"product_cat":[373,2239],"product_tag":[3404,1319,359,1052,1383,360,2245,3405],"class_list":{"0":"post-14340","1":"product","2":"type-product","3":"status-publish","4":"has-post-thumbnail","6":"product_cat-oto-aksesuar-modifiye","7":"product_cat-oto-aksesuar-seti-oto-aksesuar-modifiye","8":"product_tag-cercevesi","9":"product_tag-egea","10":"product_tag-far","11":"product_tag-fiat","12":"product_tag-kapagi","13":"product_tag-sag","14":"product_tag-sis","15":"product_tag-sissiz","17":"first","18":"instock","19":"sale","20":"taxable","21":"shipping-taxable","22":"purchasable","23":"product-type-simple"},"_links":{"self":[{"href":"https:\/\/depodanmusteriye.com\/urunler\/wp-json\/wp\/v2\/product\/14340","targetHints":{"allow":["GET"]}}],"collection":[{"href":"https:\/\/depodanmusteriye.com\/urunler\/wp-json\/wp\/v2\/product"}],"about":[{"href":"https:\/\/depodanmusteriye.com\/urunler\/wp-json\/wp\/v2\/types\/product"}],"replies":[{"embeddable":true,"href":"https:\/\/depodanmusteriye.com\/urunler\/wp-json\/wp\/v2\/comments?post=14340"}],"version-history":[{"count":0,"href":"https:\/\/depodanmusteriye.com\/urunler\/wp-json\/wp\/v2\/product\/14340\/revisions"}],"wp:featuredmedia":[{"embeddable":true,"href":"https:\/\/depodanmusteriye.com\/urunler\/wp-json\/wp\/v2\/media\/14339"}],"wp:attachment":[{"href":"https:\/\/depodanmusteriye.com\/urunler\/wp-json\/wp\/v2\/media?parent=14340"}],"wp:term":[{"taxonomy":"product_brand","embeddable":true,"href":"https:\/\/depodanmusteriye.com\/urunler\/wp-json\/wp\/v2\/product_brand?post=14340"},{"taxonomy":"product_cat","embeddable":true,"href":"https:\/\/depodanmusteriye.com\/urunler\/wp-json\/wp\/v2\/product_cat?post=14340"},{"taxonomy":"product_tag","embeddable":true,"href":"https:\/\/depodanmusteriye.com\/urunler\/wp-json\/wp\/v2\/product_tag?post=14340"}],"curies":[{"name":"wp","href":"https:\/\/api.w.org\/{rel}","templated":true}]}}