{"id":14328,"date":"2025-12-02T21:53:52","date_gmt":"2025-12-02T21:53:52","guid":{"rendered":"https:\/\/b2b.depodanmusteriye.com\/urun\/robotize-otomatik-sanziman-hava-tupu-fiat-line-1-3-mtj-08-bravo-ii-punto-ducato-berlingo-partner\/"},"modified":"2025-12-03T18:28:00","modified_gmt":"2025-12-03T18:28:00","slug":"robotize-otomatik-sanziman-hava-tupu-fiat-line-1-3-mtj-08-bravo-ii-punto-ducato-berlingo-partner","status":"publish","type":"product","link":"https:\/\/depodanmusteriye.com\/urunler\/urun\/robotize-otomatik-sanziman-hava-tupu-fiat-line-1-3-mtj-08-bravo-ii-punto-ducato-berlingo-partner\/","title":{"rendered":"ROBOT\u0130ZE OTOMAT\u0130K \u015eANZIMAN HAVA T\u00dcP\u00dc FIAT LINE 1.3 MTJ 08 BRAVO II-PUNTO-DUCATO-BERLINGO-PARTNER"},"content":{"rendered":"<h4>ROBOT\u0130ZE OTOMAT\u0130K \u015eANZIMAN HAVA T\u00dcP\u00dc FIAT LINE 1.3 MTJ 08 BRAVO II-PUNTO-DUCATO-BERLINGO-PARTNER<\/p>\n<p><b>\u00dcretici Markas\u0131 : GUA<\/b><\/p>\n<p><b>\u00dcretici Kodu : 41103<\/b><\/p>\n<p><b>1 ADET F\u0130YATIDIR<\/b><\/p>\n<\/h4>\n<p><\/p>\n","protected":false},"excerpt":{"rendered":"<p>ROBOT\u0130ZE OTOMAT\u0130K \u015eANZIMAN HAVA T\u00dcP\u00dc FIAT LINE 1.3 MTJ 08 BRAVO II-PUNTO-DUCATO-BERLINGO-PARTNER<\/p>\n","protected":false},"featured_media":14327,"comment_status":"open","ping_status":"closed","template":"","meta":[],"product_brand":[],"product_cat":[875,372],"product_tag":[1937,1089,3395,1052,1085,3396,3388,3394,1688,3392,1241,3393],"class_list":{"0":"post-14328","1":"product","2":"type-product","3":"status-publish","4":"has-post-thumbnail","6":"product_cat-oto-kompresor","7":"product_cat-otomotiv","8":"product_tag-1937","9":"product_tag-1-3","10":"product_tag-bravo","11":"product_tag-fiat","12":"product_tag-hava","13":"product_tag-ii-punto-ducato-berlingo-partner","14":"product_tag-line","15":"product_tag-mtj","16":"product_tag-otomatik","17":"product_tag-robotize","18":"product_tag-sanziman","19":"product_tag-tupu","21":"first","22":"instock","23":"sale","24":"taxable","25":"shipping-taxable","26":"purchasable","27":"product-type-simple"},"_links":{"self":[{"href":"https:\/\/depodanmusteriye.com\/urunler\/wp-json\/wp\/v2\/product\/14328","targetHints":{"allow":["GET"]}}],"collection":[{"href":"https:\/\/depodanmusteriye.com\/urunler\/wp-json\/wp\/v2\/product"}],"about":[{"href":"https:\/\/depodanmusteriye.com\/urunler\/wp-json\/wp\/v2\/types\/product"}],"replies":[{"embeddable":true,"href":"https:\/\/depodanmusteriye.com\/urunler\/wp-json\/wp\/v2\/comments?post=14328"}],"version-history":[{"count":0,"href":"https:\/\/depodanmusteriye.com\/urunler\/wp-json\/wp\/v2\/product\/14328\/revisions"}],"wp:featuredmedia":[{"embeddable":true,"href":"https:\/\/depodanmusteriye.com\/urunler\/wp-json\/wp\/v2\/media\/14327"}],"wp:attachment":[{"href":"https:\/\/depodanmusteriye.com\/urunler\/wp-json\/wp\/v2\/media?parent=14328"}],"wp:term":[{"taxonomy":"product_brand","embeddable":true,"href":"https:\/\/depodanmusteriye.com\/urunler\/wp-json\/wp\/v2\/product_brand?post=14328"},{"taxonomy":"product_cat","embeddable":true,"href":"https:\/\/depodanmusteriye.com\/urunler\/wp-json\/wp\/v2\/product_cat?post=14328"},{"taxonomy":"product_tag","embeddable":true,"href":"https:\/\/depodanmusteriye.com\/urunler\/wp-json\/wp\/v2\/product_tag?post=14328"}],"curies":[{"name":"wp","href":"https:\/\/api.w.org\/{rel}","templated":true}]}}