{"id":133408,"date":"2025-12-09T23:08:58","date_gmt":"2025-12-09T23:08:58","guid":{"rendered":"https:\/\/b2b.depodanmusteriye.com\/urun\/newface-iphone-13-pro-max-kilif-power-silikon-siyah\/"},"modified":"2025-12-09T23:08:58","modified_gmt":"2025-12-09T23:08:58","slug":"newface-iphone-13-pro-max-kilif-power-silikon-siyah","status":"publish","type":"product","link":"https:\/\/depodanmusteriye.com\/urunler\/urun\/newface-iphone-13-pro-max-kilif-power-silikon-siyah\/","title":{"rendered":"Newface iPhone 13 Pro Max K\u0131l\u0131f Power Silikon &#8211; Siyah"},"content":{"rendered":"<h4>Newface iPhone 13 Pro Max K\u0131l\u0131f Power Silikon &#8211; Siyah<\/p>\n<p>\n<p>\n<p><b>Newface Power Silikon K\u0131l\u0131f<\/b><\/p>\n<p>&lt;a href=&quot;http:\/\/<\/a><\/p>\n<\/p>\n<p><img decoding=\"async\" src=\"https:\/\/www.newface.com.tr\/img\/descriptions\/6412eb4714149.jpg\" style=\"width: 50%\"><\/p>\n<p><\/p>\n<p><img decoding=\"async\" src=\"https:\/\/www.newface.com.tr\/img\/descriptions\/6412eb8b2ff26.jpg\" style=\"width: 50%\"><\/p>\n<p><\/p>\n<p><img decoding=\"async\" src=\"https:\/\/www.newface.com.tr\/img\/descriptions\/6412eb9416667.jpg\" style=\"width: 50%\"><\/p>\n<p><\/p>\n<p><img decoding=\"async\" src=\"https:\/\/www.newface.com.tr\/img\/descriptions\/6412eba70ee8b.jpg\" style=\"width: 50%\"><\/p>\n<p><img decoding=\"async\" src=\"https:\/\/www.newface.com.tr\/img\/descriptions\/6412ebc2db1ac.jpg\" style=\"font-size: 1rem;width: 50%\"><\/p>\n<p><\/p>\n<p><img decoding=\"async\" src=\"https:\/\/www.newface.com.tr\/img\/descriptions\/6412ebd60ea05.jpg\" style=\"width: 50%\"> <\/p>\n<p><b>1 adet fiyat\u0131d\u0131r<\/b> <\/p>\n<p><p><b>\u00dcretici Markas\u0131 : NEWFACE<\/b><\/p>\n<p><b>\u00dcretici Kodu : 8683140536831<\/b><\/p>\n<p><b>1 ADET F\u0130YATIDIR<\/b><\/p>\n<\/h4>\n<p><\/p>\n","protected":false},"excerpt":{"rendered":"<p>Newface iPhone 13 Pro Max K\u0131l\u0131f Power Silikon &#8211; Siyah<\/p>\n","protected":false},"featured_media":133401,"comment_status":"open","ping_status":"closed","template":"","meta":[],"product_brand":[],"product_cat":[457,374],"product_tag":[1647,1950,1514,2496,1510,2838,2484,2486,1391],"class_list":{"0":"post-133408","1":"product","2":"type-product","3":"status-publish","4":"has-post-thumbnail","6":"product_cat-kapak-and-kilif","7":"product_cat-mobil-aksesuar","8":"product_tag-1647","9":"product_tag-iphone","10":"product_tag-kilif","11":"product_tag-max","12":"product_tag-newface","13":"product_tag-power","14":"product_tag-pro","15":"product_tag-silikon","16":"product_tag-siyah","18":"first","19":"instock","20":"taxable","21":"shipping-taxable","22":"purchasable","23":"product-type-simple"},"_links":{"self":[{"href":"https:\/\/depodanmusteriye.com\/urunler\/wp-json\/wp\/v2\/product\/133408","targetHints":{"allow":["GET"]}}],"collection":[{"href":"https:\/\/depodanmusteriye.com\/urunler\/wp-json\/wp\/v2\/product"}],"about":[{"href":"https:\/\/depodanmusteriye.com\/urunler\/wp-json\/wp\/v2\/types\/product"}],"replies":[{"embeddable":true,"href":"https:\/\/depodanmusteriye.com\/urunler\/wp-json\/wp\/v2\/comments?post=133408"}],"version-history":[{"count":0,"href":"https:\/\/depodanmusteriye.com\/urunler\/wp-json\/wp\/v2\/product\/133408\/revisions"}],"wp:featuredmedia":[{"embeddable":true,"href":"https:\/\/depodanmusteriye.com\/urunler\/wp-json\/wp\/v2\/media\/133401"}],"wp:attachment":[{"href":"https:\/\/depodanmusteriye.com\/urunler\/wp-json\/wp\/v2\/media?parent=133408"}],"wp:term":[{"taxonomy":"product_brand","embeddable":true,"href":"https:\/\/depodanmusteriye.com\/urunler\/wp-json\/wp\/v2\/product_brand?post=133408"},{"taxonomy":"product_cat","embeddable":true,"href":"https:\/\/depodanmusteriye.com\/urunler\/wp-json\/wp\/v2\/product_cat?post=133408"},{"taxonomy":"product_tag","embeddable":true,"href":"https:\/\/depodanmusteriye.com\/urunler\/wp-json\/wp\/v2\/product_tag?post=133408"}],"curies":[{"name":"wp","href":"https:\/\/api.w.org\/{rel}","templated":true}]}}