{"id":133388,"date":"2025-12-09T23:07:43","date_gmt":"2025-12-09T23:07:43","guid":{"rendered":"https:\/\/b2b.depodanmusteriye.com\/urun\/newface-iphone-15-pro-max-kilif-puma-silikon-turkuaz\/"},"modified":"2025-12-09T23:07:43","modified_gmt":"2025-12-09T23:07:43","slug":"newface-iphone-15-pro-max-kilif-puma-silikon-turkuaz","status":"publish","type":"product","link":"https:\/\/depodanmusteriye.com\/urunler\/urun\/newface-iphone-15-pro-max-kilif-puma-silikon-turkuaz\/","title":{"rendered":"Newface iPhone 15 Pro Max K\u0131l\u0131f Puma Silikon &#8211; Turkuaz"},"content":{"rendered":"<h4>Newface iPhone 15 Pro Max K\u0131l\u0131f Puma Silikon &#8211; Turkuaz<\/p>\n<p><b>NEWFACE PUMA S\u0130L\u0130KON KILIF<\/b><\/p>\n<p><span style=\"font-size: 1rem\">&#8212;- ile uyumludur.<\/span><\/p>\n<p>Esnek silikon malzemeden \u00fcretilmi\u015ftir.<\/p>\n<p>\u015e\u0131k ve modern bir g\u00f6r\u00fcn\u00fcme sahiptir.<\/p>\n<p><span style=\"font-size: 1rem\">Tutu\u015fu rahatt\u0131r ve elinizden kaymaz.<\/span><\/p>\n<p>Telefonunuzu tam olarak kavrar.<\/p>\n<p>\u00d6zel dizayn\u0131 sayesinde \u015fok ve darbelere kar\u015f\u0131 dayan\u0131kl\u0131d\u0131r.<\/p>\n<p>Kamera korumal\u0131d\u0131r.<\/p>\n<p>Telefonunuzun t\u00fcm ba\u011flant\u0131 noktalar\u0131na sorunsuz bir \u015fekilde ula\u015fabilirsiniz.<\/p>\n<p>Sa\u011fl\u0131\u011fa zararl\u0131 madde i\u00e7ermez.<\/p>\n<p><\/p>\n<p><img decoding=\"async\" src=\"https:\/\/www.newface.com.tr\/img\/descriptions\/63fdfe6c8e343.jpg\" style=\"width: 50%\"> <\/p>\n<p><b>1 adet fiyat\u0131d\u0131r<\/b> <\/p>\n<p><p><b>\u00dcretici Markas\u0131 : NEWFACE<\/b><\/p>\n<p><b>\u00dcretici Kodu : 8683140616762<\/b><\/p>\n<p><b>1 ADET F\u0130YATIDIR<\/b><\/p>\n<\/h4>\n<p><\/p>\n","protected":false},"excerpt":{"rendered":"<p>Newface iPhone 15 Pro Max K\u0131l\u0131f Puma Silikon &#8211; Turkuaz<\/p>\n","protected":false},"featured_media":133385,"comment_status":"open","ping_status":"closed","template":"","meta":[],"product_brand":[],"product_cat":[457,374],"product_tag":[1950,1514,2496,1510,2484,2788,2486,2809],"class_list":{"0":"post-133388","1":"product","2":"type-product","3":"status-publish","4":"has-post-thumbnail","6":"product_cat-kapak-and-kilif","7":"product_cat-mobil-aksesuar","8":"product_tag-iphone","9":"product_tag-kilif","10":"product_tag-max","11":"product_tag-newface","12":"product_tag-pro","13":"product_tag-puma","14":"product_tag-silikon","15":"product_tag-turkuaz","17":"first","18":"instock","19":"taxable","20":"shipping-taxable","21":"purchasable","22":"product-type-simple"},"_links":{"self":[{"href":"https:\/\/depodanmusteriye.com\/urunler\/wp-json\/wp\/v2\/product\/133388","targetHints":{"allow":["GET"]}}],"collection":[{"href":"https:\/\/depodanmusteriye.com\/urunler\/wp-json\/wp\/v2\/product"}],"about":[{"href":"https:\/\/depodanmusteriye.com\/urunler\/wp-json\/wp\/v2\/types\/product"}],"replies":[{"embeddable":true,"href":"https:\/\/depodanmusteriye.com\/urunler\/wp-json\/wp\/v2\/comments?post=133388"}],"version-history":[{"count":0,"href":"https:\/\/depodanmusteriye.com\/urunler\/wp-json\/wp\/v2\/product\/133388\/revisions"}],"wp:featuredmedia":[{"embeddable":true,"href":"https:\/\/depodanmusteriye.com\/urunler\/wp-json\/wp\/v2\/media\/133385"}],"wp:attachment":[{"href":"https:\/\/depodanmusteriye.com\/urunler\/wp-json\/wp\/v2\/media?parent=133388"}],"wp:term":[{"taxonomy":"product_brand","embeddable":true,"href":"https:\/\/depodanmusteriye.com\/urunler\/wp-json\/wp\/v2\/product_brand?post=133388"},{"taxonomy":"product_cat","embeddable":true,"href":"https:\/\/depodanmusteriye.com\/urunler\/wp-json\/wp\/v2\/product_cat?post=133388"},{"taxonomy":"product_tag","embeddable":true,"href":"https:\/\/depodanmusteriye.com\/urunler\/wp-json\/wp\/v2\/product_tag?post=133388"}],"curies":[{"name":"wp","href":"https:\/\/api.w.org\/{rel}","templated":true}]}}