{"id":133384,"date":"2025-12-09T23:07:26","date_gmt":"2025-12-09T23:07:26","guid":{"rendered":"https:\/\/b2b.depodanmusteriye.com\/urun\/newface-iphone-14-pro-kilif-moshi-lens-magneticsafe-silikon-fume\/"},"modified":"2025-12-09T23:07:26","modified_gmt":"2025-12-09T23:07:26","slug":"newface-iphone-14-pro-kilif-moshi-lens-magneticsafe-silikon-fume","status":"publish","type":"product","link":"https:\/\/depodanmusteriye.com\/urunler\/urun\/newface-iphone-14-pro-kilif-moshi-lens-magneticsafe-silikon-fume\/","title":{"rendered":"Newface iPhone 14 Pro K\u0131l\u0131f Moshi Lens Magneticsafe Silikon &#8211; F\u00fcme"},"content":{"rendered":"<h4>Newface iPhone 14 Pro K\u0131l\u0131f Moshi Lens Magneticsafe Silikon &#8211; F\u00fcme<\/p>\n<p><span style=\"font-weight: bolder\">NEWFACE MOSHI LENS MAGNETICSAFE S\u0130L\u0130KON KILIF<\/span><\/p>\n<p><span style=\"font-family:\">8 farkl\u0131 renk se\u00e7ene\u011fiyle cihaz\u0131n\u0131za \u015f\u0131k g\u00f6r\u00fcn\u00fcm kazand\u0131r\u0131r.<\/span><\/p>\n<p><span style=\"font-size: 1rem;font-family:\">&#8212;-<\/span><span style=\"font-size: 1rem;font-family:\">&nbsp;ile uyumludur.<\/span><\/p>\n<p><span style=\"font-size: 1rem;font-family:\">Magsafe \u00f6zelli\u011fi sayesinde kablosuz \u015farj\u0131 destekler.<\/span><\/p>\n<p><span style=\"font-size: 1rem\">Esnek silikon yap\u0131s\u0131 sayesinde cihaz\u0131n\u0131za kolay tak\u0131p \u00e7\u0131kar\u0131l\u0131r.<\/span><\/p>\n<p>K\u0131l\u0131f kirlendi\u011finde kolayl\u0131kla silinebilir.<\/p>\n<p>K\u0131l\u0131f tak\u0131l\u0131yken cihaz\u0131n\u0131z\u0131n t\u00fcm ba\u011flant\u0131 noktalar\u0131na eri\u015febilirsiniz.<\/p>\n<p>Kamera korumal\u0131 yap\u0131s\u0131 kameran\u0131z\u0131 \u00e7izilme ve darbelere kar\u015f\u0131 korur.<\/p>\n<p>K\u0131l\u0131f cihaz\u0131n\u0131z\u0131 tam sararak darbelere kar\u015f\u0131 tam koruma sa\u011flar.<\/p>\n<p>K\u0131l\u0131f\u0131n d\u0131\u015f y\u00fczeyi p\u00fcr\u00fczs\u00fczd\u00fcr. Elden kaymaz yap\u0131da \u00fcretilmi\u015ftir.<\/p>\n<p>K\u0131l\u0131f i\u00e7erisinde sa\u011fl\u0131\u011fa zararl\u0131 hammadde kullan\u0131lmam\u0131\u015ft\u0131r.<\/p>\n<p><img decoding=\"async\" src=\"https:\/\/www.newface.com.tr\/img\/descriptions\/63946ff23006d.jpg\" style=\"width: 50%\"><img decoding=\"async\" src=\"https:\/\/www.newface.com.tr\/img\/descriptions\/63947002db192.jpg\" style=\"width: 50%\"> <\/p>\n<p><b>1 adet fiyat\u0131d\u0131r<\/b> <\/p>\n<p><p><b>\u00dcretici Markas\u0131 : NEWFACE<\/b><\/p>\n<p><b>\u00dcretici Kodu : 8683140440077<\/b><\/p>\n<p><b>1 ADET F\u0130YATIDIR<\/b><\/p>\n<\/h4>\n<p><\/p>\n","protected":false},"excerpt":{"rendered":"<p>Newface iPhone 14 Pro K\u0131l\u0131f Moshi Lens Magneticsafe Silikon &#8211; F\u00fcme<\/p>\n","protected":false},"featured_media":133379,"comment_status":"open","ping_status":"closed","template":"","meta":[],"product_brand":[],"product_cat":[457,374],"product_tag":[1858,8039,1950,1514,2018,2795,3580,1510,2484,2486],"class_list":{"0":"post-133384","1":"product","2":"type-product","3":"status-publish","4":"has-post-thumbnail","6":"product_cat-kapak-and-kilif","7":"product_cat-mobil-aksesuar","8":"product_tag-1858","9":"product_tag-fume","10":"product_tag-iphone","11":"product_tag-kilif","12":"product_tag-lens","13":"product_tag-magneticsafe","14":"product_tag-moshi","15":"product_tag-newface","16":"product_tag-pro","17":"product_tag-silikon","19":"first","20":"instock","21":"taxable","22":"shipping-taxable","23":"purchasable","24":"product-type-simple"},"_links":{"self":[{"href":"https:\/\/depodanmusteriye.com\/urunler\/wp-json\/wp\/v2\/product\/133384","targetHints":{"allow":["GET"]}}],"collection":[{"href":"https:\/\/depodanmusteriye.com\/urunler\/wp-json\/wp\/v2\/product"}],"about":[{"href":"https:\/\/depodanmusteriye.com\/urunler\/wp-json\/wp\/v2\/types\/product"}],"replies":[{"embeddable":true,"href":"https:\/\/depodanmusteriye.com\/urunler\/wp-json\/wp\/v2\/comments?post=133384"}],"version-history":[{"count":0,"href":"https:\/\/depodanmusteriye.com\/urunler\/wp-json\/wp\/v2\/product\/133384\/revisions"}],"wp:featuredmedia":[{"embeddable":true,"href":"https:\/\/depodanmusteriye.com\/urunler\/wp-json\/wp\/v2\/media\/133379"}],"wp:attachment":[{"href":"https:\/\/depodanmusteriye.com\/urunler\/wp-json\/wp\/v2\/media?parent=133384"}],"wp:term":[{"taxonomy":"product_brand","embeddable":true,"href":"https:\/\/depodanmusteriye.com\/urunler\/wp-json\/wp\/v2\/product_brand?post=133384"},{"taxonomy":"product_cat","embeddable":true,"href":"https:\/\/depodanmusteriye.com\/urunler\/wp-json\/wp\/v2\/product_cat?post=133384"},{"taxonomy":"product_tag","embeddable":true,"href":"https:\/\/depodanmusteriye.com\/urunler\/wp-json\/wp\/v2\/product_tag?post=133384"}],"curies":[{"name":"wp","href":"https:\/\/api.w.org\/{rel}","templated":true}]}}