{"id":13135,"date":"2025-12-02T21:23:05","date_gmt":"2025-12-02T21:23:05","guid":{"rendered":"https:\/\/b2b.depodanmusteriye.com\/urun\/jant-kapagi-gobegi-jumper-iii-16\/"},"modified":"2025-12-03T18:08:34","modified_gmt":"2025-12-03T18:08:34","slug":"jant-kapagi-gobegi-jumper-iii-16","status":"publish","type":"product","link":"https:\/\/depodanmusteriye.com\/urunler\/urun\/jant-kapagi-gobegi-jumper-iii-16\/","title":{"rendered":"JANT KAPA\u011eI G\u00d6BE\u011e\u0130 JUMPER III 16"},"content":{"rendered":"<h4><\/p>\n<h4> <b>1 ADET F\u0130YATIDIR<\/b> <\/h4>\n<p>JANT KAPA\u011eI G\u00d6BE\u011e\u0130 JUMPER III 16<\/p>\n<p><b>\u00dcretici Markas\u0131 : AFT<\/b><\/p>\n<p><b>\u00dcretici Kodu : KAP50780<\/b><\/p>\n<p><b>1 ADET F\u0130YATIDIR<\/b><\/p>\n<\/h4>\n<p><\/p>\n","protected":false},"excerpt":{"rendered":"<p>JANT KAPA\u011eI G\u00d6BE\u011e\u0130 JUMPER III 16<\/p>\n","protected":false},"featured_media":13134,"comment_status":"open","ping_status":"closed","template":"","meta":[],"product_brand":[],"product_cat":[846,372],"product_tag":[1300,2643,1340,2642,1213,1383],"class_list":{"0":"post-13135","1":"product","2":"type-product","3":"status-publish","4":"has-post-thumbnail","6":"product_cat-direksiyon-sistemi","7":"product_cat-otomotiv","8":"product_tag-1300","9":"product_tag-gobegi","10":"product_tag-iii","11":"product_tag-jant","12":"product_tag-jumper","13":"product_tag-kapagi","15":"first","16":"instock","17":"sale","18":"taxable","19":"shipping-taxable","20":"purchasable","21":"product-type-simple"},"_links":{"self":[{"href":"https:\/\/depodanmusteriye.com\/urunler\/wp-json\/wp\/v2\/product\/13135","targetHints":{"allow":["GET"]}}],"collection":[{"href":"https:\/\/depodanmusteriye.com\/urunler\/wp-json\/wp\/v2\/product"}],"about":[{"href":"https:\/\/depodanmusteriye.com\/urunler\/wp-json\/wp\/v2\/types\/product"}],"replies":[{"embeddable":true,"href":"https:\/\/depodanmusteriye.com\/urunler\/wp-json\/wp\/v2\/comments?post=13135"}],"version-history":[{"count":0,"href":"https:\/\/depodanmusteriye.com\/urunler\/wp-json\/wp\/v2\/product\/13135\/revisions"}],"wp:featuredmedia":[{"embeddable":true,"href":"https:\/\/depodanmusteriye.com\/urunler\/wp-json\/wp\/v2\/media\/13134"}],"wp:attachment":[{"href":"https:\/\/depodanmusteriye.com\/urunler\/wp-json\/wp\/v2\/media?parent=13135"}],"wp:term":[{"taxonomy":"product_brand","embeddable":true,"href":"https:\/\/depodanmusteriye.com\/urunler\/wp-json\/wp\/v2\/product_brand?post=13135"},{"taxonomy":"product_cat","embeddable":true,"href":"https:\/\/depodanmusteriye.com\/urunler\/wp-json\/wp\/v2\/product_cat?post=13135"},{"taxonomy":"product_tag","embeddable":true,"href":"https:\/\/depodanmusteriye.com\/urunler\/wp-json\/wp\/v2\/product_tag?post=13135"}],"curies":[{"name":"wp","href":"https:\/\/api.w.org\/{rel}","templated":true}]}}