{"id":13133,"date":"2025-12-02T21:23:01","date_gmt":"2025-12-02T21:23:01","guid":{"rendered":"https:\/\/b2b.depodanmusteriye.com\/urun\/yuksek-basinc-regulatoru-doblo-1-3jtd-euro5-6-1-6jtd-euro6-2-0d-egea-1-3jtd-euro5-6-1-6jtd-ducato-2-0jtd-eng-250-a1-000-250-a2-000-freemont-2-0jtd-linea-1-3jtd-euro5\/"},"modified":"2025-12-03T18:08:32","modified_gmt":"2025-12-03T18:08:32","slug":"yuksek-basinc-regulatoru-doblo-1-3jtd-euro5-6-1-6jtd-euro6-2-0d-egea-1-3jtd-euro5-6-1-6jtd-ducato-2-0jtd-eng-250-a1-000-250-a2-000-freemont-2-0jtd-linea-1-3jtd-euro5","status":"publish","type":"product","link":"https:\/\/depodanmusteriye.com\/urunler\/urun\/yuksek-basinc-regulatoru-doblo-1-3jtd-euro5-6-1-6jtd-euro6-2-0d-egea-1-3jtd-euro5-6-1-6jtd-ducato-2-0jtd-eng-250-a1-000-250-a2-000-freemont-2-0jtd-linea-1-3jtd-euro5\/","title":{"rendered":"Y\u00dcKSEK BASIN\u00c7 REGULAT\u00d6R\u00dc DOBLO 1.3JTD Euro5\/6-1.6JTD Euro6-2.0D-EGEA 1.3JTD Euro5\/6-1.6JTD-DUCATO 2.0JTD ENG.250 A1.000-250 A2.000 -FREEMONT 2.0JTD-LINEA 1.3JTD Euro5"},"content":{"rendered":"<h4><\/p>\n<h4> <b>1 ADET F\u0130YATIDIR<\/b> <\/h4>\n<p>Y\u00dcKSEK BASIN\u00c7 REGULAT\u00d6R\u00dc DOBLO 1.3JTD Euro5\/6-1.6JTD Euro6-2.0D-EGEA 1.3JTD Euro5\/6-1.6JTD-DUCATO 2.0JTD ENG.250 A1.000-250 A2.000 -FREEMONT 2.0JTD-LINEA 1.3JTD Euro5<\/p>\n<p><b>\u00dcretici Markas\u0131 : BOSCH<\/b><\/p>\n<p><b>\u00dcretici Kodu : 0928400825<\/b><\/p>\n<p><b>1 ADET F\u0130YATIDIR<\/b><\/p>\n<\/h4>\n<p><\/p>\n","protected":false},"excerpt":{"rendered":"<p>Y\u00dcKSEK BASIN\u00c7 REGULAT\u00d6R\u00dc DOBLO 1.3JTD Euro5\/6-1.6JTD Euro6-2.0D-EGEA 1.3JTD Euro5\/6-1.6JTD-DUCATO 2.0JTD ENG.250 A1.000-250 A2.000 -FREEMONT 2.0JTD-LINEA 1.3JTD Euro5<\/p>\n","protected":false},"featured_media":13132,"comment_status":"open","ping_status":"closed","template":"","meta":[],"product_brand":[],"product_cat":[875,372],"product_tag":[2639,2632,2636,2640,2638,1307,2259,1371,2637,2641,2633,2635,2634,2631,2630],"class_list":{"0":"post-13133","1":"product","2":"type-product","3":"status-publish","4":"has-post-thumbnail","6":"product_cat-oto-kompresor","7":"product_cat-otomotiv","8":"product_tag-freemont","9":"product_tag-1-3jtd","10":"product_tag-2-0jtd","11":"product_tag-2-0jtd-linea","12":"product_tag-a1-000-250","13":"product_tag-a2-000","14":"product_tag-basinc","15":"product_tag-doblo","16":"product_tag-eng-250","17":"product_tag-euro5","18":"product_tag-euro5-6-1-6jtd","19":"product_tag-euro5-6-1-6jtd-ducato","20":"product_tag-euro6-2-0d-egea","21":"product_tag-regulatoru","22":"product_tag-yuksek","24":"first","25":"instock","26":"sale","27":"taxable","28":"shipping-taxable","29":"purchasable","30":"product-type-simple"},"_links":{"self":[{"href":"https:\/\/depodanmusteriye.com\/urunler\/wp-json\/wp\/v2\/product\/13133","targetHints":{"allow":["GET"]}}],"collection":[{"href":"https:\/\/depodanmusteriye.com\/urunler\/wp-json\/wp\/v2\/product"}],"about":[{"href":"https:\/\/depodanmusteriye.com\/urunler\/wp-json\/wp\/v2\/types\/product"}],"replies":[{"embeddable":true,"href":"https:\/\/depodanmusteriye.com\/urunler\/wp-json\/wp\/v2\/comments?post=13133"}],"version-history":[{"count":0,"href":"https:\/\/depodanmusteriye.com\/urunler\/wp-json\/wp\/v2\/product\/13133\/revisions"}],"wp:featuredmedia":[{"embeddable":true,"href":"https:\/\/depodanmusteriye.com\/urunler\/wp-json\/wp\/v2\/media\/13132"}],"wp:attachment":[{"href":"https:\/\/depodanmusteriye.com\/urunler\/wp-json\/wp\/v2\/media?parent=13133"}],"wp:term":[{"taxonomy":"product_brand","embeddable":true,"href":"https:\/\/depodanmusteriye.com\/urunler\/wp-json\/wp\/v2\/product_brand?post=13133"},{"taxonomy":"product_cat","embeddable":true,"href":"https:\/\/depodanmusteriye.com\/urunler\/wp-json\/wp\/v2\/product_cat?post=13133"},{"taxonomy":"product_tag","embeddable":true,"href":"https:\/\/depodanmusteriye.com\/urunler\/wp-json\/wp\/v2\/product_tag?post=13133"}],"curies":[{"name":"wp","href":"https:\/\/api.w.org\/{rel}","templated":true}]}}