{"id":129754,"date":"2025-12-09T19:07:01","date_gmt":"2025-12-09T19:07:01","guid":{"rendered":"https:\/\/b2b.depodanmusteriye.com\/urun\/newface-iphone-12-pro-kilif-mega-standli-silikon-siyah\/"},"modified":"2025-12-09T19:07:01","modified_gmt":"2025-12-09T19:07:01","slug":"newface-iphone-12-pro-kilif-mega-standli-silikon-siyah","status":"publish","type":"product","link":"https:\/\/depodanmusteriye.com\/urunler\/urun\/newface-iphone-12-pro-kilif-mega-standli-silikon-siyah\/","title":{"rendered":"Newface iPhone 12 Pro K\u0131l\u0131f Mega Standl\u0131 Silikon &#8211; Siyah"},"content":{"rendered":"<h4>Newface iPhone 12 Pro K\u0131l\u0131f Mega Standl\u0131 Silikon &#8211; Siyah<\/p>\n<p><b>NEWFACE MEGA STANDLI S\u0130L\u0130KON<\/b><\/p>\n<p><b><br \/><\/b><\/p>\n<p><img decoding=\"async\" src=\"https:\/\/www.newface.com.tr\/img\/descriptions\/63ee093205425.jpg\" style=\"width: 100%\"><\/p>\n<p><\/p>\n<p>&lt;a href=&quot;http:\/\/<\/a><\/p>\n<p><b>1 adet fiyat\u0131d\u0131r<\/b> <\/p>\n<p><p><b>\u00dcretici Markas\u0131 : NEWFACE<\/b><\/p>\n<p><b>\u00dcretici Kodu : 8683140852252<\/b><\/p>\n<p><b>1 ADET F\u0130YATIDIR<\/b><\/p>\n<\/h4>\n<p><\/p>\n","protected":false},"excerpt":{"rendered":"<p>Newface iPhone 12 Pro K\u0131l\u0131f Mega Standl\u0131 Silikon &#8211; Siyah<\/p>\n","protected":false},"featured_media":129750,"comment_status":"open","ping_status":"closed","template":"","meta":[],"product_brand":[],"product_cat":[457,374],"product_tag":[2097,1950,1514,3131,1510,2484,2486,1391,2787],"class_list":{"0":"post-129754","1":"product","2":"type-product","3":"status-publish","4":"has-post-thumbnail","6":"product_cat-kapak-and-kilif","7":"product_cat-mobil-aksesuar","8":"product_tag-2097","9":"product_tag-iphone","10":"product_tag-kilif","11":"product_tag-mega","12":"product_tag-newface","13":"product_tag-pro","14":"product_tag-silikon","15":"product_tag-siyah","16":"product_tag-standli","18":"first","19":"instock","20":"taxable","21":"shipping-taxable","22":"purchasable","23":"product-type-simple"},"_links":{"self":[{"href":"https:\/\/depodanmusteriye.com\/urunler\/wp-json\/wp\/v2\/product\/129754","targetHints":{"allow":["GET"]}}],"collection":[{"href":"https:\/\/depodanmusteriye.com\/urunler\/wp-json\/wp\/v2\/product"}],"about":[{"href":"https:\/\/depodanmusteriye.com\/urunler\/wp-json\/wp\/v2\/types\/product"}],"replies":[{"embeddable":true,"href":"https:\/\/depodanmusteriye.com\/urunler\/wp-json\/wp\/v2\/comments?post=129754"}],"version-history":[{"count":0,"href":"https:\/\/depodanmusteriye.com\/urunler\/wp-json\/wp\/v2\/product\/129754\/revisions"}],"wp:featuredmedia":[{"embeddable":true,"href":"https:\/\/depodanmusteriye.com\/urunler\/wp-json\/wp\/v2\/media\/129750"}],"wp:attachment":[{"href":"https:\/\/depodanmusteriye.com\/urunler\/wp-json\/wp\/v2\/media?parent=129754"}],"wp:term":[{"taxonomy":"product_brand","embeddable":true,"href":"https:\/\/depodanmusteriye.com\/urunler\/wp-json\/wp\/v2\/product_brand?post=129754"},{"taxonomy":"product_cat","embeddable":true,"href":"https:\/\/depodanmusteriye.com\/urunler\/wp-json\/wp\/v2\/product_cat?post=129754"},{"taxonomy":"product_tag","embeddable":true,"href":"https:\/\/depodanmusteriye.com\/urunler\/wp-json\/wp\/v2\/product_tag?post=129754"}],"curies":[{"name":"wp","href":"https:\/\/api.w.org\/{rel}","templated":true}]}}