{"id":12744,"date":"2025-11-21T12:44:13","date_gmt":"2025-11-21T12:44:13","guid":{"rendered":"https:\/\/b2b.depodanmusteriye.com\/index.php\/\/urun\/ocean-duz-tirnak-makasi-gumus-rengi\/"},"modified":"2025-12-03T18:45:22","modified_gmt":"2025-12-03T18:45:22","slug":"ocean-duz-tirnak-makasi-gumus-rengi","status":"publish","type":"product","link":"https:\/\/depodanmusteriye.com\/urunler\/urun\/ocean-duz-tirnak-makasi-gumus-rengi\/","title":{"rendered":"Ocean D\u00fcz T\u0131rnak Makas\u0131-G\u00fcm\u00fc\u015f Rengi"},"content":{"rendered":"<h4>\n<p>Ocean D\u00fcz T\u0131rnak Makas\u0131-G\u00fcm\u00fc\u015f Rengi<\/p>\n<p> Ocean D\u00fcz T\u0131rnak Makas\u0131 <\/p>\n<p><b>1 adet fiyat\u0131d\u0131r<\/b> <\/p>\n<p><p><b>\u00dcretici Markas\u0131 : ZERO<\/b><\/p>\n<p><b>\u00dcretici Kodu : 11480099G\u00fcm\u00fc\u015f<\/b><\/p>\n<p><b>1 ADET F\u0130YATIDIR<\/b><\/p>\n<\/h4>\n","protected":false},"excerpt":{"rendered":"<p>Ocean D\u00fcz T\u0131rnak Makas\u0131-G\u00fcm\u00fc\u015f Rengi<\/p>\n","protected":false},"featured_media":12741,"comment_status":"open","ping_status":"closed","template":"","meta":[],"product_brand":[],"product_cat":[371,957],"product_tag":[2146,2147,2075,2085,1564],"class_list":{"0":"post-12744","1":"product","2":"type-product","3":"status-publish","4":"has-post-thumbnail","6":"product_cat-bijuteri-hediyelik","7":"product_cat-tirnak-makasi","8":"product_tag-duz","9":"product_tag-makasi-gumus","10":"product_tag-ocean","11":"product_tag-rengi","12":"product_tag-tirnak","13":"pa_brand-zero","15":"first","16":"instock","17":"sale","18":"taxable","19":"shipping-taxable","20":"purchasable","21":"product-type-simple"},"_links":{"self":[{"href":"https:\/\/depodanmusteriye.com\/urunler\/wp-json\/wp\/v2\/product\/12744","targetHints":{"allow":["GET"]}}],"collection":[{"href":"https:\/\/depodanmusteriye.com\/urunler\/wp-json\/wp\/v2\/product"}],"about":[{"href":"https:\/\/depodanmusteriye.com\/urunler\/wp-json\/wp\/v2\/types\/product"}],"replies":[{"embeddable":true,"href":"https:\/\/depodanmusteriye.com\/urunler\/wp-json\/wp\/v2\/comments?post=12744"}],"version-history":[{"count":0,"href":"https:\/\/depodanmusteriye.com\/urunler\/wp-json\/wp\/v2\/product\/12744\/revisions"}],"wp:featuredmedia":[{"embeddable":true,"href":"https:\/\/depodanmusteriye.com\/urunler\/wp-json\/wp\/v2\/media\/12741"}],"wp:attachment":[{"href":"https:\/\/depodanmusteriye.com\/urunler\/wp-json\/wp\/v2\/media?parent=12744"}],"wp:term":[{"taxonomy":"product_brand","embeddable":true,"href":"https:\/\/depodanmusteriye.com\/urunler\/wp-json\/wp\/v2\/product_brand?post=12744"},{"taxonomy":"product_cat","embeddable":true,"href":"https:\/\/depodanmusteriye.com\/urunler\/wp-json\/wp\/v2\/product_cat?post=12744"},{"taxonomy":"product_tag","embeddable":true,"href":"https:\/\/depodanmusteriye.com\/urunler\/wp-json\/wp\/v2\/product_tag?post=12744"}],"curies":[{"name":"wp","href":"https:\/\/api.w.org\/{rel}","templated":true}]}}