{"id":12729,"date":"2025-11-21T12:43:31","date_gmt":"2025-11-21T12:43:31","guid":{"rendered":"https:\/\/b2b.depodanmusteriye.com\/index.php\/\/urun\/ronassi-kas-kalemi-acik-kahverengi\/"},"modified":"2025-12-03T18:45:00","modified_gmt":"2025-12-03T18:45:00","slug":"ronassi-kas-kalemi-acik-kahverengi","status":"publish","type":"product","link":"https:\/\/depodanmusteriye.com\/urunler\/urun\/ronassi-kas-kalemi-acik-kahverengi\/","title":{"rendered":"Ronassi Ka\u015f Kalemi-A\u00e7\u0131k Kahverengi"},"content":{"rendered":"<h4>\n<p>Ronassi Ka\u015f Kalemi-A\u00e7\u0131k Kahverengi<\/p>\n<p> Ronassi Ka\u015f Kalemi <\/p>\n<p><b>1 adet fiyat\u0131d\u0131r<\/b> <\/p>\n<p><p><b>\u00dcretici Markas\u0131 : ZERO<\/b><\/p>\n<p><b>\u00dcretici Kodu : 11592815A\u00e7\u0131kKahve<\/b><\/p>\n<p><b>1 ADET F\u0130YATIDIR<\/b><\/p>\n<\/h4>\n","protected":false},"excerpt":{"rendered":"<p>Ronassi Ka\u015f Kalemi-A\u00e7\u0131k Kahverengi<\/p>\n","protected":false},"featured_media":12726,"comment_status":"open","ping_status":"closed","template":"","meta":[],"product_brand":[],"product_cat":[371,447],"product_tag":[1588,2136,2135,2134],"class_list":{"0":"post-12729","1":"product","2":"type-product","3":"status-publish","4":"has-post-thumbnail","6":"product_cat-bijuteri-hediyelik","7":"product_cat-kas-kalemi-and-kas-fari","8":"product_tag-kahverengi","9":"product_tag-kalemi-acik","10":"product_tag-kas","11":"product_tag-ronassi","12":"pa_brand-zero","14":"first","15":"instock","16":"sale","17":"taxable","18":"shipping-taxable","19":"purchasable","20":"product-type-simple"},"_links":{"self":[{"href":"https:\/\/depodanmusteriye.com\/urunler\/wp-json\/wp\/v2\/product\/12729","targetHints":{"allow":["GET"]}}],"collection":[{"href":"https:\/\/depodanmusteriye.com\/urunler\/wp-json\/wp\/v2\/product"}],"about":[{"href":"https:\/\/depodanmusteriye.com\/urunler\/wp-json\/wp\/v2\/types\/product"}],"replies":[{"embeddable":true,"href":"https:\/\/depodanmusteriye.com\/urunler\/wp-json\/wp\/v2\/comments?post=12729"}],"version-history":[{"count":0,"href":"https:\/\/depodanmusteriye.com\/urunler\/wp-json\/wp\/v2\/product\/12729\/revisions"}],"wp:featuredmedia":[{"embeddable":true,"href":"https:\/\/depodanmusteriye.com\/urunler\/wp-json\/wp\/v2\/media\/12726"}],"wp:attachment":[{"href":"https:\/\/depodanmusteriye.com\/urunler\/wp-json\/wp\/v2\/media?parent=12729"}],"wp:term":[{"taxonomy":"product_brand","embeddable":true,"href":"https:\/\/depodanmusteriye.com\/urunler\/wp-json\/wp\/v2\/product_brand?post=12729"},{"taxonomy":"product_cat","embeddable":true,"href":"https:\/\/depodanmusteriye.com\/urunler\/wp-json\/wp\/v2\/product_cat?post=12729"},{"taxonomy":"product_tag","embeddable":true,"href":"https:\/\/depodanmusteriye.com\/urunler\/wp-json\/wp\/v2\/product_tag?post=12729"}],"curies":[{"name":"wp","href":"https:\/\/api.w.org\/{rel}","templated":true}]}}