{"id":12687,"date":"2025-11-21T12:41:36","date_gmt":"2025-11-21T12:41:36","guid":{"rendered":"https:\/\/b2b.depodanmusteriye.com\/index.php\/\/urun\/12-mm-silindir-piercing-1-adet-siyah\/"},"modified":"2025-12-03T18:43:20","modified_gmt":"2025-12-03T18:43:20","slug":"12-mm-silindir-piercing-1-adet-siyah","status":"publish","type":"product","link":"https:\/\/depodanmusteriye.com\/urunler\/urun\/12-mm-silindir-piercing-1-adet-siyah\/","title":{"rendered":"12 mm Silindir Piercing 1 Adet-Siyah"},"content":{"rendered":"<h4>\n<p>12 mm Silindir Piercing 1 Adet-Siyah<\/p>\n<p> Piercing : \u00dcr\u00fcn malzemesi metaldir. 1 adet fiyat\u0131d\u0131r. \u00dcr\u00fcn boyu 12 mmdir. <\/p>\n<p><b>1 adet fiyat\u0131d\u0131r<\/b> <\/p>\n<p><p><b>\u00dcretici Markas\u0131 : ZERO<\/b><\/p>\n<p><b>\u00dcretici Kodu : 11606543Siyah<\/b><\/p>\n<p><b>1 ADET F\u0130YATIDIR<\/b><\/p>\n<\/h4>\n","protected":false},"excerpt":{"rendered":"<p>12 mm Silindir Piercing 1 Adet-Siyah<\/p>\n","protected":false},"featured_media":12685,"comment_status":"open","ping_status":"closed","template":"","meta":[],"product_brand":[],"product_cat":[371,764],"product_tag":[1056,2097,2101,2098,2100,2099],"class_list":{"0":"post-12687","1":"product","2":"type-product","3":"status-publish","4":"has-post-thumbnail","6":"product_cat-bijuteri-hediyelik","7":"product_cat-piercing","8":"product_tag-1056","9":"product_tag-2097","10":"product_tag-adet-siyah","11":"product_tag-mm","12":"product_tag-piercing","13":"product_tag-silindir","14":"pa_brand-zero","16":"first","17":"instock","18":"sale","19":"taxable","20":"shipping-taxable","21":"purchasable","22":"product-type-simple"},"_links":{"self":[{"href":"https:\/\/depodanmusteriye.com\/urunler\/wp-json\/wp\/v2\/product\/12687","targetHints":{"allow":["GET"]}}],"collection":[{"href":"https:\/\/depodanmusteriye.com\/urunler\/wp-json\/wp\/v2\/product"}],"about":[{"href":"https:\/\/depodanmusteriye.com\/urunler\/wp-json\/wp\/v2\/types\/product"}],"replies":[{"embeddable":true,"href":"https:\/\/depodanmusteriye.com\/urunler\/wp-json\/wp\/v2\/comments?post=12687"}],"version-history":[{"count":0,"href":"https:\/\/depodanmusteriye.com\/urunler\/wp-json\/wp\/v2\/product\/12687\/revisions"}],"wp:featuredmedia":[{"embeddable":true,"href":"https:\/\/depodanmusteriye.com\/urunler\/wp-json\/wp\/v2\/media\/12685"}],"wp:attachment":[{"href":"https:\/\/depodanmusteriye.com\/urunler\/wp-json\/wp\/v2\/media?parent=12687"}],"wp:term":[{"taxonomy":"product_brand","embeddable":true,"href":"https:\/\/depodanmusteriye.com\/urunler\/wp-json\/wp\/v2\/product_brand?post=12687"},{"taxonomy":"product_cat","embeddable":true,"href":"https:\/\/depodanmusteriye.com\/urunler\/wp-json\/wp\/v2\/product_cat?post=12687"},{"taxonomy":"product_tag","embeddable":true,"href":"https:\/\/depodanmusteriye.com\/urunler\/wp-json\/wp\/v2\/product_tag?post=12687"}],"curies":[{"name":"wp","href":"https:\/\/api.w.org\/{rel}","templated":true}]}}