{"id":12635,"date":"2025-11-21T12:38:51","date_gmt":"2025-11-21T12:38:51","guid":{"rendered":"https:\/\/b2b.depodanmusteriye.com\/index.php\/\/urun\/bff-polar-boyunluk-beyaz\/"},"modified":"2025-12-03T18:40:54","modified_gmt":"2025-12-03T18:40:54","slug":"bff-polar-boyunluk-beyaz","status":"publish","type":"product","link":"https:\/\/depodanmusteriye.com\/urunler\/urun\/bff-polar-boyunluk-beyaz\/","title":{"rendered":"Bff Polar Boyunluk-Beyaz"},"content":{"rendered":"<h4>\n<p>Bff Polar Boyunluk-Beyaz<\/p>\n<p> Baf; Malzemesi \u0130p ve Polard\u0131r. Hem Boyunluk hemde bere olarak kullan\u0131labilir. <\/p>\n<p><b>1 adet fiyat\u0131d\u0131r<\/b> <\/p>\n<p><p><b>\u00dcretici Markas\u0131 : ZERO<\/b><\/p>\n<p><b>\u00dcretici Kodu : 11590477Beyaz<\/b><\/p>\n<p><b>1 ADET F\u0130YATIDIR<\/b><\/p>\n<\/h4>\n","protected":false},"excerpt":{"rendered":"<p>Bff Polar Boyunluk-Beyaz<\/p>\n","protected":false},"featured_media":12629,"comment_status":"open","ping_status":"closed","template":"","meta":[],"product_brand":[],"product_cat":[383,371],"product_tag":[2042,2044,2043],"class_list":{"0":"post-12635","1":"product","2":"type-product","3":"status-publish","4":"has-post-thumbnail","6":"product_cat-atki","7":"product_cat-bijuteri-hediyelik","8":"product_tag-bff","9":"product_tag-boyunluk-beyaz","10":"product_tag-polar","11":"pa_brand-zero","13":"first","14":"instock","15":"sale","16":"taxable","17":"shipping-taxable","18":"purchasable","19":"product-type-simple"},"_links":{"self":[{"href":"https:\/\/depodanmusteriye.com\/urunler\/wp-json\/wp\/v2\/product\/12635","targetHints":{"allow":["GET"]}}],"collection":[{"href":"https:\/\/depodanmusteriye.com\/urunler\/wp-json\/wp\/v2\/product"}],"about":[{"href":"https:\/\/depodanmusteriye.com\/urunler\/wp-json\/wp\/v2\/types\/product"}],"replies":[{"embeddable":true,"href":"https:\/\/depodanmusteriye.com\/urunler\/wp-json\/wp\/v2\/comments?post=12635"}],"version-history":[{"count":0,"href":"https:\/\/depodanmusteriye.com\/urunler\/wp-json\/wp\/v2\/product\/12635\/revisions"}],"wp:featuredmedia":[{"embeddable":true,"href":"https:\/\/depodanmusteriye.com\/urunler\/wp-json\/wp\/v2\/media\/12629"}],"wp:attachment":[{"href":"https:\/\/depodanmusteriye.com\/urunler\/wp-json\/wp\/v2\/media?parent=12635"}],"wp:term":[{"taxonomy":"product_brand","embeddable":true,"href":"https:\/\/depodanmusteriye.com\/urunler\/wp-json\/wp\/v2\/product_brand?post=12635"},{"taxonomy":"product_cat","embeddable":true,"href":"https:\/\/depodanmusteriye.com\/urunler\/wp-json\/wp\/v2\/product_cat?post=12635"},{"taxonomy":"product_tag","embeddable":true,"href":"https:\/\/depodanmusteriye.com\/urunler\/wp-json\/wp\/v2\/product_tag?post=12635"}],"curies":[{"name":"wp","href":"https:\/\/api.w.org\/{rel}","templated":true}]}}