{"id":12628,"date":"2025-11-21T12:38:38","date_gmt":"2025-11-21T12:38:38","guid":{"rendered":"https:\/\/b2b.depodanmusteriye.com\/index.php\/\/urun\/klipsli-3-delikli-kupe-karti-kahverengi\/"},"modified":"2025-12-03T18:40:52","modified_gmt":"2025-12-03T18:40:52","slug":"klipsli-3-delikli-kupe-karti-kahverengi","status":"publish","type":"product","link":"https:\/\/depodanmusteriye.com\/urunler\/urun\/klipsli-3-delikli-kupe-karti-kahverengi\/","title":{"rendered":"Kl\u0131psli 3 Delikli K\u00fcpe Kart\u0131-Kahverengi"},"content":{"rendered":"<h4>\n<p>Kl\u0131psli 3 Delikli K\u00fcpe Kart\u0131-Kahverengi<\/p>\n<p> Kupe kart\u0131, 300 gr ku\u015fe ka\u011f\u0131d\u0131ndan \u00fcretilmi\u015ftir., oval kesimli, fiyat bir ba\u011f i\u00e7in ge\u00e7erlidir. Bir ba\u011f da 200 adet bulunmaktad\u0131r. <\/p>\n<p><b>1 adet fiyat\u0131d\u0131r<\/b> <\/p>\n<p><p><b>\u00dcretici Markas\u0131 : ZERO<\/b><\/p>\n<p><b>\u00dcretici Kodu : 10544372Kahve<\/b><\/p>\n<p><b>1 ADET F\u0130YATIDIR<\/b><\/p>\n<\/h4>\n","protected":false},"excerpt":{"rendered":"<p>Kl\u0131psli 3 Delikli K\u00fcpe Kart\u0131-Kahverengi<\/p>\n","protected":false},"featured_media":12626,"comment_status":"open","ping_status":"closed","template":"","meta":[],"product_brand":[],"product_cat":[371,499],"product_tag":[1350,2039,2041,2038,2040],"class_list":{"0":"post-12628","1":"product","2":"type-product","3":"status-publish","4":"has-post-thumbnail","6":"product_cat-bijuteri-hediyelik","7":"product_cat-bijuteri-kupe","8":"product_tag-1350","9":"product_tag-delikli","10":"product_tag-karti-kahverengi","11":"product_tag-klipsli","12":"product_tag-kupe","13":"pa_brand-zero","15":"first","16":"instock","17":"sale","18":"taxable","19":"shipping-taxable","20":"purchasable","21":"product-type-simple"},"_links":{"self":[{"href":"https:\/\/depodanmusteriye.com\/urunler\/wp-json\/wp\/v2\/product\/12628","targetHints":{"allow":["GET"]}}],"collection":[{"href":"https:\/\/depodanmusteriye.com\/urunler\/wp-json\/wp\/v2\/product"}],"about":[{"href":"https:\/\/depodanmusteriye.com\/urunler\/wp-json\/wp\/v2\/types\/product"}],"replies":[{"embeddable":true,"href":"https:\/\/depodanmusteriye.com\/urunler\/wp-json\/wp\/v2\/comments?post=12628"}],"version-history":[{"count":0,"href":"https:\/\/depodanmusteriye.com\/urunler\/wp-json\/wp\/v2\/product\/12628\/revisions"}],"wp:featuredmedia":[{"embeddable":true,"href":"https:\/\/depodanmusteriye.com\/urunler\/wp-json\/wp\/v2\/media\/12626"}],"wp:attachment":[{"href":"https:\/\/depodanmusteriye.com\/urunler\/wp-json\/wp\/v2\/media?parent=12628"}],"wp:term":[{"taxonomy":"product_brand","embeddable":true,"href":"https:\/\/depodanmusteriye.com\/urunler\/wp-json\/wp\/v2\/product_brand?post=12628"},{"taxonomy":"product_cat","embeddable":true,"href":"https:\/\/depodanmusteriye.com\/urunler\/wp-json\/wp\/v2\/product_cat?post=12628"},{"taxonomy":"product_tag","embeddable":true,"href":"https:\/\/depodanmusteriye.com\/urunler\/wp-json\/wp\/v2\/product_tag?post=12628"}],"curies":[{"name":"wp","href":"https:\/\/api.w.org\/{rel}","templated":true}]}}