{"id":12596,"date":"2025-11-21T12:33:21","date_gmt":"2025-11-21T12:33:21","guid":{"rendered":"https:\/\/b2b.depodanmusteriye.com\/index.php\/\/urun\/newface-shinecon-sc-b03-sanal-gerceklik-gozlugu-kumandasi-siyah\/"},"modified":"2025-12-03T18:34:10","modified_gmt":"2025-12-03T18:34:10","slug":"newface-shinecon-sc-b03-sanal-gerceklik-gozlugu-kumandasi-siyah","status":"publish","type":"product","link":"https:\/\/depodanmusteriye.com\/urunler\/urun\/newface-shinecon-sc-b03-sanal-gerceklik-gozlugu-kumandasi-siyah\/","title":{"rendered":"Newface Shinecon SC-B03 Sanal Ger\u00e7eklik G\u00f6zl\u00fc\u011f\u00fc Kumandas\u0131 &#8211; Siyah"},"content":{"rendered":"<h4>Newface Shinecon SC-B03 Sanal Ger\u00e7eklik G\u00f6zl\u00fc\u011f\u00fc Kumandas\u0131 &#8211; Siyah<\/p>\n<p>\n<p>\n<\/p>\n<\/p>\n<div><b>Newface Shinecon SC-B03 Sanal Ger\u00e7eklik G\u00f6zl\u00fc\u011f\u00fc Kumandas\u0131<\/b><\/div>\n<div><\/div>\n<\/p>\n<\/p>\n<p><img decoding=\"async\" src=\"https:\/\/www.newface.com.tr\/img\/descriptions\/64198c2604c14.jpg\" style=\"font-size: 1rem;width: 50%\"><\/p>\n<p><\/p>\n<p><img decoding=\"async\" src=\"https:\/\/www.newface.com.tr\/img\/descriptions\/6502bbc4a1cac.jpg\" style=\"width: 50%\"><\/p>\n<p><\/p>\n<p><img decoding=\"async\" src=\"https:\/\/www.newface.com.tr\/img\/descriptions\/6502bbd8b005e.jpg\" style=\"width: 50%\"><\/p>\n<p><\/p>\n<p><img decoding=\"async\" src=\"https:\/\/www.newface.com.tr\/img\/descriptions\/6502bbe568e68.jpg\" style=\"width: 50%\"><\/p>\n<p><\/p>\n<p><img decoding=\"async\" src=\"https:\/\/www.newface.com.tr\/img\/descriptions\/6502bcf1be7dc.jpg\" style=\"width: 50%\"><\/p>\n<p><\/p>\n<p><img decoding=\"async\" src=\"https:\/\/www.newface.com.tr\/img\/descriptions\/6502bcfc2387d.jpg\" style=\"width: 50%\"> <\/p>\n<p><b>1 adet fiyat\u0131d\u0131r<\/b> <\/p>\n<p><p><b>\u00dcretici Markas\u0131 : NEWFACE<\/b><\/p>\n<p><b>\u00dcretici Kodu : 8683140556723<\/b><\/p>\n<p><b>1 ADET F\u0130YATIDIR<\/b><\/p>\n<\/h4>\n","protected":false},"excerpt":{"rendered":"<p>Newface Shinecon SC-B03 Sanal Ger\u00e7eklik G\u00f6zl\u00fc\u011f\u00fc Kumandas\u0131 &#8211; Siyah<\/p>\n","protected":false},"featured_media":12586,"comment_status":"open","ping_status":"closed","template":"","meta":[],"product_brand":[],"product_cat":[374,631],"product_tag":[1999,2000,2001,1510,1998,1997,1996,1391],"class_list":{"0":"post-12596","1":"product","2":"type-product","3":"status-publish","4":"has-post-thumbnail","6":"product_cat-mobil-aksesuar","7":"product_cat-sanal-gerceklik-gozlugu","8":"product_tag-gerceklik","9":"product_tag-gozlugu","10":"product_tag-kumandasi","11":"product_tag-newface","12":"product_tag-sanal","13":"product_tag-sc-b03","14":"product_tag-shinecon","15":"product_tag-siyah","16":"pa_brand-newface","18":"first","19":"instock","20":"sale","21":"taxable","22":"shipping-taxable","23":"purchasable","24":"product-type-simple"},"_links":{"self":[{"href":"https:\/\/depodanmusteriye.com\/urunler\/wp-json\/wp\/v2\/product\/12596","targetHints":{"allow":["GET"]}}],"collection":[{"href":"https:\/\/depodanmusteriye.com\/urunler\/wp-json\/wp\/v2\/product"}],"about":[{"href":"https:\/\/depodanmusteriye.com\/urunler\/wp-json\/wp\/v2\/types\/product"}],"replies":[{"embeddable":true,"href":"https:\/\/depodanmusteriye.com\/urunler\/wp-json\/wp\/v2\/comments?post=12596"}],"version-history":[{"count":0,"href":"https:\/\/depodanmusteriye.com\/urunler\/wp-json\/wp\/v2\/product\/12596\/revisions"}],"wp:featuredmedia":[{"embeddable":true,"href":"https:\/\/depodanmusteriye.com\/urunler\/wp-json\/wp\/v2\/media\/12586"}],"wp:attachment":[{"href":"https:\/\/depodanmusteriye.com\/urunler\/wp-json\/wp\/v2\/media?parent=12596"}],"wp:term":[{"taxonomy":"product_brand","embeddable":true,"href":"https:\/\/depodanmusteriye.com\/urunler\/wp-json\/wp\/v2\/product_brand?post=12596"},{"taxonomy":"product_cat","embeddable":true,"href":"https:\/\/depodanmusteriye.com\/urunler\/wp-json\/wp\/v2\/product_cat?post=12596"},{"taxonomy":"product_tag","embeddable":true,"href":"https:\/\/depodanmusteriye.com\/urunler\/wp-json\/wp\/v2\/product_tag?post=12596"}],"curies":[{"name":"wp","href":"https:\/\/api.w.org\/{rel}","templated":true}]}}