{"id":12497,"date":"2025-11-21T12:23:20","date_gmt":"2025-11-21T12:23:20","guid":{"rendered":"https:\/\/b2b.depodanmusteriye.com\/index.php\/\/urun\/eurostar-bitki-tohum-glossostigma-elatinoides\/"},"modified":"2025-12-03T18:22:44","modified_gmt":"2025-12-03T18:22:44","slug":"eurostar-bitki-tohum-glossostigma-elatinoides","status":"publish","type":"product","link":"https:\/\/depodanmusteriye.com\/urunler\/urun\/eurostar-bitki-tohum-glossostigma-elatinoides\/","title":{"rendered":"EuroStar Bitki Tohum Glossostigma Elatinoides"},"content":{"rendered":"<h4><P><STRONG>EuroStar Bitki Tohum Leaf Base Plant<STRONG><br \/>Akvaryum bitkisi tohumlar\u0131 kolayca b\u00fcy\u00fct\u00fclebilir.\u00c7imlendirme i\u015flemi s\u0131ras\u0131nda co2 sistemi gerektirmez. Y\u00fcksek \u0131\u015f\u0131\u011fa ihtiya\u00e7 yoktur. Mutlaka bitki geli\u015fimi i\u00e7in uygun taban malzemeleri kullan\u0131lmal\u0131d\u0131r.<P><br \/>\n<P>Ortam s\u0131cakl\u0131\u011f\u0131 23-25 derece aras\u0131nda olmal\u0131d\u0131r.<br \/>S\u0131cakl\u0131\u011f\u0131n daha d\u00fc\u015f\u00fck ve ya daha y\u00fcksek olmas\u0131 durumunda tohumlar bozulacakt\u0131r.<br \/>Kutu i\u00e7eri\u011findeki tohum 30&#215;30 cm lik alan\u0131 tamamen kaplayacak miktardad\u0131r.<P><br \/>\n<P>Dikkat  Tohumlar suda y\u00fczece\u011finden bitmi\u015f bir akvaryuma sonradan eklenemez. \u00d6nce \u00e7imlendirme i\u015flemi yap\u0131l\u0131p sonra su eklenmelidir.<br \/>\u00c7imlendirme i\u015flemi bitip akvaryuma su eklendikten sonra bitkinin t\u00fcr\u00fcne uygun g\u00fcbreleme,\u0131\u015f\u0131k,\u0131s\u0131 ve co2 takviyeleri yap\u0131lmal\u0131d\u0131r.<\/p>\n<p>Kurulum a\u015famalar\u0131 hakk\u0131nda detayl\u0131 bilgi i\u00e7in kutu i\u00e7erisindeki klavuzu takip ediniz.<P><br \/>\n<P>-nbsp;<P> <\/p>\n<p><b>10 adet fiyat\u0131d\u0131r<\/b> <\/p>\n<p><p><b>\u00dcretici Markas\u0131 : EUROSTAR<\/b><\/p>\n<p><b>\u00dcretici Kodu : 4521501<\/b><\/p>\n<p><b>10 ADET F\u0130YATIDIR<\/b><\/p>\n<\/h4>\n","protected":false},"excerpt":{"rendered":"<p>EuroStar Bitki Tohum Glossostigma Elatinoides<\/p>\n","protected":false},"featured_media":12496,"comment_status":"open","ping_status":"closed","template":"","meta":[],"product_brand":[],"product_cat":[526,370],"product_tag":[1819,1822,1818,1821,1820],"class_list":{"0":"post-12497","1":"product","2":"type-product","3":"status-publish","4":"has-post-thumbnail","6":"product_cat-akvaryum-dekor-ve-aksesuari","7":"product_cat-pet-shop","8":"product_tag-bitki","9":"product_tag-elatinoides","10":"product_tag-eurostar","11":"product_tag-glossostigma","12":"product_tag-tohum","13":"pa_brand-eurostar","15":"first","16":"instock","17":"sale","18":"taxable","19":"shipping-taxable","20":"purchasable","21":"product-type-simple"},"_links":{"self":[{"href":"https:\/\/depodanmusteriye.com\/urunler\/wp-json\/wp\/v2\/product\/12497","targetHints":{"allow":["GET"]}}],"collection":[{"href":"https:\/\/depodanmusteriye.com\/urunler\/wp-json\/wp\/v2\/product"}],"about":[{"href":"https:\/\/depodanmusteriye.com\/urunler\/wp-json\/wp\/v2\/types\/product"}],"replies":[{"embeddable":true,"href":"https:\/\/depodanmusteriye.com\/urunler\/wp-json\/wp\/v2\/comments?post=12497"}],"version-history":[{"count":0,"href":"https:\/\/depodanmusteriye.com\/urunler\/wp-json\/wp\/v2\/product\/12497\/revisions"}],"wp:featuredmedia":[{"embeddable":true,"href":"https:\/\/depodanmusteriye.com\/urunler\/wp-json\/wp\/v2\/media\/12496"}],"wp:attachment":[{"href":"https:\/\/depodanmusteriye.com\/urunler\/wp-json\/wp\/v2\/media?parent=12497"}],"wp:term":[{"taxonomy":"product_brand","embeddable":true,"href":"https:\/\/depodanmusteriye.com\/urunler\/wp-json\/wp\/v2\/product_brand?post=12497"},{"taxonomy":"product_cat","embeddable":true,"href":"https:\/\/depodanmusteriye.com\/urunler\/wp-json\/wp\/v2\/product_cat?post=12497"},{"taxonomy":"product_tag","embeddable":true,"href":"https:\/\/depodanmusteriye.com\/urunler\/wp-json\/wp\/v2\/product_tag?post=12497"}],"curies":[{"name":"wp","href":"https:\/\/api.w.org\/{rel}","templated":true}]}}