{"id":12495,"date":"2025-11-21T12:23:06","date_gmt":"2025-11-21T12:23:06","guid":{"rendered":"https:\/\/b2b.depodanmusteriye.com\/index.php\/\/urun\/earldom-ot80-3in1-otg-donusturucu-siyah\/"},"modified":"2025-12-03T18:22:16","modified_gmt":"2025-12-03T18:22:16","slug":"earldom-ot80-3in1-otg-donusturucu-siyah","status":"publish","type":"product","link":"https:\/\/depodanmusteriye.com\/urunler\/urun\/earldom-ot80-3in1-otg-donusturucu-siyah\/","title":{"rendered":"Earldom OT80 3in1 Otg D\u00f6n\u00fc\u015ft\u00fcr\u00fcc\u00fc &#8211; Siyah"},"content":{"rendered":"<h4><\/p>\n<h4> <b>1 ADET F\u0130YATIDIR<\/b> <\/h4>\n<p><b>Earldom OT80 3in1 OTG D\u00f6n\u00fc\u015ft\u00fcr\u00fcc\u00fc<\/b><\/p>\n<p><b><br \/><\/b><\/p>\n<p><img decoding=\"async\" src=\"..\/img\/descriptions\/6492bab8d629e.jpg\" style=\"width: 50%\"><img decoding=\"async\" src=\"..\/img\/descriptions\/6492bac2ea5b2.jpg\" style=\"width: 50%\"><img decoding=\"async\" src=\"..\/img\/descriptions\/6492bac66a493.jpg\" style=\"width: 50%\"><img decoding=\"async\" src=\"..\/img\/descriptions\/6492baca535a1.jpg\" style=\"width: 50%\"><img decoding=\"async\" src=\"..\/img\/descriptions\/6492bacd80fe9.jpg\" style=\"width: 50%\"><img decoding=\"async\" src=\"..\/img\/descriptions\/6492bacf525eb.jpg\" style=\"width: 50%\"><img decoding=\"async\" src=\"..\/img\/descriptions\/6492bad14787e.jpg\" style=\"width: 50%\"> <br \/>  <strong> Renk :<\/strong> Siyah <br \/>  <strong> Uyumlu Marka :<\/strong> Yok <br \/>  <strong> Uyumlu Model :<\/strong> Yok<\/p>\n<p><b>\u00dcretici Markas\u0131 : NEWFACE<\/b><\/p>\n<p><b>\u00dcretici Kodu : 6973965933154<\/b><\/p>\n<p><b>1 ADET F\u0130YATIDIR<\/b><\/p>\n<\/h4>\n","protected":false},"excerpt":{"rendered":"<p>Earldom OT80 3in1 Otg D\u00f6n\u00fc\u015ft\u00fcr\u00fcc\u00fc &#8211; Siyah<\/p>\n","protected":false},"featured_media":12487,"comment_status":"open","ping_status":"closed","template":"","meta":[],"product_brand":[],"product_cat":[960,374],"product_tag":[1814,1816,1812,1813,1815,1391],"class_list":{"0":"post-12495","1":"product","2":"type-product","3":"status-publish","4":"has-post-thumbnail","6":"product_cat-cevirici-donusturucu","7":"product_cat-mobil-aksesuar","8":"product_tag-3in1","9":"product_tag-donusturucu","10":"product_tag-earldom","11":"product_tag-ot80","12":"product_tag-otg","13":"product_tag-siyah","14":"pa_brand-newface","16":"first","17":"instock","18":"sale","19":"taxable","20":"shipping-taxable","21":"purchasable","22":"product-type-simple"},"_links":{"self":[{"href":"https:\/\/depodanmusteriye.com\/urunler\/wp-json\/wp\/v2\/product\/12495","targetHints":{"allow":["GET"]}}],"collection":[{"href":"https:\/\/depodanmusteriye.com\/urunler\/wp-json\/wp\/v2\/product"}],"about":[{"href":"https:\/\/depodanmusteriye.com\/urunler\/wp-json\/wp\/v2\/types\/product"}],"replies":[{"embeddable":true,"href":"https:\/\/depodanmusteriye.com\/urunler\/wp-json\/wp\/v2\/comments?post=12495"}],"version-history":[{"count":0,"href":"https:\/\/depodanmusteriye.com\/urunler\/wp-json\/wp\/v2\/product\/12495\/revisions"}],"wp:featuredmedia":[{"embeddable":true,"href":"https:\/\/depodanmusteriye.com\/urunler\/wp-json\/wp\/v2\/media\/12487"}],"wp:attachment":[{"href":"https:\/\/depodanmusteriye.com\/urunler\/wp-json\/wp\/v2\/media?parent=12495"}],"wp:term":[{"taxonomy":"product_brand","embeddable":true,"href":"https:\/\/depodanmusteriye.com\/urunler\/wp-json\/wp\/v2\/product_brand?post=12495"},{"taxonomy":"product_cat","embeddable":true,"href":"https:\/\/depodanmusteriye.com\/urunler\/wp-json\/wp\/v2\/product_cat?post=12495"},{"taxonomy":"product_tag","embeddable":true,"href":"https:\/\/depodanmusteriye.com\/urunler\/wp-json\/wp\/v2\/product_tag?post=12495"}],"curies":[{"name":"wp","href":"https:\/\/api.w.org\/{rel}","templated":true}]}}