{"id":12350,"date":"2025-11-21T12:04:39","date_gmt":"2025-11-21T12:04:39","guid":{"rendered":"https:\/\/b2b.depodanmusteriye.com\/index.php\/\/urun\/karlie-ahsap-kus-salincagi\/"},"modified":"2025-11-21T12:04:39","modified_gmt":"2025-11-21T12:04:39","slug":"karlie-ahsap-kus-salincagi","status":"publish","type":"product","link":"https:\/\/depodanmusteriye.com\/urunler\/urun\/karlie-ahsap-kus-salincagi\/","title":{"rendered":"Karl\u0131e Ah\u015fap Ku\u015f Sal\u0131nca\u011f\u0131"},"content":{"rendered":"<h4>\n<p>AH\u015eAP T\u00dcNEKL\u0130 KU\u015e SALINCA\u011eI.&nbsp;<\/p>\n<p><b>1 adet fiyat\u0131d\u0131r<\/b> <\/p>\n<p><p><b>\u00dcretici Markas\u0131 : KARLIE<\/b><\/p>\n<p><b>\u00dcretici Kodu : 5415245096308<\/b><\/p>\n<p><b>1 ADET F\u0130YATIDIR<\/b><\/p>\n<\/h4>\n","protected":false},"excerpt":{"rendered":"<p>Karl\u0131e Ah\u015fap Ku\u015f Sal\u0131nca\u011f\u0131<\/p>\n","protected":false},"featured_media":12349,"comment_status":"open","ping_status":"closed","template":"","meta":[],"product_brand":[],"product_cat":[535,370],"product_tag":[1546,1545,1541,1547],"class_list":{"0":"post-12350","1":"product","2":"type-product","3":"status-publish","4":"has-post-thumbnail","6":"product_cat-kus-oyuncagi","7":"product_cat-pet-shop","8":"product_tag-ahsap","9":"product_tag-karlie","10":"product_tag-kus","11":"product_tag-salincagi","12":"pa_brand-karlie","14":"first","15":"instock","16":"taxable","17":"shipping-taxable","18":"purchasable","19":"product-type-simple"},"_links":{"self":[{"href":"https:\/\/depodanmusteriye.com\/urunler\/wp-json\/wp\/v2\/product\/12350","targetHints":{"allow":["GET"]}}],"collection":[{"href":"https:\/\/depodanmusteriye.com\/urunler\/wp-json\/wp\/v2\/product"}],"about":[{"href":"https:\/\/depodanmusteriye.com\/urunler\/wp-json\/wp\/v2\/types\/product"}],"replies":[{"embeddable":true,"href":"https:\/\/depodanmusteriye.com\/urunler\/wp-json\/wp\/v2\/comments?post=12350"}],"version-history":[{"count":0,"href":"https:\/\/depodanmusteriye.com\/urunler\/wp-json\/wp\/v2\/product\/12350\/revisions"}],"wp:featuredmedia":[{"embeddable":true,"href":"https:\/\/depodanmusteriye.com\/urunler\/wp-json\/wp\/v2\/media\/12349"}],"wp:attachment":[{"href":"https:\/\/depodanmusteriye.com\/urunler\/wp-json\/wp\/v2\/media?parent=12350"}],"wp:term":[{"taxonomy":"product_brand","embeddable":true,"href":"https:\/\/depodanmusteriye.com\/urunler\/wp-json\/wp\/v2\/product_brand?post=12350"},{"taxonomy":"product_cat","embeddable":true,"href":"https:\/\/depodanmusteriye.com\/urunler\/wp-json\/wp\/v2\/product_cat?post=12350"},{"taxonomy":"product_tag","embeddable":true,"href":"https:\/\/depodanmusteriye.com\/urunler\/wp-json\/wp\/v2\/product_tag?post=12350"}],"curies":[{"name":"wp","href":"https:\/\/api.w.org\/{rel}","templated":true}]}}