{"id":12284,"date":"2025-11-21T11:38:33","date_gmt":"2025-11-21T11:38:33","guid":{"rendered":"https:\/\/b2b.depodanmusteriye.com\/index.php\/\/urun\/8200302466-aku-ust-plastik-kapagi-megane-ii\/"},"modified":"2025-11-21T11:38:33","modified_gmt":"2025-11-21T11:38:33","slug":"8200302466-aku-ust-plastik-kapagi-megane-ii","status":"publish","type":"product","link":"https:\/\/depodanmusteriye.com\/urunler\/urun\/8200302466-aku-ust-plastik-kapagi-megane-ii\/","title":{"rendered":"8200302466 AK\u00dc \u00dcST PLASTIK KAPA\u011eI MEGANE II"},"content":{"rendered":"<h4><\/p>\n<h4> <b>1 ADET F\u0130YATIDIR<\/b> <\/h4>\n<p>8200302466 AK\u00dc \u00dcST PLASTIK KAPA\u011eI MEGANE II<\/p>\n<p><b>\u00dcretici Markas\u0131 : AFT<\/b><\/p>\n<p><b>\u00dcretici Kodu : AKU9990120<\/b><\/p>\n<p><b>1 ADET F\u0130YATIDIR<\/b><\/p>\n<\/h4>\n<p>OTOMOTIV SEKT\u00d6R GRUBU<\/p>\n","protected":false},"excerpt":{"rendered":"<p>8200302466 AK\u00dc \u00dcST PLASTIK KAPA\u011eI MEGANE II<\/p>\n","protected":false},"featured_media":12283,"comment_status":"open","ping_status":"closed","template":"","meta":[],"product_brand":[],"product_cat":[944,372],"product_tag":[1379,1380,1065,1383,1062,1382,1381],"class_list":{"0":"post-12284","1":"product","2":"type-product","3":"status-publish","4":"has-post-thumbnail","6":"product_cat-aku-arj-cihazi","7":"product_cat-otomotiv","8":"product_tag-1379","9":"product_tag-aku","10":"product_tag-ii","11":"product_tag-kapagi","12":"product_tag-megane","13":"product_tag-plastik","14":"product_tag-ust","15":"pa_brand-aft","17":"first","18":"instock","19":"taxable","20":"shipping-taxable","21":"purchasable","22":"product-type-simple"},"_links":{"self":[{"href":"https:\/\/depodanmusteriye.com\/urunler\/wp-json\/wp\/v2\/product\/12284","targetHints":{"allow":["GET"]}}],"collection":[{"href":"https:\/\/depodanmusteriye.com\/urunler\/wp-json\/wp\/v2\/product"}],"about":[{"href":"https:\/\/depodanmusteriye.com\/urunler\/wp-json\/wp\/v2\/types\/product"}],"replies":[{"embeddable":true,"href":"https:\/\/depodanmusteriye.com\/urunler\/wp-json\/wp\/v2\/comments?post=12284"}],"version-history":[{"count":0,"href":"https:\/\/depodanmusteriye.com\/urunler\/wp-json\/wp\/v2\/product\/12284\/revisions"}],"wp:featuredmedia":[{"embeddable":true,"href":"https:\/\/depodanmusteriye.com\/urunler\/wp-json\/wp\/v2\/media\/12283"}],"wp:attachment":[{"href":"https:\/\/depodanmusteriye.com\/urunler\/wp-json\/wp\/v2\/media?parent=12284"}],"wp:term":[{"taxonomy":"product_brand","embeddable":true,"href":"https:\/\/depodanmusteriye.com\/urunler\/wp-json\/wp\/v2\/product_brand?post=12284"},{"taxonomy":"product_cat","embeddable":true,"href":"https:\/\/depodanmusteriye.com\/urunler\/wp-json\/wp\/v2\/product_cat?post=12284"},{"taxonomy":"product_tag","embeddable":true,"href":"https:\/\/depodanmusteriye.com\/urunler\/wp-json\/wp\/v2\/product_tag?post=12284"}],"curies":[{"name":"wp","href":"https:\/\/api.w.org\/{rel}","templated":true}]}}