{"id":119881,"date":"2025-12-09T01:16:33","date_gmt":"2025-12-09T01:16:33","guid":{"rendered":"https:\/\/b2b.depodanmusteriye.com\/urun\/newface-vivo-v21-temperli-cam-ekran-koruyucu\/"},"modified":"2025-12-09T01:16:33","modified_gmt":"2025-12-09T01:16:33","slug":"newface-vivo-v21-temperli-cam-ekran-koruyucu","status":"publish","type":"product","link":"https:\/\/depodanmusteriye.com\/urunler\/urun\/newface-vivo-v21-temperli-cam-ekran-koruyucu\/","title":{"rendered":"Newface Vivo V21 Temperli Cam Ekran Koruyucu"},"content":{"rendered":"<h4>Newface Vivo V21 Temperli Cam Ekran Koruyucu<\/p>\n<p><p><b>NEWFACE TEMPERL\u0130 CAM EKRAN KORUYUCU<\/b><\/p>\n<p>&#8212;- ile uyumludur.<br \/>Ekran\u0131n\u0131z\u0131 darbelere ve \u00e7iziklere kar\u015f\u0131 korur.<br \/>Kolay ve h\u0131zl\u0131 kullan\u0131m sa\u011flar.<br \/>HD kalitesinde g\u00f6r\u00fcnt\u00fc sa\u011flar.<br \/>Esnek bir yap\u0131da de\u011fildir.<br \/>Kal\u0131n yap\u0131s\u0131 sayesinde cihaz\u0131n\u0131za ultra koruma sa\u011flar<br \/>\u015eeffaf olmas\u0131 sayesinde kamera ve sens\u00f6rleri korur.<br \/>Darbe emme \u00f6zelli\u011fi mevcuttur.<\/p>\n<p><img decoding=\"async\" src=\"https:\/\/www.newface.com.tr\/img\/descriptions\/601929f2c1585.jpg\" style=\"width: 25%\"><\/p>\n<p><\/p>\n<p><img decoding=\"async\" src=\"https:\/\/www.newface.com.tr\/img\/descriptions\/62036c8d32549.jpg\" style=\"width: 50%\"><\/p>\n<p><b>1 adet fiyat\u0131d\u0131r<\/b> <\/p>\n<p><p><b>\u00dcretici Markas\u0131 : NEWFACE<\/b><\/p>\n<p><b>\u00dcretici Kodu : 8683140284299<\/b><\/p>\n<p><b>1 ADET F\u0130YATIDIR<\/b><\/p>\n<\/h4>\n<p><\/p>\n","protected":false},"excerpt":{"rendered":"<p>Newface Vivo V21 Temperli Cam Ekran Koruyucu<\/p>\n","protected":false},"featured_media":119878,"comment_status":"open","ping_status":"closed","template":"","meta":[],"product_brand":[],"product_cat":[2224,377],"product_tag":[1366,2774,2775,1510,3140,9245,9119],"class_list":{"0":"post-119881","1":"product","2":"type-product","3":"status-publish","4":"has-post-thumbnail","6":"product_cat-ekran-koruyucu-film-gsm-mobil-aksesuar","7":"product_cat-gsm-mobil-aksesuar","8":"product_tag-cam","9":"product_tag-ekran","10":"product_tag-koruyucu","11":"product_tag-newface","12":"product_tag-temperli","13":"product_tag-v21","14":"product_tag-vivo","16":"first","17":"instock","18":"taxable","19":"shipping-taxable","20":"purchasable","21":"product-type-simple"},"_links":{"self":[{"href":"https:\/\/depodanmusteriye.com\/urunler\/wp-json\/wp\/v2\/product\/119881","targetHints":{"allow":["GET"]}}],"collection":[{"href":"https:\/\/depodanmusteriye.com\/urunler\/wp-json\/wp\/v2\/product"}],"about":[{"href":"https:\/\/depodanmusteriye.com\/urunler\/wp-json\/wp\/v2\/types\/product"}],"replies":[{"embeddable":true,"href":"https:\/\/depodanmusteriye.com\/urunler\/wp-json\/wp\/v2\/comments?post=119881"}],"version-history":[{"count":0,"href":"https:\/\/depodanmusteriye.com\/urunler\/wp-json\/wp\/v2\/product\/119881\/revisions"}],"wp:featuredmedia":[{"embeddable":true,"href":"https:\/\/depodanmusteriye.com\/urunler\/wp-json\/wp\/v2\/media\/119878"}],"wp:attachment":[{"href":"https:\/\/depodanmusteriye.com\/urunler\/wp-json\/wp\/v2\/media?parent=119881"}],"wp:term":[{"taxonomy":"product_brand","embeddable":true,"href":"https:\/\/depodanmusteriye.com\/urunler\/wp-json\/wp\/v2\/product_brand?post=119881"},{"taxonomy":"product_cat","embeddable":true,"href":"https:\/\/depodanmusteriye.com\/urunler\/wp-json\/wp\/v2\/product_cat?post=119881"},{"taxonomy":"product_tag","embeddable":true,"href":"https:\/\/depodanmusteriye.com\/urunler\/wp-json\/wp\/v2\/product_tag?post=119881"}],"curies":[{"name":"wp","href":"https:\/\/api.w.org\/{rel}","templated":true}]}}