{"id":119808,"date":"2025-12-09T01:11:47","date_gmt":"2025-12-09T01:11:47","guid":{"rendered":"https:\/\/b2b.depodanmusteriye.com\/urun\/newface-xiaomi-redmi-pad-se-kilif-anti-seffaf-tablet-silikon-seffaf\/"},"modified":"2025-12-09T01:11:47","modified_gmt":"2025-12-09T01:11:47","slug":"newface-xiaomi-redmi-pad-se-kilif-anti-seffaf-tablet-silikon-seffaf","status":"publish","type":"product","link":"https:\/\/depodanmusteriye.com\/urunler\/urun\/newface-xiaomi-redmi-pad-se-kilif-anti-seffaf-tablet-silikon-seffaf\/","title":{"rendered":"Newface Xiaomi Redmi Pad SE K\u0131l\u0131f Anti \u015eeffaf Tablet Silikon &#8211; \u015eeffaf"},"content":{"rendered":"<h4>Newface Xiaomi Redmi Pad SE K\u0131l\u0131f Anti \u015eeffaf Tablet Silikon &#8211; \u015eeffaf<\/p>\n<p><b>NEWFACE ANT\u0130 \u015eEFFAF TABLET S\u0130L\u0130KON<\/b><\/p>\n<p><span style=\"font-size: 1rem\">Cihaz\u0131n\u0131z\u0131 \u00e7iziklerden, kirden ve darbe ve \u015foktan tamamen korur.<\/span><\/p>\n<p><span>K\u0131l\u0131f\u0131 \u00e7\u0131karmadan b\u00fct\u00fcn slotlara(yan tu\u015flar , \u015farj , kulakl\u0131k giri\u015fleri vs.) eri\u015filebilir.<\/span><\/p>\n<p><span>Harika kal\u0131b\u0131yla cihaz\u0131n\u0131za m\u00fckemmel uyar.<\/span><\/p>\n<p><span>Uzun \u00f6m\u00fcrl\u00fcd\u00fcr, darbelere kar\u015f\u0131 maximum korur.<\/span><\/p>\n<p><span>Kolayca tak\u0131p \u00e7\u0131kart\u0131labilir.<\/span><\/p>\n<p><span>\u00dcr\u00fcn i\u00e7erisinde sa\u011fl\u0131\u011fa zararl\u0131 hammadde kullan\u0131lmam\u0131\u015ft\u0131r.<\/span><\/p>\n<p><b>1 adet fiyat\u0131d\u0131r<\/b> <\/p>\n<p><p><b>\u00dcretici Markas\u0131 : NEWFACE<\/b><\/p>\n<p><b>\u00dcretici Kodu : 8683140659745<\/b><\/p>\n<p><b>1 ADET F\u0130YATIDIR<\/b><\/p>\n<\/h4>\n<p><\/p>\n","protected":false},"excerpt":{"rendered":"<p>Newface Xiaomi Redmi Pad SE K\u0131l\u0131f Anti \u015eeffaf Tablet Silikon &#8211; \u015eeffaf<\/p>\n","protected":false},"featured_media":119805,"comment_status":"open","ping_status":"closed","template":"","meta":[],"product_brand":[],"product_cat":[374,756],"product_tag":[3185,1514,1510,1958,2491,2810,1840,2486,1516,2490],"class_list":{"0":"post-119808","1":"product","2":"type-product","3":"status-publish","4":"has-post-thumbnail","6":"product_cat-mobil-aksesuar","7":"product_cat-tablet-kilifi","8":"product_tag-anti","9":"product_tag-kilif","10":"product_tag-newface","11":"product_tag-pad","12":"product_tag-redmi","13":"product_tag-se","14":"product_tag-seffaf","15":"product_tag-silikon","16":"product_tag-tablet","17":"product_tag-xiaomi","19":"first","20":"instock","21":"taxable","22":"shipping-taxable","23":"purchasable","24":"product-type-simple"},"_links":{"self":[{"href":"https:\/\/depodanmusteriye.com\/urunler\/wp-json\/wp\/v2\/product\/119808","targetHints":{"allow":["GET"]}}],"collection":[{"href":"https:\/\/depodanmusteriye.com\/urunler\/wp-json\/wp\/v2\/product"}],"about":[{"href":"https:\/\/depodanmusteriye.com\/urunler\/wp-json\/wp\/v2\/types\/product"}],"replies":[{"embeddable":true,"href":"https:\/\/depodanmusteriye.com\/urunler\/wp-json\/wp\/v2\/comments?post=119808"}],"version-history":[{"count":0,"href":"https:\/\/depodanmusteriye.com\/urunler\/wp-json\/wp\/v2\/product\/119808\/revisions"}],"wp:featuredmedia":[{"embeddable":true,"href":"https:\/\/depodanmusteriye.com\/urunler\/wp-json\/wp\/v2\/media\/119805"}],"wp:attachment":[{"href":"https:\/\/depodanmusteriye.com\/urunler\/wp-json\/wp\/v2\/media?parent=119808"}],"wp:term":[{"taxonomy":"product_brand","embeddable":true,"href":"https:\/\/depodanmusteriye.com\/urunler\/wp-json\/wp\/v2\/product_brand?post=119808"},{"taxonomy":"product_cat","embeddable":true,"href":"https:\/\/depodanmusteriye.com\/urunler\/wp-json\/wp\/v2\/product_cat?post=119808"},{"taxonomy":"product_tag","embeddable":true,"href":"https:\/\/depodanmusteriye.com\/urunler\/wp-json\/wp\/v2\/product_tag?post=119808"}],"curies":[{"name":"wp","href":"https:\/\/api.w.org\/{rel}","templated":true}]}}