{"id":119765,"date":"2025-12-09T01:09:10","date_gmt":"2025-12-09T01:09:10","guid":{"rendered":"https:\/\/b2b.depodanmusteriye.com\/urun\/newface-samsung-galaxy-t220-tab-a7-lite-8-7-kilif-amazing-tablet-kapak-siyah\/"},"modified":"2025-12-09T01:09:10","modified_gmt":"2025-12-09T01:09:10","slug":"newface-samsung-galaxy-t220-tab-a7-lite-8-7-kilif-amazing-tablet-kapak-siyah","status":"publish","type":"product","link":"https:\/\/depodanmusteriye.com\/urunler\/urun\/newface-samsung-galaxy-t220-tab-a7-lite-8-7-kilif-amazing-tablet-kapak-siyah\/","title":{"rendered":"Newface Samsung Galaxy T220 Tab A7 Lite 8.7 K\u0131l\u0131f Amazing Tablet Kapak &#8211; Siyah"},"content":{"rendered":"<h4>Newface Samsung Galaxy T220 Tab A7 Lite 8.7 K\u0131l\u0131f Amazing Tablet Kapak &#8211; Siyah<\/p>\n<p>\n<p>\n<p><p><span style=\"font-weight: bolder\">\u00dcr\u00fcn \u00d6zellikleri<\/span><br \/>G\u00fc\u00e7lendirilmi\u015f i\u00e7 panalleri, ergonomik yap\u0131s\u0131 ile tabletinizi korumak ve kullan\u0131m\u0131n\u0131 kolayla\u015ft\u0131rmak i\u00e7in tasarlanm\u0131\u015ft\u0131r.<br \/>&#8212;- ile uyumludur.<br \/><span style=\"font-size: 1rem\">360 Derece d\u00f6nebilen arka kapa\u011f\u0131 ile farkl\u0131 stand duru\u015f \u015fekilleri se\u00e7ene\u011fi sunar.<br \/><\/span>360 derece tabletinizi sarar bu sayede ekran koruyucu kullanman\u0131za gerek yoktur.<span style=\"font-size: 1rem\"><br \/><\/span><span style=\"font-size: 1rem\">K\u0131l\u0131f\u0131 stand \u015feklinde yan ve dik kullanabilirsiniz.<br \/><\/span><span style=\"font-size: 1rem\">D\u00f6ner taban\u0131 sayesinde tabletinizin istedi\u011finiz \u015fekilde ve y\u00f6nde durmas\u0131n\u0131 sa\u011flar.<br \/><\/span><span style=\"font-size: 1rem\">K\u0131l\u0131f\u0131n Tableti tutan k\u0131sm\u0131 sert plastikten yap\u0131lm\u0131\u015ft\u0131r. Tabletinizin elden kolay kaymas\u0131n\u0131 engeller.<br \/><\/span><span style=\"font-size: 1rem\">Cihaz\u0131n\u0131z\u0131 \u00e7iziklerden, kirden ve darbelerden tamamen korur. K\u0131r\u0131lmaya kar\u015f\u0131 koruyucu k\u0131l\u0131f g\u00f6revi g\u00f6r\u00fcr.<br \/><\/span><span style=\"font-size: 1rem\">Harika kal\u0131p kesimi sayesinde cihaz\u0131n\u0131za tam uyum sa\u011flar.<br \/><\/span><span style=\"font-size: 1rem\">Tabletinizi k\u0131l\u0131f\u0131ndan \u00e7\u0131karmadan b\u00fct\u00fcn tu\u015flar\u0131 kullanabilirsiniz.<br \/><\/span><span style=\"font-size: 1rem\">\u00c7\u0131kar\u0131labilir,ayarlanabilir omuz ask\u0131s\u0131<br \/>Ayarlanabilir el kay\u0131\u015f\u0131<br \/>Silikon arka y\u00fczey<br \/>Sert PC malzemeden \u00fcretilmi\u015f koruyucu g\u00f6vde yap\u0131s\u0131<br \/>K\u00f6\u015feleri kal\u0131nla\u015ft\u0131r\u0131lm\u0131\u015f d\u00fc\u015fme ve \u00e7arpmalara kar\u015f\u0131 dayan\u0131kl\u0131 tasar\u0131m<br \/><\/span>Sa\u011fl\u0131\u011fa zararl\u0131 hammadde bulunmamaktad\u0131r.<\/p>\n<p><img decoding=\"async\" src=\"https:\/\/www.newface.com.tr\/img\/descriptions\/642e868ca57a3.jpg\" style=\"width: 50%\"><\/p>\n<p><\/p>\n<p><img decoding=\"async\" src=\"https:\/\/www.newface.com.tr\/img\/descriptions\/642e86984dc67.jpg\" style=\"width: 50%\"><\/p>\n<p><\/p>\n<p><img decoding=\"async\" src=\"https:\/\/www.newface.com.tr\/img\/descriptions\/642e86a1dc19f.jpg\" style=\"width: 50%\"><\/p>\n<p><\/p>\n<p><img decoding=\"async\" src=\"https:\/\/www.newface.com.tr\/img\/descriptions\/642e86b13e748.jpg\" style=\"width: 50%\"><\/p>\n<p><\/p>\n<p><img decoding=\"async\" src=\"https:\/\/www.newface.com.tr\/img\/descriptions\/642e86bcbd1fd.jpg\" style=\"width: 50%\"><\/p>\n<p><\/p>\n<p><img decoding=\"async\" src=\"https:\/\/www.newface.com.tr\/img\/descriptions\/642e86ca71645.jpg\" style=\"width: 50%\"> <\/p>\n<p><b>1 adet fiyat\u0131d\u0131r<\/b> <\/p>\n<p><p><b>\u00dcretici Markas\u0131 : NEWFACE<\/b><\/p>\n<p><b>\u00dcretici Kodu : 8683140478186<\/b><\/p>\n<p><b>1 ADET F\u0130YATIDIR<\/b><\/p>\n<\/h4>\n<p><\/p>\n","protected":false},"excerpt":{"rendered":"<p>Newface Samsung Galaxy T220 Tab A7 Lite 8.7 K\u0131l\u0131f Amazing Tablet Kapak &#8211; Siyah<\/p>\n","protected":false},"featured_media":119761,"comment_status":"open","ping_status":"closed","template":"","meta":[],"product_brand":[],"product_cat":[374,756],"product_tag":[9348,2769,2807,1974,1389,1514,2764,1510,1973,1391,9347,2003,1516],"class_list":{"0":"post-119765","1":"product","2":"type-product","3":"status-publish","4":"has-post-thumbnail","6":"product_cat-mobil-aksesuar","7":"product_cat-tablet-kilifi","8":"product_tag-8-7","9":"product_tag-a7","10":"product_tag-amazing","11":"product_tag-galaxy","12":"product_tag-kapak","13":"product_tag-kilif","14":"product_tag-lite","15":"product_tag-newface","16":"product_tag-samsung","17":"product_tag-siyah","18":"product_tag-t220","19":"product_tag-tab","20":"product_tag-tablet","22":"first","23":"instock","24":"taxable","25":"shipping-taxable","26":"purchasable","27":"product-type-simple"},"_links":{"self":[{"href":"https:\/\/depodanmusteriye.com\/urunler\/wp-json\/wp\/v2\/product\/119765","targetHints":{"allow":["GET"]}}],"collection":[{"href":"https:\/\/depodanmusteriye.com\/urunler\/wp-json\/wp\/v2\/product"}],"about":[{"href":"https:\/\/depodanmusteriye.com\/urunler\/wp-json\/wp\/v2\/types\/product"}],"replies":[{"embeddable":true,"href":"https:\/\/depodanmusteriye.com\/urunler\/wp-json\/wp\/v2\/comments?post=119765"}],"version-history":[{"count":0,"href":"https:\/\/depodanmusteriye.com\/urunler\/wp-json\/wp\/v2\/product\/119765\/revisions"}],"wp:featuredmedia":[{"embeddable":true,"href":"https:\/\/depodanmusteriye.com\/urunler\/wp-json\/wp\/v2\/media\/119761"}],"wp:attachment":[{"href":"https:\/\/depodanmusteriye.com\/urunler\/wp-json\/wp\/v2\/media?parent=119765"}],"wp:term":[{"taxonomy":"product_brand","embeddable":true,"href":"https:\/\/depodanmusteriye.com\/urunler\/wp-json\/wp\/v2\/product_brand?post=119765"},{"taxonomy":"product_cat","embeddable":true,"href":"https:\/\/depodanmusteriye.com\/urunler\/wp-json\/wp\/v2\/product_cat?post=119765"},{"taxonomy":"product_tag","embeddable":true,"href":"https:\/\/depodanmusteriye.com\/urunler\/wp-json\/wp\/v2\/product_tag?post=119765"}],"curies":[{"name":"wp","href":"https:\/\/api.w.org\/{rel}","templated":true}]}}