{"id":119749,"date":"2025-12-09T01:08:08","date_gmt":"2025-12-09T01:08:08","guid":{"rendered":"https:\/\/b2b.depodanmusteriye.com\/urun\/newface-iphone-14-pro-max-kilif-apollo-magneticsafe-desenli-kapak-apollo-seffaf-6\/"},"modified":"2025-12-09T01:08:08","modified_gmt":"2025-12-09T01:08:08","slug":"newface-iphone-14-pro-max-kilif-apollo-magneticsafe-desenli-kapak-apollo-seffaf-6","status":"publish","type":"product","link":"https:\/\/depodanmusteriye.com\/urunler\/urun\/newface-iphone-14-pro-max-kilif-apollo-magneticsafe-desenli-kapak-apollo-seffaf-6\/","title":{"rendered":"Newface iPhone 14 Pro Max K\u0131l\u0131f Apollo Magneticsafe Desenli Kapak &#8211; Apollo \u015eeffaf &#8211; 6"},"content":{"rendered":"<h4>Newface iPhone 14 Pro Max K\u0131l\u0131f Apollo Magneticsafe Desenli Kapak &#8211; Apollo \u015eeffaf &#8211; 6<\/p>\n<p><span style=\"font-weight: bolder\">NEWFACE APOLLO MAGNETICSAFE DESENL\u0130 KAPAK<\/span><\/p>\n<p>Y\u00fcksek kalite malzemeden \u00fcretilmi\u015ftir.<br \/>&#8212;- ile uyumludur.<br \/><span style=\"font-size: 1rem\">Desenleri sayesinde cihaz\u0131n\u0131za renkli bir g\u00f6r\u00fcn\u00fcm kazand\u0131r\u0131r.<br \/><\/span><span style=\"font-size: 1rem\">\u0130nce ve estetik bir g\u00f6r\u00fcn\u00fcme sahiptir.<br \/><\/span><span style=\"font-size: 1rem\">\u00d6zel kesim kal\u0131b\u0131 sayesinde cihaz\u0131n\u0131zla tam uyum g\u00f6sterir.<br \/><\/span><span style=\"font-size: 1rem\">Tak\u0131p \u00e7\u0131karmas\u0131 kolayd\u0131r.<br \/><\/span><span style=\"font-size: 1rem\">T\u00fcm kontrol tu\u015flar\u0131na rahat\u00e7a eri\u015fim sa\u011flayabilirsiniz.<br \/><\/span><span style=\"font-size: 1rem\">\u015earj, kulakl\u0131k vb. giri\u015fler cihaz\u0131n\u0131z ile tam uyum sa\u011flar.<br \/><\/span><span style=\"font-size: 1rem\">\u015e\u0131k bir g\u00f6r\u00fcn\u00fcme sahiptir.<br \/>Sa\u011fl\u0131\u011fa zararl\u0131 madde i\u00e7ermez.<\/span><\/p>\n<p><span style=\"font-size: 1rem\">Magneticsafe \u00f6zelli\u011fi mevcuttur.<\/span><\/p>\n<p><b>1 adet fiyat\u0131d\u0131r<\/b> <\/p>\n<p><p><b>\u00dcretici Markas\u0131 : NEWFACE<\/b><\/p>\n<p><b>\u00dcretici Kodu : 8683140478162<\/b><\/p>\n<p><b>1 ADET F\u0130YATIDIR<\/b><\/p>\n<\/h4>\n<p><\/p>\n","protected":false},"excerpt":{"rendered":"<p>Newface iPhone 14 Pro Max K\u0131l\u0131f Apollo Magneticsafe Desenli Kapak &#8211; Apollo \u015eeffaf &#8211; 6<\/p>\n","protected":false},"featured_media":119746,"comment_status":"open","ping_status":"closed","template":"","meta":[],"product_brand":[],"product_cat":[457,374],"product_tag":[1858,1224,3562,1993,1950,1389,1514,2795,2496,1510,2484,1840],"class_list":{"0":"post-119749","1":"product","2":"type-product","3":"status-publish","4":"has-post-thumbnail","6":"product_cat-kapak-and-kilif","7":"product_cat-mobil-aksesuar","8":"product_tag-1858","9":"product_tag-1224","10":"product_tag-apollo","11":"product_tag-desenli","12":"product_tag-iphone","13":"product_tag-kapak","14":"product_tag-kilif","15":"product_tag-magneticsafe","16":"product_tag-max","17":"product_tag-newface","18":"product_tag-pro","19":"product_tag-seffaf","21":"first","22":"instock","23":"taxable","24":"shipping-taxable","25":"purchasable","26":"product-type-simple"},"_links":{"self":[{"href":"https:\/\/depodanmusteriye.com\/urunler\/wp-json\/wp\/v2\/product\/119749","targetHints":{"allow":["GET"]}}],"collection":[{"href":"https:\/\/depodanmusteriye.com\/urunler\/wp-json\/wp\/v2\/product"}],"about":[{"href":"https:\/\/depodanmusteriye.com\/urunler\/wp-json\/wp\/v2\/types\/product"}],"replies":[{"embeddable":true,"href":"https:\/\/depodanmusteriye.com\/urunler\/wp-json\/wp\/v2\/comments?post=119749"}],"version-history":[{"count":0,"href":"https:\/\/depodanmusteriye.com\/urunler\/wp-json\/wp\/v2\/product\/119749\/revisions"}],"wp:featuredmedia":[{"embeddable":true,"href":"https:\/\/depodanmusteriye.com\/urunler\/wp-json\/wp\/v2\/media\/119746"}],"wp:attachment":[{"href":"https:\/\/depodanmusteriye.com\/urunler\/wp-json\/wp\/v2\/media?parent=119749"}],"wp:term":[{"taxonomy":"product_brand","embeddable":true,"href":"https:\/\/depodanmusteriye.com\/urunler\/wp-json\/wp\/v2\/product_brand?post=119749"},{"taxonomy":"product_cat","embeddable":true,"href":"https:\/\/depodanmusteriye.com\/urunler\/wp-json\/wp\/v2\/product_cat?post=119749"},{"taxonomy":"product_tag","embeddable":true,"href":"https:\/\/depodanmusteriye.com\/urunler\/wp-json\/wp\/v2\/product_tag?post=119749"}],"curies":[{"name":"wp","href":"https:\/\/api.w.org\/{rel}","templated":true}]}}