{"id":119200,"date":"2025-12-09T00:34:50","date_gmt":"2025-12-09T00:34:50","guid":{"rendered":"https:\/\/b2b.depodanmusteriye.com\/urun\/newface-kablo-koruyucu-sari\/"},"modified":"2025-12-09T00:34:50","modified_gmt":"2025-12-09T00:34:50","slug":"newface-kablo-koruyucu-sari","status":"publish","type":"product","link":"https:\/\/depodanmusteriye.com\/urunler\/urun\/newface-kablo-koruyucu-sari\/","title":{"rendered":"Newface Kablo Koruyucu &#8211; Sar\u0131"},"content":{"rendered":"<h4>Newface Kablo Koruyucu &#8211; Sar\u0131<\/p>\n<div>\u00dcR\u00dcN \u00d6ZELL\u0130KLER\u0130:<br \/>Newface kablo koruyucu \u00fcr\u00fcn\u00fc \u015farj kablolar\u0131n\u0131z\u0131n b\u00fck\u00fcl\u00fcp kopmas\u0131n\u0131 engeller.<br \/>\u00dcr\u00fcn i\u00e7eri\u011finde sa\u011fl\u0131\u011fa zararl\u0131 madde kullan\u0131lmamaktad\u0131r.<\/div>\n<p><b>1 adet fiyat\u0131d\u0131r<\/b> <\/p>\n<p><p><b>\u00dcretici Markas\u0131 : NEWFACE<\/b><\/p>\n<p><b>\u00dcretici Kodu : 8683140274825<\/b><\/p>\n<p><b>1 ADET F\u0130YATIDIR<\/b><\/p>\n<\/h4>\n<p><\/p>\n","protected":false},"excerpt":{"rendered":"<p>Newface Kablo Koruyucu &#8211; Sar\u0131<\/p>\n","protected":false},"featured_media":119199,"comment_status":"open","ping_status":"closed","template":"","meta":[],"product_brand":[],"product_cat":[374,460],"product_tag":[2512,2775,1510,2350],"class_list":{"0":"post-119200","1":"product","2":"type-product","3":"status-publish","4":"has-post-thumbnail","6":"product_cat-mobil-aksesuar","7":"product_cat-arj-aleti","8":"product_tag-kablo","9":"product_tag-koruyucu","10":"product_tag-newface","11":"product_tag-sari","13":"first","14":"instock","15":"taxable","16":"shipping-taxable","17":"purchasable","18":"product-type-simple"},"_links":{"self":[{"href":"https:\/\/depodanmusteriye.com\/urunler\/wp-json\/wp\/v2\/product\/119200","targetHints":{"allow":["GET"]}}],"collection":[{"href":"https:\/\/depodanmusteriye.com\/urunler\/wp-json\/wp\/v2\/product"}],"about":[{"href":"https:\/\/depodanmusteriye.com\/urunler\/wp-json\/wp\/v2\/types\/product"}],"replies":[{"embeddable":true,"href":"https:\/\/depodanmusteriye.com\/urunler\/wp-json\/wp\/v2\/comments?post=119200"}],"version-history":[{"count":0,"href":"https:\/\/depodanmusteriye.com\/urunler\/wp-json\/wp\/v2\/product\/119200\/revisions"}],"wp:featuredmedia":[{"embeddable":true,"href":"https:\/\/depodanmusteriye.com\/urunler\/wp-json\/wp\/v2\/media\/119199"}],"wp:attachment":[{"href":"https:\/\/depodanmusteriye.com\/urunler\/wp-json\/wp\/v2\/media?parent=119200"}],"wp:term":[{"taxonomy":"product_brand","embeddable":true,"href":"https:\/\/depodanmusteriye.com\/urunler\/wp-json\/wp\/v2\/product_brand?post=119200"},{"taxonomy":"product_cat","embeddable":true,"href":"https:\/\/depodanmusteriye.com\/urunler\/wp-json\/wp\/v2\/product_cat?post=119200"},{"taxonomy":"product_tag","embeddable":true,"href":"https:\/\/depodanmusteriye.com\/urunler\/wp-json\/wp\/v2\/product_tag?post=119200"}],"curies":[{"name":"wp","href":"https:\/\/api.w.org\/{rel}","templated":true}]}}