{"id":119198,"date":"2025-12-09T00:34:41","date_gmt":"2025-12-09T00:34:41","guid":{"rendered":"https:\/\/b2b.depodanmusteriye.com\/urun\/newface-samsung-galaxy-x610-tab-s9-fe-plus-12-4-kilif-anti-seffaf-tablet-silikon-seffaf-2\/"},"modified":"2025-12-09T00:34:41","modified_gmt":"2025-12-09T00:34:41","slug":"newface-samsung-galaxy-x610-tab-s9-fe-plus-12-4-kilif-anti-seffaf-tablet-silikon-seffaf-2","status":"publish","type":"product","link":"https:\/\/depodanmusteriye.com\/urunler\/urun\/newface-samsung-galaxy-x610-tab-s9-fe-plus-12-4-kilif-anti-seffaf-tablet-silikon-seffaf-2\/","title":{"rendered":"Newface Samsung Galaxy X610 Tab S9 FE Plus 12.4 K\u0131l\u0131f Anti \u015eeffaf Tablet Silikon &#8211; \u015eeffaf"},"content":{"rendered":"<h4>Newface Samsung Galaxy X610 Tab S9 FE Plus 12.4 K\u0131l\u0131f Anti \u015eeffaf Tablet Silikon &#8211; \u015eeffaf<\/p>\n<p><b>NEWFACE ANT\u0130 \u015eEFFAF TABLET S\u0130L\u0130KON<\/b><\/p>\n<p><span style=\"font-size: 1rem\">Cihaz\u0131n\u0131z\u0131 \u00e7iziklerden, kirden ve darbe ve \u015foktan tamamen korur.<\/span><\/p>\n<p><span>K\u0131l\u0131f\u0131 \u00e7\u0131karmadan b\u00fct\u00fcn slotlara(yan tu\u015flar , \u015farj , kulakl\u0131k giri\u015fleri vs.) eri\u015filebilir.<\/span><\/p>\n<p><span>Harika kal\u0131b\u0131yla cihaz\u0131n\u0131za m\u00fckemmel uyar.<\/span><\/p>\n<p><span>Uzun \u00f6m\u00fcrl\u00fcd\u00fcr, darbelere kar\u015f\u0131 maximum korur.<\/span><\/p>\n<p><span>Kolayca tak\u0131p \u00e7\u0131kart\u0131labilir.<\/span><\/p>\n<p><span>\u00dcr\u00fcn i\u00e7erisinde sa\u011fl\u0131\u011fa zararl\u0131 hammadde kullan\u0131lmam\u0131\u015ft\u0131r.<\/span><\/p>\n<p><b>1 adet fiyat\u0131d\u0131r<\/b> <\/p>\n<p><p><b>\u00dcretici Markas\u0131 : NEWFACE<\/b><\/p>\n<p><b>\u00dcretici Kodu : 8683140656423<\/b><\/p>\n<p><b>1 ADET F\u0130YATIDIR<\/b><\/p>\n<\/h4>\n<p><\/p>\n","protected":false},"excerpt":{"rendered":"<p>Newface Samsung Galaxy X610 Tab S9 FE Plus 12.4 K\u0131l\u0131f Anti \u015eeffaf Tablet Silikon &#8211; \u015eeffaf<\/p>\n","protected":false},"featured_media":119197,"comment_status":"open","ping_status":"closed","template":"","meta":[],"product_brand":[],"product_cat":[374,756],"product_tag":[9144,3185,3359,1974,1514,1510,2498,2772,1973,1840,2486,2003,1516,9159],"class_list":{"0":"post-119198","1":"product","2":"type-product","3":"status-publish","4":"has-post-thumbnail","6":"product_cat-mobil-aksesuar","7":"product_cat-tablet-kilifi","8":"product_tag-12-4","9":"product_tag-anti","10":"product_tag-fe","11":"product_tag-galaxy","12":"product_tag-kilif","13":"product_tag-newface","14":"product_tag-plus","15":"product_tag-s9","16":"product_tag-samsung","17":"product_tag-seffaf","18":"product_tag-silikon","19":"product_tag-tab","20":"product_tag-tablet","21":"product_tag-x610","23":"first","24":"instock","25":"taxable","26":"shipping-taxable","27":"purchasable","28":"product-type-simple"},"_links":{"self":[{"href":"https:\/\/depodanmusteriye.com\/urunler\/wp-json\/wp\/v2\/product\/119198","targetHints":{"allow":["GET"]}}],"collection":[{"href":"https:\/\/depodanmusteriye.com\/urunler\/wp-json\/wp\/v2\/product"}],"about":[{"href":"https:\/\/depodanmusteriye.com\/urunler\/wp-json\/wp\/v2\/types\/product"}],"replies":[{"embeddable":true,"href":"https:\/\/depodanmusteriye.com\/urunler\/wp-json\/wp\/v2\/comments?post=119198"}],"version-history":[{"count":0,"href":"https:\/\/depodanmusteriye.com\/urunler\/wp-json\/wp\/v2\/product\/119198\/revisions"}],"wp:featuredmedia":[{"embeddable":true,"href":"https:\/\/depodanmusteriye.com\/urunler\/wp-json\/wp\/v2\/media\/119197"}],"wp:attachment":[{"href":"https:\/\/depodanmusteriye.com\/urunler\/wp-json\/wp\/v2\/media?parent=119198"}],"wp:term":[{"taxonomy":"product_brand","embeddable":true,"href":"https:\/\/depodanmusteriye.com\/urunler\/wp-json\/wp\/v2\/product_brand?post=119198"},{"taxonomy":"product_cat","embeddable":true,"href":"https:\/\/depodanmusteriye.com\/urunler\/wp-json\/wp\/v2\/product_cat?post=119198"},{"taxonomy":"product_tag","embeddable":true,"href":"https:\/\/depodanmusteriye.com\/urunler\/wp-json\/wp\/v2\/product_tag?post=119198"}],"curies":[{"name":"wp","href":"https:\/\/api.w.org\/{rel}","templated":true}]}}