{"id":119192,"date":"2025-12-09T00:34:19","date_gmt":"2025-12-09T00:34:19","guid":{"rendered":"https:\/\/b2b.depodanmusteriye.com\/urun\/newface-airtag-silikon-kilif-sari\/"},"modified":"2025-12-09T00:34:19","modified_gmt":"2025-12-09T00:34:19","slug":"newface-airtag-silikon-kilif-sari","status":"publish","type":"product","link":"https:\/\/depodanmusteriye.com\/urunler\/urun\/newface-airtag-silikon-kilif-sari\/","title":{"rendered":"Newface Airtag Silikon K\u0131l\u0131f &#8211; Sar\u0131"},"content":{"rendered":"<h4>Newface Airtag Silikon K\u0131l\u0131f &#8211; Sar\u0131<\/p>\n<div>\u00dcR\u00dcN \u00d6ZELL\u0130KLER\u0130:<br \/>Apple Airtag cihaz\u0131n\u0131z\u0131 darbe ve \u00e7iziklere kar\u015f\u0131 tam korur.<br \/><span style=\"font-size: 1rem\">\u00dcr\u00fcn\u00fcm\u00fcz Newface markas\u0131na ait olup Birinci s\u0131n\u0131f kaliteli malzemeden,birinci s\u0131n\u0131f kaliteli i\u015f\u00e7ilikle \u00fcretilmi\u015ftir.<\/span><\/div>\n<div>AirTag cihaz\u0131yla bire bir uyumludur.<span style=\"font-size: 1rem\"><br \/>\u00dcr\u00fcn i\u00e7eri\u011finde sa\u011fl\u0131\u011fa zararl\u0131 madde kullan\u0131lmam\u0131\u015ft\u0131r.<\/span><\/div>\n<p><b>1 adet fiyat\u0131d\u0131r<\/b> <\/p>\n<p><p><b>\u00dcretici Markas\u0131 : NEWFACE<\/b><\/p>\n<p><b>\u00dcretici Kodu : 8683140274696<\/b><\/p>\n<p><b>1 ADET F\u0130YATIDIR<\/b><\/p>\n<\/h4>\n<p><\/p>\n","protected":false},"excerpt":{"rendered":"<p>Newface Airtag Silikon K\u0131l\u0131f &#8211; Sar\u0131<\/p>\n","protected":false},"featured_media":119191,"comment_status":"open","ping_status":"closed","template":"","meta":[],"product_brand":[],"product_cat":[1033,374],"product_tag":[2012,1514,1510,2350,2486],"class_list":{"0":"post-119192","1":"product","2":"type-product","3":"status-publish","4":"has-post-thumbnail","6":"product_cat-akilli-takip-cihazi","7":"product_cat-mobil-aksesuar","8":"product_tag-airtag","9":"product_tag-kilif","10":"product_tag-newface","11":"product_tag-sari","12":"product_tag-silikon","14":"first","15":"instock","16":"taxable","17":"shipping-taxable","18":"purchasable","19":"product-type-simple"},"_links":{"self":[{"href":"https:\/\/depodanmusteriye.com\/urunler\/wp-json\/wp\/v2\/product\/119192","targetHints":{"allow":["GET"]}}],"collection":[{"href":"https:\/\/depodanmusteriye.com\/urunler\/wp-json\/wp\/v2\/product"}],"about":[{"href":"https:\/\/depodanmusteriye.com\/urunler\/wp-json\/wp\/v2\/types\/product"}],"replies":[{"embeddable":true,"href":"https:\/\/depodanmusteriye.com\/urunler\/wp-json\/wp\/v2\/comments?post=119192"}],"version-history":[{"count":0,"href":"https:\/\/depodanmusteriye.com\/urunler\/wp-json\/wp\/v2\/product\/119192\/revisions"}],"wp:featuredmedia":[{"embeddable":true,"href":"https:\/\/depodanmusteriye.com\/urunler\/wp-json\/wp\/v2\/media\/119191"}],"wp:attachment":[{"href":"https:\/\/depodanmusteriye.com\/urunler\/wp-json\/wp\/v2\/media?parent=119192"}],"wp:term":[{"taxonomy":"product_brand","embeddable":true,"href":"https:\/\/depodanmusteriye.com\/urunler\/wp-json\/wp\/v2\/product_brand?post=119192"},{"taxonomy":"product_cat","embeddable":true,"href":"https:\/\/depodanmusteriye.com\/urunler\/wp-json\/wp\/v2\/product_cat?post=119192"},{"taxonomy":"product_tag","embeddable":true,"href":"https:\/\/depodanmusteriye.com\/urunler\/wp-json\/wp\/v2\/product_tag?post=119192"}],"curies":[{"name":"wp","href":"https:\/\/api.w.org\/{rel}","templated":true}]}}