{"id":119136,"date":"2025-12-09T00:31:01","date_gmt":"2025-12-09T00:31:01","guid":{"rendered":"https:\/\/b2b.depodanmusteriye.com\/urun\/newface-samsung-galaxy-a05s-kilif-loop-deri-silikon-yesil\/"},"modified":"2025-12-09T00:31:01","modified_gmt":"2025-12-09T00:31:01","slug":"newface-samsung-galaxy-a05s-kilif-loop-deri-silikon-yesil","status":"publish","type":"product","link":"https:\/\/depodanmusteriye.com\/urunler\/urun\/newface-samsung-galaxy-a05s-kilif-loop-deri-silikon-yesil\/","title":{"rendered":"Newface Samsung Galaxy A05S K\u0131l\u0131f Loop Deri Silikon &#8211; Ye\u015fil"},"content":{"rendered":"<h4>Newface Samsung Galaxy A05S K\u0131l\u0131f Loop Deri Silikon &#8211; Ye\u015fil<\/p>\n<p><span style=\"font-size: 1rem;font-family: Montserrat, sans-serif\">Y\u00fcksek kaliteli deri malzemeden \u00fcretilmi\u015ftir.<br \/><\/span><span style=\"font-size: 1rem;font-family: Montserrat, sans-serif\">Uzun \u00d6m\u00fcrl\u00fcd\u00fcr.<\/span><\/p>\n<\/p>\n<p><span style=\"font-family: Montserrat, sans-serif;font-size: 1rem\">K\u00f6\u015fe k\u0131sm\u0131ndaki airbag<\/span><span style=\"font-family: Montserrat, sans-serif;font-size: 1rem\">ler sayesinde tam koruma sa\u011flar.<br \/><\/span><span style=\"font-family: Montserrat, sans-serif;font-size: 1rem\">Kamera k\u0131sm\u0131ndaki \u00e7\u0131k\u0131nt\u0131l\u0131 yap\u0131s\u0131 sayesinde lensinize gelebilecek darbelere kar\u015f\u0131 koruma sa\u011flar.<\/span><\/p>\n<p><span style=\"font-family: Montserrat, sans-serif;font-size: 1rem\">Kirlenme ve parmak izine kar\u015f\u0131 diren\u00e7lidir.<br \/><\/span><span style=\"font-family: Montserrat, sans-serif;font-size: 1rem\">K\u0131l\u0131f Darbelere kar\u015f\u0131 korumada yard\u0131mc\u0131 olur.<br \/><\/span><span style=\"font-family: Montserrat, sans-serif;font-size: 1rem\">Tak\u0131p \u00e7\u0131karmas\u0131 kolayd\u0131r.<br \/><\/span><span style=\"font-family: Montserrat, sans-serif;font-size: 1rem\">T\u00fcm kontrol tu\u015flar\u0131na rahat\u00e7a eri\u015fim sa\u011flayabilirsiniz.<br \/><\/span><span style=\"font-family: Montserrat, sans-serif;font-size: 1rem\">\u015earj, Kulakl\u0131k vb. giri\u015fler cihaz\u0131n\u0131z ile tam uyum sa\u011flar.<br \/><\/span><\/p>\n<p><span style=\"font-family: Montserrat, sans-serif;font-size: 1rem\">Sa\u011fl\u0131\u011fa zararl\u0131 madde i\u00e7ermez.<\/span><\/p>\n<p><img decoding=\"async\" src=\"https:\/\/www.newface.com.tr\/img\/descriptions\/617fb8c52816b.jpg\" style=\"font-size: 1rem;width: 25%\">&nbsp;<\/p>\n<p><\/p>\n<\/p>\n<p><img decoding=\"async\" src=\"https:\/\/www.newface.com.tr\/img\/descriptions\/631063863406d.jpg\" style=\"width: 50%\"> <\/p>\n<p><b>1 adet fiyat\u0131d\u0131r<\/b> <\/p>\n<p><p><b>\u00dcretici Markas\u0131 : NEWFACE<\/b><\/p>\n<p><b>\u00dcretici Kodu : 8683140654610<\/b><\/p>\n<p><b>1 ADET F\u0130YATIDIR<\/b><\/p>\n<\/h4>\n<p><\/p>\n","protected":false},"excerpt":{"rendered":"<p>Newface Samsung Galaxy A05S K\u0131l\u0131f Loop Deri Silikon &#8211; Ye\u015fil<\/p>\n","protected":false},"featured_media":119132,"comment_status":"open","ping_status":"closed","template":"","meta":[],"product_brand":[],"product_cat":[457,374],"product_tag":[3432,1517,1974,1514,2791,1510,1973,2486,2410],"class_list":{"0":"post-119136","1":"product","2":"type-product","3":"status-publish","4":"has-post-thumbnail","6":"product_cat-kapak-and-kilif","7":"product_cat-mobil-aksesuar","8":"product_tag-a05s","9":"product_tag-deri","10":"product_tag-galaxy","11":"product_tag-kilif","12":"product_tag-loop","13":"product_tag-newface","14":"product_tag-samsung","15":"product_tag-silikon","16":"product_tag-yesil","18":"first","19":"instock","20":"taxable","21":"shipping-taxable","22":"purchasable","23":"product-type-simple"},"_links":{"self":[{"href":"https:\/\/depodanmusteriye.com\/urunler\/wp-json\/wp\/v2\/product\/119136","targetHints":{"allow":["GET"]}}],"collection":[{"href":"https:\/\/depodanmusteriye.com\/urunler\/wp-json\/wp\/v2\/product"}],"about":[{"href":"https:\/\/depodanmusteriye.com\/urunler\/wp-json\/wp\/v2\/types\/product"}],"replies":[{"embeddable":true,"href":"https:\/\/depodanmusteriye.com\/urunler\/wp-json\/wp\/v2\/comments?post=119136"}],"version-history":[{"count":0,"href":"https:\/\/depodanmusteriye.com\/urunler\/wp-json\/wp\/v2\/product\/119136\/revisions"}],"wp:featuredmedia":[{"embeddable":true,"href":"https:\/\/depodanmusteriye.com\/urunler\/wp-json\/wp\/v2\/media\/119132"}],"wp:attachment":[{"href":"https:\/\/depodanmusteriye.com\/urunler\/wp-json\/wp\/v2\/media?parent=119136"}],"wp:term":[{"taxonomy":"product_brand","embeddable":true,"href":"https:\/\/depodanmusteriye.com\/urunler\/wp-json\/wp\/v2\/product_brand?post=119136"},{"taxonomy":"product_cat","embeddable":true,"href":"https:\/\/depodanmusteriye.com\/urunler\/wp-json\/wp\/v2\/product_cat?post=119136"},{"taxonomy":"product_tag","embeddable":true,"href":"https:\/\/depodanmusteriye.com\/urunler\/wp-json\/wp\/v2\/product_tag?post=119136"}],"curies":[{"name":"wp","href":"https:\/\/api.w.org\/{rel}","templated":true}]}}