{"id":119086,"date":"2025-12-09T00:28:14","date_gmt":"2025-12-09T00:28:14","guid":{"rendered":"https:\/\/b2b.depodanmusteriye.com\/urun\/newface-nf6006-micro-usb-kablo-beyaz\/"},"modified":"2025-12-09T00:28:14","modified_gmt":"2025-12-09T00:28:14","slug":"newface-nf6006-micro-usb-kablo-beyaz","status":"publish","type":"product","link":"https:\/\/depodanmusteriye.com\/urunler\/urun\/newface-nf6006-micro-usb-kablo-beyaz\/","title":{"rendered":"Newface NF6006 Micro USB Kablo &#8211; Beyaz"},"content":{"rendered":"<h4>Newface NF6006 Micro USB Kablo &#8211; Beyaz<br \/>NEWFACE NF6006 M\u0130KRO USB DATA VE \u015eARJ KABLOSU<br \/>\u00dcr\u00fcn \u00f6zellikleri:<br \/>\u015eeffaf silikon kaplama sayesinde kablo dayan\u0131kl\u0131l\u0131\u011f\u0131 \u00fcst seviyededir.<br \/>2.1A h\u0131zl\u0131 \u015farj kablosudur.<br \/>Stabil,h\u0131zl\u0131 ve g\u00fcvenlidir.<br \/>Telefon,bilgisayar gibi bir \u00e7ok kullan\u0131m alan\u0131 vard\u0131r.<br \/>Y\u00fcksek kaliteli h\u0131zl\u0131 aktar\u0131m sa\u011flar.<br \/>\u00c7evreye duyarl\u0131 malzemeden \u00fcretilmi\u015ftir.Sa\u011fl\u0131\u011fa zararl\u0131 materyal i\u00e7ermez.<\/p>\n<p><b>1 adet fiyat\u0131d\u0131r<\/b> <\/p>\n<p><p><b>\u00dcretici Markas\u0131 : NEWFACE<\/b><\/p>\n<p><b>\u00dcretici Kodu : 8682232401798<\/b><\/p>\n<p><b>1 ADET F\u0130YATIDIR<\/b><\/p>\n<\/h4>\n<p><\/p>\n","protected":false},"excerpt":{"rendered":"<p>Newface NF6006 Micro USB Kablo &#8211; Beyaz<\/p>\n","protected":false},"featured_media":119083,"comment_status":"open","ping_status":"closed","template":"","meta":[],"product_brand":[],"product_cat":[374,460],"product_tag":[1663,2512,2510,1510,9539,2511],"class_list":{"0":"post-119086","1":"product","2":"type-product","3":"status-publish","4":"has-post-thumbnail","6":"product_cat-mobil-aksesuar","7":"product_cat-arj-aleti","8":"product_tag-beyaz","9":"product_tag-kablo","10":"product_tag-micro","11":"product_tag-newface","12":"product_tag-nf6006","13":"product_tag-usb","15":"first","16":"instock","17":"taxable","18":"shipping-taxable","19":"purchasable","20":"product-type-simple"},"_links":{"self":[{"href":"https:\/\/depodanmusteriye.com\/urunler\/wp-json\/wp\/v2\/product\/119086","targetHints":{"allow":["GET"]}}],"collection":[{"href":"https:\/\/depodanmusteriye.com\/urunler\/wp-json\/wp\/v2\/product"}],"about":[{"href":"https:\/\/depodanmusteriye.com\/urunler\/wp-json\/wp\/v2\/types\/product"}],"replies":[{"embeddable":true,"href":"https:\/\/depodanmusteriye.com\/urunler\/wp-json\/wp\/v2\/comments?post=119086"}],"version-history":[{"count":0,"href":"https:\/\/depodanmusteriye.com\/urunler\/wp-json\/wp\/v2\/product\/119086\/revisions"}],"wp:featuredmedia":[{"embeddable":true,"href":"https:\/\/depodanmusteriye.com\/urunler\/wp-json\/wp\/v2\/media\/119083"}],"wp:attachment":[{"href":"https:\/\/depodanmusteriye.com\/urunler\/wp-json\/wp\/v2\/media?parent=119086"}],"wp:term":[{"taxonomy":"product_brand","embeddable":true,"href":"https:\/\/depodanmusteriye.com\/urunler\/wp-json\/wp\/v2\/product_brand?post=119086"},{"taxonomy":"product_cat","embeddable":true,"href":"https:\/\/depodanmusteriye.com\/urunler\/wp-json\/wp\/v2\/product_cat?post=119086"},{"taxonomy":"product_tag","embeddable":true,"href":"https:\/\/depodanmusteriye.com\/urunler\/wp-json\/wp\/v2\/product_tag?post=119086"}],"curies":[{"name":"wp","href":"https:\/\/api.w.org\/{rel}","templated":true}]}}