{"id":113095,"date":"2025-12-08T18:41:27","date_gmt":"2025-12-08T18:41:27","guid":{"rendered":"https:\/\/b2b.depodanmusteriye.com\/urun\/newface-ipad-2022-10-9-10-nesil-kilif-360-tablet-deri-kilif-gold\/"},"modified":"2025-12-08T18:41:27","modified_gmt":"2025-12-08T18:41:27","slug":"newface-ipad-2022-10-9-10-nesil-kilif-360-tablet-deri-kilif-gold","status":"publish","type":"product","link":"https:\/\/depodanmusteriye.com\/urunler\/urun\/newface-ipad-2022-10-9-10-nesil-kilif-360-tablet-deri-kilif-gold\/","title":{"rendered":"Newface iPad 2022 10.9 (10.nesil) K\u0131l\u0131f 360 Tablet Deri K\u0131l\u0131f &#8211; Gold"},"content":{"rendered":"<h4>Newface iPad 2022 10.9 (10.nesil) K\u0131l\u0131f 360 Tablet Deri K\u0131l\u0131f &#8211; Gold<\/p>\n<p><b>\u00dcr\u00fcn \u00d6zellikleri<\/b><br \/>Microfiber i\u00e7 y\u00fczeyi ve g\u00fc\u00e7lendirilmi\u015f i\u00e7 panalleri, ergonomik yap\u0131s\u0131 ile tabletinizi korumak ve kullan\u0131m\u0131n\u0131 kolayla\u015ft\u0131rmak i\u00e7in tasarlanm\u0131\u015ft\u0131r.<br \/>&#8212;- ile uyumludur.<br \/><span style=\"font-size: 1rem\">360 Derece d\u00f6nebilen arka kapa\u011f\u0131 ile farkl\u0131 stand duru\u015f \u015fekilleri se\u00e7ene\u011fi sunar.<br \/><\/span><span style=\"font-size: 1rem\">K\u0131l\u0131f\u0131 stand \u015feklinde yan ve dik kullanabilirsiniz.<br \/><\/span><span style=\"font-size: 1rem\">D\u00f6ner taban\u0131 sayesinde tabletinizin istedi\u011finiz \u015fekilde ve y\u00f6nde durmas\u0131n\u0131 sa\u011flar.<br \/><\/span><span style=\"font-size: 1rem\">K\u0131l\u0131f\u0131n Tableti tutan k\u0131sm\u0131 sert plastikten yap\u0131lm\u0131\u015ft\u0131r. Tabletinizin elden kolay kaymas\u0131n\u0131 engeller.<br \/><\/span><span style=\"font-size: 1rem\">Cihaz\u0131n\u0131z\u0131 \u00e7iziklerden, kirden ve darbelerden tamamen korur. K\u0131r\u0131lmaya kar\u015f\u0131 koruyucu k\u0131l\u0131f g\u00f6revi g\u00f6r\u00fcr.<br \/><\/span><span style=\"font-size: 1rem\">Harika kal\u0131p kesimi sayesinde cihaz\u0131n\u0131za tam uyum sa\u011flar.<br \/><\/span><span style=\"font-size: 1rem\">Tabletinizi k\u0131l\u0131f\u0131ndan \u00e7\u0131karmadan b\u00fct\u00fcn tu\u015flar\u0131 kullanabilirsiniz.<br \/><\/span><span style=\"font-size: 1rem\">A\u00e7ma-Kapama i\u015fleminde lastik kapak mevcuttur.<\/p>\n<p><\/span><\/p>\n<p><img decoding=\"async\" src=\"https:\/\/www.newface.com.tr\/img\/descriptions\/60117c4b7f8cd.jpg\" style=\"width: 50%\"><\/p>\n<p><b>1 adet fiyat\u0131d\u0131r<\/b> <\/p>\n<p><p><b>\u00dcretici Markas\u0131 : NEWFACE<\/b><\/p>\n<p><b>\u00dcretici Kodu : 8683140453077<\/b><\/p>\n<p><b>1 ADET F\u0130YATIDIR<\/b><\/p>\n<\/h4>\n<p><\/p>\n","protected":false},"excerpt":{"rendered":"<p>Newface iPad 2022 10.9 (10.nesil) K\u0131l\u0131f 360 Tablet Deri K\u0131l\u0131f &#8211; Gold<\/p>\n","protected":false},"featured_media":113091,"comment_status":"open","ping_status":"closed","template":"","meta":[],"product_brand":[],"product_cat":[374,756],"product_tag":[1513,3663,3488,1515,1517,1783,1511,1514,1510,1516],"class_list":{"0":"post-113095","1":"product","2":"type-product","3":"status-publish","4":"has-post-thumbnail","6":"product_cat-mobil-aksesuar","7":"product_cat-tablet-kilifi","8":"product_tag-10-9","9":"product_tag-10-nesil","10":"product_tag-3488","11":"product_tag-1515","12":"product_tag-deri","13":"product_tag-gold","14":"product_tag-ipad","15":"product_tag-kilif","16":"product_tag-newface","17":"product_tag-tablet","19":"first","20":"instock","21":"taxable","22":"shipping-taxable","23":"purchasable","24":"product-type-simple"},"_links":{"self":[{"href":"https:\/\/depodanmusteriye.com\/urunler\/wp-json\/wp\/v2\/product\/113095","targetHints":{"allow":["GET"]}}],"collection":[{"href":"https:\/\/depodanmusteriye.com\/urunler\/wp-json\/wp\/v2\/product"}],"about":[{"href":"https:\/\/depodanmusteriye.com\/urunler\/wp-json\/wp\/v2\/types\/product"}],"replies":[{"embeddable":true,"href":"https:\/\/depodanmusteriye.com\/urunler\/wp-json\/wp\/v2\/comments?post=113095"}],"version-history":[{"count":0,"href":"https:\/\/depodanmusteriye.com\/urunler\/wp-json\/wp\/v2\/product\/113095\/revisions"}],"wp:featuredmedia":[{"embeddable":true,"href":"https:\/\/depodanmusteriye.com\/urunler\/wp-json\/wp\/v2\/media\/113091"}],"wp:attachment":[{"href":"https:\/\/depodanmusteriye.com\/urunler\/wp-json\/wp\/v2\/media?parent=113095"}],"wp:term":[{"taxonomy":"product_brand","embeddable":true,"href":"https:\/\/depodanmusteriye.com\/urunler\/wp-json\/wp\/v2\/product_brand?post=113095"},{"taxonomy":"product_cat","embeddable":true,"href":"https:\/\/depodanmusteriye.com\/urunler\/wp-json\/wp\/v2\/product_cat?post=113095"},{"taxonomy":"product_tag","embeddable":true,"href":"https:\/\/depodanmusteriye.com\/urunler\/wp-json\/wp\/v2\/product_tag?post=113095"}],"curies":[{"name":"wp","href":"https:\/\/api.w.org\/{rel}","templated":true}]}}