{"id":112011,"date":"2025-12-08T17:35:35","date_gmt":"2025-12-08T17:35:35","guid":{"rendered":"https:\/\/b2b.depodanmusteriye.com\/urun\/newface-xiaomi-pocophone-x3-kamera-lens-koruma-cam\/"},"modified":"2025-12-08T17:35:35","modified_gmt":"2025-12-08T17:35:35","slug":"newface-xiaomi-pocophone-x3-kamera-lens-koruma-cam","status":"publish","type":"product","link":"https:\/\/depodanmusteriye.com\/urunler\/urun\/newface-xiaomi-pocophone-x3-kamera-lens-koruma-cam\/","title":{"rendered":"Newface Xiaomi Pocophone X3 Kamera Lens Koruma Cam"},"content":{"rendered":"<h4>Newface Xiaomi Pocophone X3 Kamera Lens Koruma Cam<\/p>\n<p>\u200b\u200b\u200b\u200b\u200b\u200bNEWFACE KAMERA LENS KORUMA CAMI<br \/>Kamera lens koruyucu film kamera \u00e7\u00f6z\u00fcn\u00fcrl\u00fc\u011f\u00fcn\u00fcz\u00fc de\u011fi\u015ftirmez (d\u00fc\u015f\u00fcrmez).<br \/>Cihaz\u0131n\u0131z\u0131n kameras\u0131n\u0131 darbeden,tozdan ve \u00e7izikten korur.<br \/>Cihaz kameran\u0131z\u0131 tamamen kaplar birebir uyum sa\u011flar.<\/p>\n<p><img decoding=\"async\" src=\"https:\/\/www.newface.com.tr\/img\/descriptions\/60e027a31e95b.jpg\" style=\"width: 50%\"><\/p>\n<p><img decoding=\"async\" src=\"https:\/\/www.newface.com.tr\/img\/descriptions\/65fee761774d4.jpg\" style=\"width: 50%\"><img decoding=\"async\" src=\"https:\/\/www.newface.com.tr\/img\/descriptions\/65fee7748a728.jpg\" style=\"width: 50%\"><img decoding=\"async\" src=\"https:\/\/www.newface.com.tr\/img\/descriptions\/65fee782af605.jpg\" style=\"width: 50%\"> <\/p>\n<p><b>1 adet fiyat\u0131d\u0131r<\/b> <\/p>\n<p><p><b>\u00dcretici Markas\u0131 : NEWFACE<\/b><\/p>\n<p><b>\u00dcretici Kodu : 8683140227395<\/b><\/p>\n<p><b>1 ADET F\u0130YATIDIR<\/b><\/p>\n<\/h4>\n<p><\/p>\n","protected":false},"excerpt":{"rendered":"<p>Newface Xiaomi Pocophone X3 Kamera Lens Koruma Cam<\/p>\n","protected":false},"featured_media":112008,"comment_status":"open","ping_status":"closed","template":"","meta":[],"product_brand":[],"product_cat":[2224,377],"product_tag":[1366,2017,1839,2018,1510,9350,9233,2490],"class_list":{"0":"post-112011","1":"product","2":"type-product","3":"status-publish","4":"has-post-thumbnail","6":"product_cat-ekran-koruyucu-film-gsm-mobil-aksesuar","7":"product_cat-gsm-mobil-aksesuar","8":"product_tag-cam","9":"product_tag-kamera","10":"product_tag-koruma","11":"product_tag-lens","12":"product_tag-newface","13":"product_tag-pocophone","14":"product_tag-x3","15":"product_tag-xiaomi","17":"first","18":"instock","19":"taxable","20":"shipping-taxable","21":"purchasable","22":"product-type-simple"},"_links":{"self":[{"href":"https:\/\/depodanmusteriye.com\/urunler\/wp-json\/wp\/v2\/product\/112011","targetHints":{"allow":["GET"]}}],"collection":[{"href":"https:\/\/depodanmusteriye.com\/urunler\/wp-json\/wp\/v2\/product"}],"about":[{"href":"https:\/\/depodanmusteriye.com\/urunler\/wp-json\/wp\/v2\/types\/product"}],"replies":[{"embeddable":true,"href":"https:\/\/depodanmusteriye.com\/urunler\/wp-json\/wp\/v2\/comments?post=112011"}],"version-history":[{"count":0,"href":"https:\/\/depodanmusteriye.com\/urunler\/wp-json\/wp\/v2\/product\/112011\/revisions"}],"wp:featuredmedia":[{"embeddable":true,"href":"https:\/\/depodanmusteriye.com\/urunler\/wp-json\/wp\/v2\/media\/112008"}],"wp:attachment":[{"href":"https:\/\/depodanmusteriye.com\/urunler\/wp-json\/wp\/v2\/media?parent=112011"}],"wp:term":[{"taxonomy":"product_brand","embeddable":true,"href":"https:\/\/depodanmusteriye.com\/urunler\/wp-json\/wp\/v2\/product_brand?post=112011"},{"taxonomy":"product_cat","embeddable":true,"href":"https:\/\/depodanmusteriye.com\/urunler\/wp-json\/wp\/v2\/product_cat?post=112011"},{"taxonomy":"product_tag","embeddable":true,"href":"https:\/\/depodanmusteriye.com\/urunler\/wp-json\/wp\/v2\/product_tag?post=112011"}],"curies":[{"name":"wp","href":"https:\/\/api.w.org\/{rel}","templated":true}]}}