{"id":111996,"date":"2025-12-08T17:34:41","date_gmt":"2025-12-08T17:34:41","guid":{"rendered":"https:\/\/b2b.depodanmusteriye.com\/urun\/newface-samsung-galaxy-s23-fe-pasifik-cam-ekran-koruyucu\/"},"modified":"2025-12-08T17:34:41","modified_gmt":"2025-12-08T17:34:41","slug":"newface-samsung-galaxy-s23-fe-pasifik-cam-ekran-koruyucu","status":"publish","type":"product","link":"https:\/\/depodanmusteriye.com\/urunler\/urun\/newface-samsung-galaxy-s23-fe-pasifik-cam-ekran-koruyucu\/","title":{"rendered":"Newface Samsung Galaxy S23 FE Pasifik Cam Ekran Koruyucu"},"content":{"rendered":"<h4>Newface Samsung Galaxy S23 FE Pasifik Cam Ekran Koruyucu<\/p>\n<h3><strong>NEWFACE Pasifik Cam Ekran Koruyucu<\/strong><\/h3>\n<p><\/p>\n<p>\u2705 <strong>9H Sertlik \u2013 \u00dcst\u00fcn Darbe Direnci<\/strong><\/p>\n<p> Pasifik serisi ekran koruyucu, 9H sertlik derecesi sayesinde cihaz\u0131n\u0131z\u0131 darbe, \u00e7izik, toz, kabarc\u0131k ve s\u0131v\u0131 temas\u0131na kar\u015f\u0131 etkin \u015fekilde korur. G\u00fcnl\u00fck kullan\u0131m\u0131n getirdi\u011fi t\u00fcm risklere kar\u015f\u0131 y\u00fcksek dayan\u0131kl\u0131l\u0131k sunar.<\/p>\n<p>\u2705 <strong>%99 HD G\u00f6r\u00fcnt\u00fc Aktar\u0131m\u0131<\/strong><\/p>\n<p> Ultra \u015feffaf temperli cam yap\u0131s\u0131, ekran\u0131n\u0131z\u0131n renk canl\u0131l\u0131\u011f\u0131n\u0131 ve netli\u011fini %99 oran\u0131nda korur. G\u00f6rsel kaliteden \u00f6d\u00fcn vermeden ekran deneyimi ya\u015fars\u0131n\u0131z.<\/p>\n<p>\u2705 <strong>Parmak \u0130zi ve Lekelere Kar\u015f\u0131 Koruma<\/strong><\/p>\n<p> \u00d6zel oleofobik kaplamas\u0131 sayesinde parmak izi ve leke olu\u015fumunu minimuma indirir. Her dokunu\u015fta ekran\u0131n\u0131z temiz, p\u00fcr\u00fczs\u00fcz ve net kal\u0131r.<\/p>\n<p>\u2705 <strong>\u00dcst\u00fcn Esneklik ve Kolay Uygulama<\/strong><\/p>\n<p> Hafif ve esnek cam yap\u0131s\u0131 sayesinde kolay uygulanabilir. Hava kabarc\u0131\u011f\u0131 olu\u015fumuna kar\u015f\u0131 dayan\u0131kl\u0131d\u0131r ve do\u011fru yerle\u015ftirildi\u011finde tam uyum sa\u011flar.<\/p>\n<p>\u2705 <strong>Orijinal Dokunma Hissi<\/strong><\/p>\n<p> Y\u00fcksek hassasiyetli dokunmatik y\u00fczeyi ile ekran tepkisini azaltmaz. Do\u011fal dokunma hissini bozmadan maksimum performans sa\u011flar.<\/p>\n<p>\u2705 <strong>T\u00fcm Detaylara Uyumlu Kesim<\/strong><\/p>\n<p> Kamera, sens\u00f6r, buton ve ba\u011flant\u0131 noktalar\u0131na tam uyum sa\u011flayacak \u015fekilde lazer kesimle \u00fcretilmi\u015ftir. Cihaz\u0131n\u0131z\u0131n i\u015flevlerini hi\u00e7bir \u015fekilde k\u0131s\u0131tlamaz.<\/p>\n<p><b>1 adet fiyat\u0131d\u0131r<\/b> <\/p>\n<p><p><b>\u00dcretici Markas\u0131 : NEWFACE<\/b><\/p>\n<p><b>\u00dcretici Kodu : 8683140625979<\/b><\/p>\n<p><b>1 ADET F\u0130YATIDIR<\/b><\/p>\n<\/h4>\n<p><\/p>\n","protected":false},"excerpt":{"rendered":"<p>Newface Samsung Galaxy S23 FE Pasifik Cam Ekran Koruyucu<\/p>\n","protected":false},"featured_media":111990,"comment_status":"open","ping_status":"closed","template":"","meta":[],"product_brand":[],"product_cat":[2224,377],"product_tag":[1366,2774,3359,1974,2775,1510,3154,3202,1973],"class_list":{"0":"post-111996","1":"product","2":"type-product","3":"status-publish","4":"has-post-thumbnail","6":"product_cat-ekran-koruyucu-film-gsm-mobil-aksesuar","7":"product_cat-gsm-mobil-aksesuar","8":"product_tag-cam","9":"product_tag-ekran","10":"product_tag-fe","11":"product_tag-galaxy","12":"product_tag-koruyucu","13":"product_tag-newface","14":"product_tag-pasifik","15":"product_tag-s23","16":"product_tag-samsung","18":"first","19":"instock","20":"taxable","21":"shipping-taxable","22":"purchasable","23":"product-type-simple"},"_links":{"self":[{"href":"https:\/\/depodanmusteriye.com\/urunler\/wp-json\/wp\/v2\/product\/111996","targetHints":{"allow":["GET"]}}],"collection":[{"href":"https:\/\/depodanmusteriye.com\/urunler\/wp-json\/wp\/v2\/product"}],"about":[{"href":"https:\/\/depodanmusteriye.com\/urunler\/wp-json\/wp\/v2\/types\/product"}],"replies":[{"embeddable":true,"href":"https:\/\/depodanmusteriye.com\/urunler\/wp-json\/wp\/v2\/comments?post=111996"}],"version-history":[{"count":0,"href":"https:\/\/depodanmusteriye.com\/urunler\/wp-json\/wp\/v2\/product\/111996\/revisions"}],"wp:featuredmedia":[{"embeddable":true,"href":"https:\/\/depodanmusteriye.com\/urunler\/wp-json\/wp\/v2\/media\/111990"}],"wp:attachment":[{"href":"https:\/\/depodanmusteriye.com\/urunler\/wp-json\/wp\/v2\/media?parent=111996"}],"wp:term":[{"taxonomy":"product_brand","embeddable":true,"href":"https:\/\/depodanmusteriye.com\/urunler\/wp-json\/wp\/v2\/product_brand?post=111996"},{"taxonomy":"product_cat","embeddable":true,"href":"https:\/\/depodanmusteriye.com\/urunler\/wp-json\/wp\/v2\/product_cat?post=111996"},{"taxonomy":"product_tag","embeddable":true,"href":"https:\/\/depodanmusteriye.com\/urunler\/wp-json\/wp\/v2\/product_tag?post=111996"}],"curies":[{"name":"wp","href":"https:\/\/api.w.org\/{rel}","templated":true}]}}