{"id":111973,"date":"2025-12-08T17:33:17","date_gmt":"2025-12-08T17:33:17","guid":{"rendered":"https:\/\/b2b.depodanmusteriye.com\/urun\/newface-iphone-6-plus-20d-premium-cam-ekran-koruyucu-beyaz\/"},"modified":"2025-12-08T17:33:17","modified_gmt":"2025-12-08T17:33:17","slug":"newface-iphone-6-plus-20d-premium-cam-ekran-koruyucu-beyaz","status":"publish","type":"product","link":"https:\/\/depodanmusteriye.com\/urunler\/urun\/newface-iphone-6-plus-20d-premium-cam-ekran-koruyucu-beyaz\/","title":{"rendered":"Newface iPhone 6 Plus 20D Premium Cam Ekran Koruyucu &#8211; Beyaz"},"content":{"rendered":"<h4>Newface iPhone 6 Plus 20D Premium Cam Ekran Koruyucu &#8211; Beyaz<\/p>\n<p><p><b>NEWFACE 20D CAM EKRAN KORUYUCU<\/b><\/p>\n<p>20D \u00d6zelli\u011fi ile ekran\u0131 kaplar.<br \/>&#8212;- ile uyumludur.<br \/>Ekran\u0131n\u0131z\u0131 darbelere ve \u00e7iziklere kar\u015f\u0131 korur.<br \/>Hayalet \u00f6zelli\u011fi sayesinde \u00e7evreden ekran\u0131n\u0131z\u0131n g\u00f6r\u00fcnmesini engeller.<br \/>Kenarlar\u0131 renklidir.<br \/>9H Cam \u00f6zelli\u011fi ile kullan\u0131m kolayl\u0131\u011f\u0131 sa\u011flar.<br \/>Y\u00fcksek hassasiyete sahiptir.<\/p>\n<p><img decoding=\"async\" src=\"https:\/\/www.newface.com.tr\/img\/descriptions\/606ead79ccd00.jpg\" style=\"width: 25%\"><\/p>\n<p><\/p>\n<p><img decoding=\"async\" src=\"https:\/\/www.newface.com.tr\/img\/descriptions\/62036a14aa0ed.jpg\" style=\"width: 50%\"><\/p>\n<p><b>1 adet fiyat\u0131d\u0131r<\/b> <\/p>\n<p><p><b>\u00dcretici Markas\u0131 : NEWFACE<\/b><\/p>\n<p><b>\u00dcretici Kodu : 8683140226220<\/b><\/p>\n<p><b>1 ADET F\u0130YATIDIR<\/b><\/p>\n<\/h4>\n<p><\/p>\n","protected":false},"excerpt":{"rendered":"<p>Newface iPhone 6 Plus 20D Premium Cam Ekran Koruyucu &#8211; Beyaz<\/p>\n","protected":false},"featured_media":111968,"comment_status":"open","ping_status":"closed","template":"","meta":[],"product_brand":[],"product_cat":[2224,377],"product_tag":[3523,1224,1663,1366,2774,1950,2775,1510,2498,2505],"class_list":{"0":"post-111973","1":"product","2":"type-product","3":"status-publish","4":"has-post-thumbnail","6":"product_cat-ekran-koruyucu-film-gsm-mobil-aksesuar","7":"product_cat-gsm-mobil-aksesuar","8":"product_tag-20d","9":"product_tag-1224","10":"product_tag-beyaz","11":"product_tag-cam","12":"product_tag-ekran","13":"product_tag-iphone","14":"product_tag-koruyucu","15":"product_tag-newface","16":"product_tag-plus","17":"product_tag-premium","19":"first","20":"instock","21":"taxable","22":"shipping-taxable","23":"purchasable","24":"product-type-simple"},"_links":{"self":[{"href":"https:\/\/depodanmusteriye.com\/urunler\/wp-json\/wp\/v2\/product\/111973","targetHints":{"allow":["GET"]}}],"collection":[{"href":"https:\/\/depodanmusteriye.com\/urunler\/wp-json\/wp\/v2\/product"}],"about":[{"href":"https:\/\/depodanmusteriye.com\/urunler\/wp-json\/wp\/v2\/types\/product"}],"replies":[{"embeddable":true,"href":"https:\/\/depodanmusteriye.com\/urunler\/wp-json\/wp\/v2\/comments?post=111973"}],"version-history":[{"count":0,"href":"https:\/\/depodanmusteriye.com\/urunler\/wp-json\/wp\/v2\/product\/111973\/revisions"}],"wp:featuredmedia":[{"embeddable":true,"href":"https:\/\/depodanmusteriye.com\/urunler\/wp-json\/wp\/v2\/media\/111968"}],"wp:attachment":[{"href":"https:\/\/depodanmusteriye.com\/urunler\/wp-json\/wp\/v2\/media?parent=111973"}],"wp:term":[{"taxonomy":"product_brand","embeddable":true,"href":"https:\/\/depodanmusteriye.com\/urunler\/wp-json\/wp\/v2\/product_brand?post=111973"},{"taxonomy":"product_cat","embeddable":true,"href":"https:\/\/depodanmusteriye.com\/urunler\/wp-json\/wp\/v2\/product_cat?post=111973"},{"taxonomy":"product_tag","embeddable":true,"href":"https:\/\/depodanmusteriye.com\/urunler\/wp-json\/wp\/v2\/product_tag?post=111973"}],"curies":[{"name":"wp","href":"https:\/\/api.w.org\/{rel}","templated":true}]}}