{"id":111947,"date":"2025-12-08T17:31:46","date_gmt":"2025-12-08T17:31:46","guid":{"rendered":"https:\/\/b2b.depodanmusteriye.com\/urun\/newface-iphone-7-plus-kilif-coco-deri-standli-kapak-sari\/"},"modified":"2025-12-08T17:31:46","modified_gmt":"2025-12-08T17:31:46","slug":"newface-iphone-7-plus-kilif-coco-deri-standli-kapak-sari","status":"publish","type":"product","link":"https:\/\/depodanmusteriye.com\/urunler\/urun\/newface-iphone-7-plus-kilif-coco-deri-standli-kapak-sari\/","title":{"rendered":"Newface iPhone 7 Plus K\u0131l\u0131f Coco Deri Standl\u0131 Kapak &#8211; Sar\u0131"},"content":{"rendered":"<h4>Newface iPhone 7 Plus K\u0131l\u0131f Coco Deri Standl\u0131 Kapak &#8211; Sar\u0131<\/p>\n<p><span style=\"font-weight: bolder\">NEWFACE DER\u0130 G\u00d6R\u00dcN\u00dcML\u00dc STANDLI S\u0130L\u0130KON KAPAK<\/span><\/p>\n<p>Deri g\u00f6r\u00fcn\u00fcml\u00fc y\u00fczey ile telefonunuza farkli bir g\u00f6r\u00fcn\u00fcm kazand\u0131r\u0131r.<br \/>&#8212;- ile uyumludur.<br \/>Stand olma \u00f6zelli\u011fi sayesinde video, film izlemeye olanak sa\u011flar.&nbsp;<br \/>M\u00fckemmel kal\u0131b\u0131 sayesinde cihaz\u0131n\u0131za tam uyum sa\u011flar.<br \/><span style=\"font-size: 1rem\">\u00dcr\u00fcn\u00fcm\u00fcz, \u00f6zel tasar\u0131ml\u0131 bir k\u0131l\u0131ft\u0131r.<br \/>Son derece modern g\u00f6r\u00fcn\u00fcml\u00fcd\u00fcr.<br \/>Yumu\u015fak esnek k\u0131l\u0131f cihaz\u0131n\u0131z\u0131n kal\u0131plar\u0131na bire bir uyumludur.<br \/>Cihaz\u0131n\u0131z\u0131 sararak \u00e7izilmesini engeller.<br \/>D\u0131\u015f y\u00fczeyi deri g\u00f6r\u00fcn\u00fcml\u00fcd\u00fcr, tam kavraman\u0131z\u0131 sa\u011flar.<br \/><\/span><span style=\"font-size: 1rem\">K\u0131l\u0131f tak\u0131l\u0131 iken cihaz\u0131n t\u00fcm ba\u011flant\u0131 noktalar\u0131na rahatl\u0131kla ula\u015f\u0131labilir.<br \/>Kolayca tak\u0131p \u00e7\u0131kar\u0131labilir.<br \/>\u0130\u00e7eri\u011finde Sa\u011fl\u0131\u011fa zararl\u0131 materyal bulunmamaktad\u0131r.<\/span><\/p>\n<p><span style=\"font-size: 1rem\"><br \/><\/span><span style=\"font-size: 1rem\">\u00d6zellikler;<\/span><span style=\"font-size: 1rem\"><br \/><\/span><span style=\"font-size: 1rem\">Telefonunuzu tam sarar ve zarar vermez, d\u0131\u015f etkenlerden korur.<br \/><\/span><span style=\"font-size: 1rem\">Darbelere maximum koruma sa\u011flar.<br \/><\/span><span style=\"font-size: 1rem\">Esnek Silikon yap\u0131s\u0131 vard\u0131r, kolayca tak\u0131p \u00e7\u0131karabilirsiniz.<br \/><\/span><span style=\"font-size: 1rem\">Kapak tak\u0131l\u0131 iken t\u00fcm slotlara eri\u015febilirsiniz.<\/span><\/p>\n<p><img decoding=\"async\" src=\"https:\/\/www.newface.com.tr\/img\/descriptions\/63109e48ad1a3.jpg\" style=\"width: 50%\"> <\/p>\n<p><b>1 adet fiyat\u0131d\u0131r<\/b> <\/p>\n<p><p><b>\u00dcretici Markas\u0131 : NEWFACE<\/b><\/p>\n<p><b>\u00dcretici Kodu : 8683140226077<\/b><\/p>\n<p><b>1 ADET F\u0130YATIDIR<\/b><\/p>\n<\/h4>\n<p><\/p>\n","protected":false},"excerpt":{"rendered":"<p>Newface iPhone 7 Plus K\u0131l\u0131f Coco Deri Standl\u0131 Kapak &#8211; Sar\u0131<\/p>\n","protected":false},"featured_media":111944,"comment_status":"open","ping_status":"closed","template":"","meta":[],"product_brand":[],"product_cat":[457,374],"product_tag":[2973,2750,1517,1950,1389,1514,1510,2498,2350,2787],"class_list":{"0":"post-111947","1":"product","2":"type-product","3":"status-publish","4":"has-post-thumbnail","6":"product_cat-kapak-and-kilif","7":"product_cat-mobil-aksesuar","8":"product_tag-2973","9":"product_tag-coco","10":"product_tag-deri","11":"product_tag-iphone","12":"product_tag-kapak","13":"product_tag-kilif","14":"product_tag-newface","15":"product_tag-plus","16":"product_tag-sari","17":"product_tag-standli","19":"first","20":"instock","21":"taxable","22":"shipping-taxable","23":"purchasable","24":"product-type-simple"},"_links":{"self":[{"href":"https:\/\/depodanmusteriye.com\/urunler\/wp-json\/wp\/v2\/product\/111947","targetHints":{"allow":["GET"]}}],"collection":[{"href":"https:\/\/depodanmusteriye.com\/urunler\/wp-json\/wp\/v2\/product"}],"about":[{"href":"https:\/\/depodanmusteriye.com\/urunler\/wp-json\/wp\/v2\/types\/product"}],"replies":[{"embeddable":true,"href":"https:\/\/depodanmusteriye.com\/urunler\/wp-json\/wp\/v2\/comments?post=111947"}],"version-history":[{"count":0,"href":"https:\/\/depodanmusteriye.com\/urunler\/wp-json\/wp\/v2\/product\/111947\/revisions"}],"wp:featuredmedia":[{"embeddable":true,"href":"https:\/\/depodanmusteriye.com\/urunler\/wp-json\/wp\/v2\/media\/111944"}],"wp:attachment":[{"href":"https:\/\/depodanmusteriye.com\/urunler\/wp-json\/wp\/v2\/media?parent=111947"}],"wp:term":[{"taxonomy":"product_brand","embeddable":true,"href":"https:\/\/depodanmusteriye.com\/urunler\/wp-json\/wp\/v2\/product_brand?post=111947"},{"taxonomy":"product_cat","embeddable":true,"href":"https:\/\/depodanmusteriye.com\/urunler\/wp-json\/wp\/v2\/product_cat?post=111947"},{"taxonomy":"product_tag","embeddable":true,"href":"https:\/\/depodanmusteriye.com\/urunler\/wp-json\/wp\/v2\/product_tag?post=111947"}],"curies":[{"name":"wp","href":"https:\/\/api.w.org\/{rel}","templated":true}]}}