{"id":110870,"date":"2025-12-08T16:27:18","date_gmt":"2025-12-08T16:27:18","guid":{"rendered":"https:\/\/b2b.depodanmusteriye.com\/urun\/newface-samsung-galaxy-t220-tab-a7-lite-8-7-kilif-360-tablet-deri-kilif-murdum\/"},"modified":"2025-12-08T16:27:18","modified_gmt":"2025-12-08T16:27:18","slug":"newface-samsung-galaxy-t220-tab-a7-lite-8-7-kilif-360-tablet-deri-kilif-murdum","status":"publish","type":"product","link":"https:\/\/depodanmusteriye.com\/urunler\/urun\/newface-samsung-galaxy-t220-tab-a7-lite-8-7-kilif-360-tablet-deri-kilif-murdum\/","title":{"rendered":"Newface Samsung Galaxy T220 Tab A7 Lite 8.7 K\u0131l\u0131f 360 Tablet Deri K\u0131l\u0131f &#8211; M\u00fcrd\u00fcm"},"content":{"rendered":"<h4>Newface Samsung Galaxy T220 Tab A7 Lite 8.7 K\u0131l\u0131f 360 Tablet Deri K\u0131l\u0131f &#8211; M\u00fcrd\u00fcm<\/p>\n<p><b>\u00dcr\u00fcn \u00d6zellikleri<\/b><br \/>Microfiber i\u00e7 y\u00fczeyi ve g\u00fc\u00e7lendirilmi\u015f i\u00e7 panalleri, ergonomik yap\u0131s\u0131 ile tabletinizi korumak ve kullan\u0131m\u0131n\u0131 kolayla\u015ft\u0131rmak i\u00e7in tasarlanm\u0131\u015ft\u0131r.<br \/>&#8212;- ile uyumludur.<br \/><span style=\"font-size: 1rem\">360 Derece d\u00f6nebilen arka kapa\u011f\u0131 ile farkl\u0131 stand duru\u015f \u015fekilleri se\u00e7ene\u011fi sunar.<br \/><\/span><span style=\"font-size: 1rem\">K\u0131l\u0131f\u0131 stand \u015feklinde yan ve dik kullanabilirsiniz.<br \/><\/span><span style=\"font-size: 1rem\">D\u00f6ner taban\u0131 sayesinde tabletinizin istedi\u011finiz \u015fekilde ve y\u00f6nde durmas\u0131n\u0131 sa\u011flar.<br \/><\/span><span style=\"font-size: 1rem\">K\u0131l\u0131f\u0131n Tableti tutan k\u0131sm\u0131 sert plastikten yap\u0131lm\u0131\u015ft\u0131r. Tabletinizin elden kolay kaymas\u0131n\u0131 engeller.<br \/><\/span><span style=\"font-size: 1rem\">Cihaz\u0131n\u0131z\u0131 \u00e7iziklerden, kirden ve darbelerden tamamen korur. K\u0131r\u0131lmaya kar\u015f\u0131 koruyucu k\u0131l\u0131f g\u00f6revi g\u00f6r\u00fcr.<br \/><\/span><span style=\"font-size: 1rem\">Harika kal\u0131p kesimi sayesinde cihaz\u0131n\u0131za tam uyum sa\u011flar.<br \/><\/span><span style=\"font-size: 1rem\">Tabletinizi k\u0131l\u0131f\u0131ndan \u00e7\u0131karmadan b\u00fct\u00fcn tu\u015flar\u0131 kullanabilirsiniz.<br \/><\/span><span style=\"font-size: 1rem\">A\u00e7ma-Kapama i\u015fleminde lastik kapak mevcuttur.<\/p>\n<p><\/span><\/p>\n<p><img decoding=\"async\" src=\"https:\/\/www.newface.com.tr\/img\/descriptions\/60117c4b7f8cd.jpg\" style=\"width: 50%\"><\/p>\n<p><b>1 adet fiyat\u0131d\u0131r<\/b> <\/p>\n<p><p><b>\u00dcretici Markas\u0131 : NEWFACE<\/b><\/p>\n<p><b>\u00dcretici Kodu : 8683140220945<\/b><\/p>\n<p><b>1 ADET F\u0130YATIDIR<\/b><\/p>\n<\/h4>\n<p><\/p>\n","protected":false},"excerpt":{"rendered":"<p>Newface Samsung Galaxy T220 Tab A7 Lite 8.7 K\u0131l\u0131f 360 Tablet Deri K\u0131l\u0131f &#8211; M\u00fcrd\u00fcm<\/p>\n","protected":false},"featured_media":110867,"comment_status":"open","ping_status":"closed","template":"","meta":[],"product_brand":[],"product_cat":[374,756],"product_tag":[1515,9348,2769,1517,1974,1514,2764,3169,1510,1973,9347,2003,1516],"class_list":{"0":"post-110870","1":"product","2":"type-product","3":"status-publish","4":"has-post-thumbnail","6":"product_cat-mobil-aksesuar","7":"product_cat-tablet-kilifi","8":"product_tag-1515","9":"product_tag-8-7","10":"product_tag-a7","11":"product_tag-deri","12":"product_tag-galaxy","13":"product_tag-kilif","14":"product_tag-lite","15":"product_tag-murdum","16":"product_tag-newface","17":"product_tag-samsung","18":"product_tag-t220","19":"product_tag-tab","20":"product_tag-tablet","22":"first","23":"instock","24":"taxable","25":"shipping-taxable","26":"purchasable","27":"product-type-simple"},"_links":{"self":[{"href":"https:\/\/depodanmusteriye.com\/urunler\/wp-json\/wp\/v2\/product\/110870","targetHints":{"allow":["GET"]}}],"collection":[{"href":"https:\/\/depodanmusteriye.com\/urunler\/wp-json\/wp\/v2\/product"}],"about":[{"href":"https:\/\/depodanmusteriye.com\/urunler\/wp-json\/wp\/v2\/types\/product"}],"replies":[{"embeddable":true,"href":"https:\/\/depodanmusteriye.com\/urunler\/wp-json\/wp\/v2\/comments?post=110870"}],"version-history":[{"count":0,"href":"https:\/\/depodanmusteriye.com\/urunler\/wp-json\/wp\/v2\/product\/110870\/revisions"}],"wp:featuredmedia":[{"embeddable":true,"href":"https:\/\/depodanmusteriye.com\/urunler\/wp-json\/wp\/v2\/media\/110867"}],"wp:attachment":[{"href":"https:\/\/depodanmusteriye.com\/urunler\/wp-json\/wp\/v2\/media?parent=110870"}],"wp:term":[{"taxonomy":"product_brand","embeddable":true,"href":"https:\/\/depodanmusteriye.com\/urunler\/wp-json\/wp\/v2\/product_brand?post=110870"},{"taxonomy":"product_cat","embeddable":true,"href":"https:\/\/depodanmusteriye.com\/urunler\/wp-json\/wp\/v2\/product_cat?post=110870"},{"taxonomy":"product_tag","embeddable":true,"href":"https:\/\/depodanmusteriye.com\/urunler\/wp-json\/wp\/v2\/product_tag?post=110870"}],"curies":[{"name":"wp","href":"https:\/\/api.w.org\/{rel}","templated":true}]}}