{"id":110685,"date":"2025-12-08T16:15:39","date_gmt":"2025-12-08T16:15:39","guid":{"rendered":"https:\/\/b2b.depodanmusteriye.com\/urun\/newface-oppo-a54-4g-5d-eko-cam-ekran-koruyucu\/"},"modified":"2025-12-08T16:15:39","modified_gmt":"2025-12-08T16:15:39","slug":"newface-oppo-a54-4g-5d-eko-cam-ekran-koruyucu","status":"publish","type":"product","link":"https:\/\/depodanmusteriye.com\/urunler\/urun\/newface-oppo-a54-4g-5d-eko-cam-ekran-koruyucu\/","title":{"rendered":"Newface Oppo A54 4G 5D Eko Cam Ekran Koruyucu"},"content":{"rendered":"<h4>Newface Oppo A54 4G 5D Eko Cam Ekran Koruyucu<\/p>\n<p><p><b>NEWFACE 5D CAM EKRAN KORUYUCU<\/b><\/p>\n<p>5D \u00d6zelli\u011fi ile ekran\u0131 kaplar.<br \/>&#8212;- ile uyumludur.<br \/>Ekran\u0131n\u0131z\u0131 darbelere ve \u00e7iziklere kar\u015f\u0131 korur.<br \/>Hayalet \u00f6zelli\u011fi sayesinde \u00e7evreden ekran\u0131n\u0131z\u0131n g\u00f6r\u00fcnmesini engeller.<br \/>Kenarlar\u0131 renklidir.<br \/>9H Cam \u00f6zelli\u011fi ile kullan\u0131m kolayl\u0131\u011f\u0131 sa\u011flar.<\/p>\n<p><img decoding=\"async\" src=\"https:\/\/www.newface.com.tr\/img\/descriptions\/606ead638c65f.jpg\" style=\"width: 25%\"><\/p>\n<p><\/p>\n<p><img decoding=\"async\" src=\"https:\/\/www.newface.com.tr\/img\/descriptions\/62036af337530.jpg\" style=\"width: 50%\"><\/p>\n<p><b>1 adet fiyat\u0131d\u0131r<\/b> <\/p>\n<p><p><b>\u00dcretici Markas\u0131 : NEWFACE<\/b><\/p>\n<p><b>\u00dcretici Kodu : 8683140218843<\/b><\/p>\n<p><b>1 ADET F\u0130YATIDIR<\/b><\/p>\n<\/h4>\n<p><\/p>\n","protected":false},"excerpt":{"rendered":"<p>Newface Oppo A54 4G 5D Eko Cam Ekran Koruyucu<\/p>\n","protected":false},"featured_media":110683,"comment_status":"open","ping_status":"closed","template":"","meta":[],"product_brand":[],"product_cat":[2224,377],"product_tag":[2815,3369,3303,1366,3521,2774,2775,1510,9101],"class_list":{"0":"post-110685","1":"product","2":"type-product","3":"status-publish","4":"has-post-thumbnail","6":"product_cat-ekran-koruyucu-film-gsm-mobil-aksesuar","7":"product_cat-gsm-mobil-aksesuar","8":"product_tag-4g","9":"product_tag-5d","10":"product_tag-a54","11":"product_tag-cam","12":"product_tag-eko","13":"product_tag-ekran","14":"product_tag-koruyucu","15":"product_tag-newface","16":"product_tag-oppo","18":"first","19":"instock","20":"taxable","21":"shipping-taxable","22":"purchasable","23":"product-type-simple"},"_links":{"self":[{"href":"https:\/\/depodanmusteriye.com\/urunler\/wp-json\/wp\/v2\/product\/110685","targetHints":{"allow":["GET"]}}],"collection":[{"href":"https:\/\/depodanmusteriye.com\/urunler\/wp-json\/wp\/v2\/product"}],"about":[{"href":"https:\/\/depodanmusteriye.com\/urunler\/wp-json\/wp\/v2\/types\/product"}],"replies":[{"embeddable":true,"href":"https:\/\/depodanmusteriye.com\/urunler\/wp-json\/wp\/v2\/comments?post=110685"}],"version-history":[{"count":0,"href":"https:\/\/depodanmusteriye.com\/urunler\/wp-json\/wp\/v2\/product\/110685\/revisions"}],"wp:featuredmedia":[{"embeddable":true,"href":"https:\/\/depodanmusteriye.com\/urunler\/wp-json\/wp\/v2\/media\/110683"}],"wp:attachment":[{"href":"https:\/\/depodanmusteriye.com\/urunler\/wp-json\/wp\/v2\/media?parent=110685"}],"wp:term":[{"taxonomy":"product_brand","embeddable":true,"href":"https:\/\/depodanmusteriye.com\/urunler\/wp-json\/wp\/v2\/product_brand?post=110685"},{"taxonomy":"product_cat","embeddable":true,"href":"https:\/\/depodanmusteriye.com\/urunler\/wp-json\/wp\/v2\/product_cat?post=110685"},{"taxonomy":"product_tag","embeddable":true,"href":"https:\/\/depodanmusteriye.com\/urunler\/wp-json\/wp\/v2\/product_tag?post=110685"}],"curies":[{"name":"wp","href":"https:\/\/api.w.org\/{rel}","templated":true}]}}