{"id":107636,"date":"2025-12-08T13:08:34","date_gmt":"2025-12-08T13:08:34","guid":{"rendered":"https:\/\/b2b.depodanmusteriye.com\/urun\/joko-iphone-11-pvd-metal-kamera-lens-turuncu\/"},"modified":"2025-12-08T13:08:34","modified_gmt":"2025-12-08T13:08:34","slug":"joko-iphone-11-pvd-metal-kamera-lens-turuncu","status":"publish","type":"product","link":"https:\/\/depodanmusteriye.com\/urunler\/urun\/joko-iphone-11-pvd-metal-kamera-lens-turuncu\/","title":{"rendered":"Joko iPhone 11 PVD Metal Kamera Lens &#8211; Turuncu"},"content":{"rendered":"<h4>Joko iPhone 11 PVD Metal Kamera Lens &#8211; Turuncu<\/p>\n<p><b>Joko PVD Metal Kamera Lens<\/b><\/p>\n<p><\/p>\n<p>Y\u00fcksek Kaliteli PVD Kaplama: Joko PVD Metal Kamera Lens Koruyucu, dayan\u0131kl\u0131 ve \u015f\u0131k bir koruma sa\u011flamak i\u00e7in fiziksel buhar biriktirme (PVD) kaplama teknolojisi ile \u00fcretilmi\u015ftir. Bu kaplama, koruyucunun uzun \u00f6m\u00fcrl\u00fc olmas\u0131n\u0131 sa\u011flayarak lensin \u00e7izilmelere, darbelere ve a\u015f\u0131nmalara kar\u015f\u0131 dayan\u0131kl\u0131l\u0131\u011f\u0131n\u0131 art\u0131r\u0131r.<\/p>\n<p>\u00dcst\u00fcn Kamera Korumas\u0131: Cihaz\u0131n\u0131z\u0131n hassas kamera lensini \u00e7izilmeye, toza ve darbelere kar\u015f\u0131 korur. Ayn\u0131 zamanda kamera performans\u0131n\u0131 olumsuz etkilemez ve y\u00fcksek kaliteli foto\u011fraf ve video \u00e7ekimlerini destekler.<\/p>\n<p>Minimalist ve \u015e\u0131k Tasar\u0131m: Ultra ince ve hafif yap\u0131s\u0131 sayesinde telefonunuzu kal\u0131nla\u015ft\u0131rmaz ve telefonunuzun orijinal tasar\u0131m\u0131n\u0131 korur. \u015e\u0131kl\u0131\u011f\u0131ndan \u00f6d\u00fcn vermeyen bir koruma sa\u011flar.<\/p>\n<p>Kolay Uygulama: Yap\u0131\u015fkanl\u0131 y\u00fczeyi sayesinde montaj\u0131 son derece kolayd\u0131r. Lensinize tam oturur ve kayma yapmadan g\u00fcvenle yerinde kal\u0131r. Ayr\u0131ca gerekti\u011finde iz b\u0131rakmadan \u00e7\u0131kar\u0131labilir.<\/p>\n<p>Tam Uyum: iPhone ve di\u011fer uyumlu modellerin kamera lensine m\u00fckemmel \u015fekilde uyar, t\u00fcm lenslerin ve fla\u015f\u0131n sorunsuz \u00e7al\u0131\u015fmas\u0131n\u0131 sa\u011flar.<\/p>\n<p><img decoding=\"async\" src=\"https:\/\/www.newface.com.tr\/img\/descriptions\/65fec88401947.jpg\" style=\"width: 50%\"> <\/p>\n<p><b>1 adet fiyat\u0131d\u0131r<\/b> <\/p>\n<p><p><b>\u00dcretici Markas\u0131 : JOKO<\/b><\/p>\n<p><b>\u00dcretici Kodu : 8683140749811<\/b><\/p>\n<p><b>1 ADET F\u0130YATIDIR<\/b><\/p>\n<\/h4>\n<p><\/p>\n","protected":false},"excerpt":{"rendered":"<p>Joko iPhone 11 PVD Metal Kamera Lens &#8211; Turuncu<\/p>\n","protected":false},"featured_media":107634,"comment_status":"open","ping_status":"closed","template":"","meta":[],"product_brand":[],"product_cat":[2224,377],"product_tag":[2483,1950,3305,2017,2018,1875,3357,1995],"class_list":{"0":"post-107636","1":"product","2":"type-product","3":"status-publish","4":"has-post-thumbnail","6":"product_cat-ekran-koruyucu-film-gsm-mobil-aksesuar","7":"product_cat-gsm-mobil-aksesuar","8":"product_tag-2483","9":"product_tag-iphone","10":"product_tag-joko","11":"product_tag-kamera","12":"product_tag-lens","13":"product_tag-metal","14":"product_tag-pvd","15":"product_tag-turuncu","17":"first","18":"instock","19":"taxable","20":"shipping-taxable","21":"purchasable","22":"product-type-simple"},"_links":{"self":[{"href":"https:\/\/depodanmusteriye.com\/urunler\/wp-json\/wp\/v2\/product\/107636","targetHints":{"allow":["GET"]}}],"collection":[{"href":"https:\/\/depodanmusteriye.com\/urunler\/wp-json\/wp\/v2\/product"}],"about":[{"href":"https:\/\/depodanmusteriye.com\/urunler\/wp-json\/wp\/v2\/types\/product"}],"replies":[{"embeddable":true,"href":"https:\/\/depodanmusteriye.com\/urunler\/wp-json\/wp\/v2\/comments?post=107636"}],"version-history":[{"count":0,"href":"https:\/\/depodanmusteriye.com\/urunler\/wp-json\/wp\/v2\/product\/107636\/revisions"}],"wp:featuredmedia":[{"embeddable":true,"href":"https:\/\/depodanmusteriye.com\/urunler\/wp-json\/wp\/v2\/media\/107634"}],"wp:attachment":[{"href":"https:\/\/depodanmusteriye.com\/urunler\/wp-json\/wp\/v2\/media?parent=107636"}],"wp:term":[{"taxonomy":"product_brand","embeddable":true,"href":"https:\/\/depodanmusteriye.com\/urunler\/wp-json\/wp\/v2\/product_brand?post=107636"},{"taxonomy":"product_cat","embeddable":true,"href":"https:\/\/depodanmusteriye.com\/urunler\/wp-json\/wp\/v2\/product_cat?post=107636"},{"taxonomy":"product_tag","embeddable":true,"href":"https:\/\/depodanmusteriye.com\/urunler\/wp-json\/wp\/v2\/product_tag?post=107636"}],"curies":[{"name":"wp","href":"https:\/\/api.w.org\/{rel}","templated":true}]}}