{"id":106058,"date":"2025-12-08T11:35:15","date_gmt":"2025-12-08T11:35:15","guid":{"rendered":"https:\/\/b2b.depodanmusteriye.com\/urun\/karler-bass-kr-207-miknatisli-kablolu-kulaklik-kirmizi\/"},"modified":"2025-12-08T11:35:15","modified_gmt":"2025-12-08T11:35:15","slug":"karler-bass-kr-207-miknatisli-kablolu-kulaklik-kirmizi","status":"publish","type":"product","link":"https:\/\/depodanmusteriye.com\/urunler\/urun\/karler-bass-kr-207-miknatisli-kablolu-kulaklik-kirmizi\/","title":{"rendered":"Karler Bass KR-207 M\u0131knat\u0131sl\u0131 Kablolu Kulakl\u0131k &#8211; K\u0131rm\u0131z\u0131"},"content":{"rendered":"<h4>Karler Bass KR-207 M\u0131knat\u0131sl\u0131 Kablolu Kulakl\u0131k &#8211; K\u0131rm\u0131z\u0131<br \/><b>KARLER BASS KR-207 KABLOLU KULAKLIK<\/b> <\/p>\n<p><b>1 adet fiyat\u0131d\u0131r<\/b> <\/p>\n<p><p><b>\u00dcretici Markas\u0131 : KARLER BASS<\/b><\/p>\n<p><b>\u00dcretici Kodu : 6952150120715<\/b><\/p>\n<p><b>1 ADET F\u0130YATIDIR<\/b><\/p>\n<\/h4>\n<p><\/p>\n","protected":false},"excerpt":{"rendered":"<p>Karler Bass KR-207 M\u0131knat\u0131sl\u0131 Kablolu Kulakl\u0131k &#8211; K\u0131rm\u0131z\u0131<\/p>\n","protected":false},"featured_media":106053,"comment_status":"open","ping_status":"closed","template":"","meta":[],"product_brand":[],"product_cat":[617,374],"product_tag":[3240,1953,3239,2323,9492,1641,2871],"class_list":{"0":"post-106058","1":"product","2":"type-product","3":"status-publish","4":"has-post-thumbnail","6":"product_cat-kulak-ustu-kablolu-kulaklik","7":"product_cat-mobil-aksesuar","8":"product_tag-bass","9":"product_tag-kablolu","10":"product_tag-karler","11":"product_tag-kirmizi","12":"product_tag-kr-207","13":"product_tag-kulaklik","14":"product_tag-miknatisli","16":"first","17":"instock","18":"taxable","19":"shipping-taxable","20":"purchasable","21":"product-type-simple"},"_links":{"self":[{"href":"https:\/\/depodanmusteriye.com\/urunler\/wp-json\/wp\/v2\/product\/106058","targetHints":{"allow":["GET"]}}],"collection":[{"href":"https:\/\/depodanmusteriye.com\/urunler\/wp-json\/wp\/v2\/product"}],"about":[{"href":"https:\/\/depodanmusteriye.com\/urunler\/wp-json\/wp\/v2\/types\/product"}],"replies":[{"embeddable":true,"href":"https:\/\/depodanmusteriye.com\/urunler\/wp-json\/wp\/v2\/comments?post=106058"}],"version-history":[{"count":0,"href":"https:\/\/depodanmusteriye.com\/urunler\/wp-json\/wp\/v2\/product\/106058\/revisions"}],"wp:featuredmedia":[{"embeddable":true,"href":"https:\/\/depodanmusteriye.com\/urunler\/wp-json\/wp\/v2\/media\/106053"}],"wp:attachment":[{"href":"https:\/\/depodanmusteriye.com\/urunler\/wp-json\/wp\/v2\/media?parent=106058"}],"wp:term":[{"taxonomy":"product_brand","embeddable":true,"href":"https:\/\/depodanmusteriye.com\/urunler\/wp-json\/wp\/v2\/product_brand?post=106058"},{"taxonomy":"product_cat","embeddable":true,"href":"https:\/\/depodanmusteriye.com\/urunler\/wp-json\/wp\/v2\/product_cat?post=106058"},{"taxonomy":"product_tag","embeddable":true,"href":"https:\/\/depodanmusteriye.com\/urunler\/wp-json\/wp\/v2\/product_tag?post=106058"}],"curies":[{"name":"wp","href":"https:\/\/api.w.org\/{rel}","templated":true}]}}