{"id":106052,"date":"2025-12-08T11:34:56","date_gmt":"2025-12-08T11:34:56","guid":{"rendered":"https:\/\/b2b.depodanmusteriye.com\/urun\/karler-bass-kr-204-kablolu-kulaklik-yesil\/"},"modified":"2025-12-08T11:34:56","modified_gmt":"2025-12-08T11:34:56","slug":"karler-bass-kr-204-kablolu-kulaklik-yesil","status":"publish","type":"product","link":"https:\/\/depodanmusteriye.com\/urunler\/urun\/karler-bass-kr-204-kablolu-kulaklik-yesil\/","title":{"rendered":"Karler Bass KR-204 Kablolu Kulakl\u0131k &#8211; Ye\u015fil"},"content":{"rendered":"<h4>Karler Bass KR-204 Kablolu Kulakl\u0131k &#8211; Ye\u015fil<br \/><b>KARLER BASS KR-204 KABLOLU KULAKLIK<\/b><img decoding=\"async\" src=\"https:\/\/www.newface.com.tr\/img\/descriptions\/657af6c66ef5b.jpg\" style=\"width: 100%\"><img decoding=\"async\" src=\"https:\/\/www.newface.com.tr\/img\/descriptions\/657af6ca132eb.jpg\" style=\"width: 100%\"> <\/p>\n<p><b>1 adet fiyat\u0131d\u0131r<\/b> <\/p>\n<p><p><b>\u00dcretici Markas\u0131 : KARLER BASS<\/b><\/p>\n<p><b>\u00dcretici Kodu : 8683140604431<\/b><\/p>\n<p><b>1 ADET F\u0130YATIDIR<\/b><\/p>\n<\/h4>\n<p><\/p>\n","protected":false},"excerpt":{"rendered":"<p>Karler Bass KR-204 Kablolu Kulakl\u0131k &#8211; Ye\u015fil<\/p>\n","protected":false},"featured_media":106050,"comment_status":"open","ping_status":"closed","template":"","meta":[],"product_brand":[],"product_cat":[379,2211],"product_tag":[3240,1953,3239,9491,1641,2410],"class_list":{"0":"post-106052","1":"product","2":"type-product","3":"status-publish","4":"has-post-thumbnail","6":"product_cat-ev-yasam","7":"product_cat-kulak-ici-kablolu-kulaklik-ev-ya-am","8":"product_tag-bass","9":"product_tag-kablolu","10":"product_tag-karler","11":"product_tag-kr-204","12":"product_tag-kulaklik","13":"product_tag-yesil","15":"first","16":"instock","17":"taxable","18":"shipping-taxable","19":"purchasable","20":"product-type-simple"},"_links":{"self":[{"href":"https:\/\/depodanmusteriye.com\/urunler\/wp-json\/wp\/v2\/product\/106052","targetHints":{"allow":["GET"]}}],"collection":[{"href":"https:\/\/depodanmusteriye.com\/urunler\/wp-json\/wp\/v2\/product"}],"about":[{"href":"https:\/\/depodanmusteriye.com\/urunler\/wp-json\/wp\/v2\/types\/product"}],"replies":[{"embeddable":true,"href":"https:\/\/depodanmusteriye.com\/urunler\/wp-json\/wp\/v2\/comments?post=106052"}],"version-history":[{"count":0,"href":"https:\/\/depodanmusteriye.com\/urunler\/wp-json\/wp\/v2\/product\/106052\/revisions"}],"wp:featuredmedia":[{"embeddable":true,"href":"https:\/\/depodanmusteriye.com\/urunler\/wp-json\/wp\/v2\/media\/106050"}],"wp:attachment":[{"href":"https:\/\/depodanmusteriye.com\/urunler\/wp-json\/wp\/v2\/media?parent=106052"}],"wp:term":[{"taxonomy":"product_brand","embeddable":true,"href":"https:\/\/depodanmusteriye.com\/urunler\/wp-json\/wp\/v2\/product_brand?post=106052"},{"taxonomy":"product_cat","embeddable":true,"href":"https:\/\/depodanmusteriye.com\/urunler\/wp-json\/wp\/v2\/product_cat?post=106052"},{"taxonomy":"product_tag","embeddable":true,"href":"https:\/\/depodanmusteriye.com\/urunler\/wp-json\/wp\/v2\/product_tag?post=106052"}],"curies":[{"name":"wp","href":"https:\/\/api.w.org\/{rel}","templated":true}]}}