{"id":106008,"date":"2025-12-08T11:32:28","date_gmt":"2025-12-08T11:32:28","guid":{"rendered":"https:\/\/b2b.depodanmusteriye.com\/urun\/joko-iphone-14-pro-max-kilif-rocky-magsafe-kapak-siyah-kirmizi\/"},"modified":"2025-12-08T11:32:28","modified_gmt":"2025-12-08T11:32:28","slug":"joko-iphone-14-pro-max-kilif-rocky-magsafe-kapak-siyah-kirmizi","status":"publish","type":"product","link":"https:\/\/depodanmusteriye.com\/urunler\/urun\/joko-iphone-14-pro-max-kilif-rocky-magsafe-kapak-siyah-kirmizi\/","title":{"rendered":"Joko iPhone 14 Pro Max K\u0131l\u0131f Rocky Magsafe Kapak &#8211; Siyah-K\u0131rm\u0131z\u0131"},"content":{"rendered":"<h4>Joko iPhone 14 Pro Max K\u0131l\u0131f Rocky Magsafe Kapak &#8211; Siyah-K\u0131rm\u0131z\u0131<\/p>\n<\/p>\n<\/p>\n<p><b>Joko Rocky Magsafe Kapak<\/b><\/p>\n<p>&#8212;- cihaz\u0131 ile uyumludur.<\/p>\n<p>Kamera lens k\u0131sm\u0131 ve tu\u015flar\u0131 metal tasar\u0131ml\u0131d\u0131r.<\/p>\n<p>K\u0131l\u0131f\u0131m\u0131z ince tasar\u0131ml\u0131 yap\u0131ya sahiptir.<\/p>\n<p>Pc sert malzemeden \u00fcretilmi\u015ftir.<\/p>\n<p>K\u0131l\u0131f\u0131m\u0131z cihaz\u0131n\u0131z\u0131 tamamen sararak \u00e7izilme ve darbelere kar\u015f\u0131 korur.<\/p>\n<p>K\u0131l\u0131f\u0131m\u0131z cihaz\u0131n\u0131z\u0131n kal\u0131b\u0131 ile bire bir uyumlu \u00fcretilmi\u015ftir.<\/p>\n<p>Cihaz\u0131n\u0131za uygun renk se\u00e7enekleri sayesinde k\u0131l\u0131f\u0131m\u0131z cihaz\u0131n\u0131za \u015f\u0131k g\u00f6r\u00fcn\u00fcm kazand\u0131r\u0131r.<\/p>\n<p>K\u0131l\u0131f\u0131m\u0131z\u0131n i\u00e7erisinde sa\u011fl\u0131\u011fa zararl\u0131 hammadde kullan\u0131lmam\u0131\u015ft\u0131r.<\/p>\n<p>Magneticsafe \u00f6zelli\u011fi mevcuttur.<\/p>\n<p><img decoding=\"async\" src=\"https:\/\/www.newface.com.tr\/img\/descriptions\/6528fc4858643.jpg\" style=\"width: 50%\"><\/p>\n<p><img decoding=\"async\" src=\"https:\/\/www.newface.com.tr\/img\/descriptions\/653f9dda23bf9.jpg\" style=\"font-size: 1rem;width: 50%\"><\/p>\n<p><img decoding=\"async\" src=\"https:\/\/www.newface.com.tr\/img\/descriptions\/653f9e0cef909.jpg\" style=\"width: 50%\"><img decoding=\"async\" src=\"https:\/\/www.newface.com.tr\/img\/descriptions\/653f9e319bb48.jpg\" style=\"width: 50%\"> <\/p>\n<p><b>1 adet fiyat\u0131d\u0131r<\/b> <\/p>\n<p><p><b>\u00dcretici Markas\u0131 : JOKO<\/b><\/p>\n<p><b>\u00dcretici Kodu : 8683140602673<\/b><\/p>\n<p><b>1 ADET F\u0130YATIDIR<\/b><\/p>\n<\/h4>\n<p><\/p>\n","protected":false},"excerpt":{"rendered":"<p>Joko iPhone 14 Pro Max K\u0131l\u0131f Rocky Magsafe Kapak &#8211; Siyah-K\u0131rm\u0131z\u0131<\/p>\n","protected":false},"featured_media":106003,"comment_status":"open","ping_status":"closed","template":"","meta":[],"product_brand":[],"product_cat":[457,374],"product_tag":[1858,1950,3305,1389,1514,3238,2496,2484,3306,3575],"class_list":{"0":"post-106008","1":"product","2":"type-product","3":"status-publish","4":"has-post-thumbnail","6":"product_cat-kapak-and-kilif","7":"product_cat-mobil-aksesuar","8":"product_tag-1858","9":"product_tag-iphone","10":"product_tag-joko","11":"product_tag-kapak","12":"product_tag-kilif","13":"product_tag-magsafe","14":"product_tag-max","15":"product_tag-pro","16":"product_tag-rocky","17":"product_tag-siyah-kirmizi","19":"first","20":"instock","21":"taxable","22":"shipping-taxable","23":"purchasable","24":"product-type-simple"},"_links":{"self":[{"href":"https:\/\/depodanmusteriye.com\/urunler\/wp-json\/wp\/v2\/product\/106008","targetHints":{"allow":["GET"]}}],"collection":[{"href":"https:\/\/depodanmusteriye.com\/urunler\/wp-json\/wp\/v2\/product"}],"about":[{"href":"https:\/\/depodanmusteriye.com\/urunler\/wp-json\/wp\/v2\/types\/product"}],"replies":[{"embeddable":true,"href":"https:\/\/depodanmusteriye.com\/urunler\/wp-json\/wp\/v2\/comments?post=106008"}],"version-history":[{"count":0,"href":"https:\/\/depodanmusteriye.com\/urunler\/wp-json\/wp\/v2\/product\/106008\/revisions"}],"wp:featuredmedia":[{"embeddable":true,"href":"https:\/\/depodanmusteriye.com\/urunler\/wp-json\/wp\/v2\/media\/106003"}],"wp:attachment":[{"href":"https:\/\/depodanmusteriye.com\/urunler\/wp-json\/wp\/v2\/media?parent=106008"}],"wp:term":[{"taxonomy":"product_brand","embeddable":true,"href":"https:\/\/depodanmusteriye.com\/urunler\/wp-json\/wp\/v2\/product_brand?post=106008"},{"taxonomy":"product_cat","embeddable":true,"href":"https:\/\/depodanmusteriye.com\/urunler\/wp-json\/wp\/v2\/product_cat?post=106008"},{"taxonomy":"product_tag","embeddable":true,"href":"https:\/\/depodanmusteriye.com\/urunler\/wp-json\/wp\/v2\/product_tag?post=106008"}],"curies":[{"name":"wp","href":"https:\/\/api.w.org\/{rel}","templated":true}]}}