{"id":105972,"date":"2025-12-08T11:30:20","date_gmt":"2025-12-08T11:30:20","guid":{"rendered":"https:\/\/b2b.depodanmusteriye.com\/urun\/karler-bass-tune-650-bt-rgb-kablosuz-kafaustu-kulaklik-yesil\/"},"modified":"2025-12-08T11:30:20","modified_gmt":"2025-12-08T11:30:20","slug":"karler-bass-tune-650-bt-rgb-kablosuz-kafaustu-kulaklik-yesil","status":"publish","type":"product","link":"https:\/\/depodanmusteriye.com\/urunler\/urun\/karler-bass-tune-650-bt-rgb-kablosuz-kafaustu-kulaklik-yesil\/","title":{"rendered":"Karler Bass Tune 650 BT RGB Kablosuz Kafa\u00fcst\u00fc Kulakl\u0131k &#8211; Ye\u015fil"},"content":{"rendered":"<h4>Karler Bass Tune 650 BT RGB Kablosuz Kafa\u00fcst\u00fc Kulakl\u0131k &#8211; Ye\u015fil<\/p>\n<p><strong>Karler Bass TUNE 650 BT Bluetooth Kulakl\u0131k<\/strong><\/p>\n<p><\/p>\n<p class=\"ql-align-center\"><strong>Aktif G\u00fcr\u00fclt\u00fc Engelleme<\/strong><\/p>\n<p class=\"ql-align-center\">\u00c7evresel sesleri en aza indirerek m\u00fczik ve \u00e7a\u011fr\u0131lar\u0131n\u0131za tam odaklanma sa\u011flar.<\/p>\n<p class=\"ql-align-center\">G\u00fcr\u00fclt\u00fcs\u00fcz bir d\u00fcnyada sadece sizin ve m\u00fczi\u011finizin sesi duyulur.<\/p>\n<p class=\"ql-align-center\"><strong>S\u00fcper Bas Teknolojisi<\/strong><\/p>\n<p class=\"ql-align-center\">G\u00fc\u00e7l\u00fc ve derin bas tonlar\u0131yla m\u00fczik keyfinizi zirveye ta\u015f\u0131r.<\/p>\n<p class=\"ql-align-center\">Sevdi\u011finiz \u015fark\u0131lar, hi\u00e7 duymad\u0131\u011f\u0131n\u0131z kadar etkileyici olacak.<\/p>\n<p class=\"ql-align-center\"><strong>27 Saat Pil \u00d6mr\u00fc<\/strong><\/p>\n<p class=\"ql-align-center\">Uzun pil \u00f6mr\u00fc sayesinde g\u00fcn boyu m\u00fczik dinleyin, <\/p>\n<p class=\"ql-align-center\">film izleyin veya telefon g\u00f6r\u00fc\u015fmeleri yap\u0131n.<\/p>\n<p class=\"ql-align-center\">\u015earj endi\u015fesi olmadan keyif s\u00fcrmenin \u00f6zg\u00fcrl\u00fc\u011f\u00fcn\u00fc ya\u015fay\u0131n.<\/p>\n<p class=\"ql-align-center\"><strong>Ergonomik Tasar\u0131m<\/strong><\/p>\n<p class=\"ql-align-center\">Yumu\u015fak kulak yast\u0131klar\u0131 ve hafif yap\u0131s\u0131yla uzun s\u00fcreli kullan\u0131mlarda bile maksimum konfor sa\u011flar. En sevdi\u011finiz par\u00e7alar\u0131 dinlerken kendinizi rahat hissedin.<\/p>\n<p class=\"ql-align-center\"><strong>Eller Serbest Aramalar<\/strong><\/p>\n<p class=\"ql-align-center\">Dahili mikrofonu sayesinde telefon g\u00f6r\u00fc\u015fmelerinizi kolayca<\/p>\n<p class=\"ql-align-center\">yapabilir ve elleriniz serbest bir \u015fekilde ileti\u015fim kurabilirsiniz.<\/p>\n<p class=\"ql-align-center\"><strong>RGB Ayd\u0131nlatma<\/strong><\/p>\n<p class=\"ql-align-center\">Kulakl\u0131klar\u0131n d\u0131\u015f k\u0131sm\u0131ndaki RGB LED \u0131\u015f\u0131kland\u0131rma,<\/p>\n<p class=\"ql-align-center\">dinleme deneyiminizi renklendirir ve g\u00f6rsel bir atmosfer yarat\u0131r.<\/p>\n<p class=\"ql-align-center\"><strong>Kablosuz V5.3 Teknolojisi<\/strong><\/p>\n<p class=\"ql-align-center\">En g\u00fcncel kablosuz ba\u011flant\u0131 teknolojisi ile daha h\u0131zl\u0131 ve stabil ba\u011flant\u0131 sa\u011flar.<\/p>\n<p class=\"ql-align-center\">10 metreye kadar kesintisiz kablosuz ba\u011flant\u0131 mesafesi sunar, hareket \u00f6zg\u00fcrl\u00fc\u011f\u00fc sa\u011flar.<\/p>\n<p class=\"ql-align-center\"><strong>A2DP, AVRCP, HSP ve HFP Destekler<\/strong><\/p>\n<p class=\"ql-align-center\">A2DP, AVRCP, HSP ve HFP profilleri ile geni\u015f uyumluluk sa\u011flar, m\u00fczik dinleme, \u00e7a\u011fr\u0131 yan\u0131tlama ve sesli komutlar gibi \u00f6zellikler desteklenir.<\/p>\n<p><\/p>\n<p><b>1 adet fiyat\u0131d\u0131r<\/b> <\/p>\n<p><p><b>\u00dcretici Markas\u0131 : KARLER BASS<\/b><\/p>\n<p><b>\u00dcretici Kodu : 8683140595692<\/b><\/p>\n<p><b>1 ADET F\u0130YATIDIR<\/b><\/p>\n<\/h4>\n<p><\/p>\n","protected":false},"excerpt":{"rendered":"<p>Karler Bass Tune 650 BT RGB Kablosuz Kafa\u00fcst\u00fc Kulakl\u0131k &#8211; Ye\u015fil<\/p>\n","protected":false},"featured_media":105968,"comment_status":"open","ping_status":"closed","template":"","meta":[],"product_brand":[],"product_cat":[494,374],"product_tag":[4925,3240,3242,1640,9490,3239,1641,1967,9489,2410],"class_list":{"0":"post-105972","1":"product","2":"type-product","3":"status-publish","4":"has-post-thumbnail","6":"product_cat-kulak-ici-tws-bluetooth-kulaklik","7":"product_cat-mobil-aksesuar","8":"product_tag-4925","9":"product_tag-bass","10":"product_tag-bt","11":"product_tag-kablosuz","12":"product_tag-kafaustu","13":"product_tag-karler","14":"product_tag-kulaklik","15":"product_tag-rgb","16":"product_tag-tune","17":"product_tag-yesil","19":"first","20":"instock","21":"taxable","22":"shipping-taxable","23":"purchasable","24":"product-type-simple"},"_links":{"self":[{"href":"https:\/\/depodanmusteriye.com\/urunler\/wp-json\/wp\/v2\/product\/105972","targetHints":{"allow":["GET"]}}],"collection":[{"href":"https:\/\/depodanmusteriye.com\/urunler\/wp-json\/wp\/v2\/product"}],"about":[{"href":"https:\/\/depodanmusteriye.com\/urunler\/wp-json\/wp\/v2\/types\/product"}],"replies":[{"embeddable":true,"href":"https:\/\/depodanmusteriye.com\/urunler\/wp-json\/wp\/v2\/comments?post=105972"}],"version-history":[{"count":0,"href":"https:\/\/depodanmusteriye.com\/urunler\/wp-json\/wp\/v2\/product\/105972\/revisions"}],"wp:featuredmedia":[{"embeddable":true,"href":"https:\/\/depodanmusteriye.com\/urunler\/wp-json\/wp\/v2\/media\/105968"}],"wp:attachment":[{"href":"https:\/\/depodanmusteriye.com\/urunler\/wp-json\/wp\/v2\/media?parent=105972"}],"wp:term":[{"taxonomy":"product_brand","embeddable":true,"href":"https:\/\/depodanmusteriye.com\/urunler\/wp-json\/wp\/v2\/product_brand?post=105972"},{"taxonomy":"product_cat","embeddable":true,"href":"https:\/\/depodanmusteriye.com\/urunler\/wp-json\/wp\/v2\/product_cat?post=105972"},{"taxonomy":"product_tag","embeddable":true,"href":"https:\/\/depodanmusteriye.com\/urunler\/wp-json\/wp\/v2\/product_tag?post=105972"}],"curies":[{"name":"wp","href":"https:\/\/api.w.org\/{rel}","templated":true}]}}