{"id":103855,"date":"2025-12-08T09:25:17","date_gmt":"2025-12-08T09:25:17","guid":{"rendered":"https:\/\/b2b.depodanmusteriye.com\/urun\/newface-ipad-pro-11-2021-kilif-tablet-smart-kilif-gri\/"},"modified":"2025-12-08T09:25:17","modified_gmt":"2025-12-08T09:25:17","slug":"newface-ipad-pro-11-2021-kilif-tablet-smart-kilif-gri","status":"publish","type":"product","link":"https:\/\/depodanmusteriye.com\/urunler\/urun\/newface-ipad-pro-11-2021-kilif-tablet-smart-kilif-gri\/","title":{"rendered":"Newface iPad Pro 11 (2021) K\u0131l\u0131f Tablet Smart K\u0131l\u0131f &#8211; Gri"},"content":{"rendered":"<h4>Newface iPad Pro 11 (2021) K\u0131l\u0131f Tablet Smart K\u0131l\u0131f &#8211; Gri<\/p>\n<p><b>\u00dcr\u00fcn \u00d6zellikleri<\/b><br \/>G\u00fc\u00e7lendirilmi\u015f i\u00e7 panalleri, ergonomik yap\u0131s\u0131 ile tabletinizi korumak ve kullan\u0131m\u0131n\u0131 kolayla\u015ft\u0131rmak i\u00e7in tasarlanm\u0131\u015ft\u0131r.<br \/>&#8212;- ile uyumludur.<br \/><span style=\"font-size: 1rem\">\u00dcr\u00fcn \u00f6zellikleri:<br \/><\/span><span style=\"font-size: 1rem\">-Renk se\u00e7ene\u011fimiz mevcuttur.<br \/><\/span><span style=\"font-size: 1rem\">-Smart K\u0131l\u0131f uyku modlu k\u0131l\u0131ft\u0131r.<br \/><\/span><span style=\"font-size: 1rem\">-K\u0131l\u0131f\u0131 a\u00e7t\u0131\u011f\u0131n\u0131zda uyanan tabletiniz k\u0131l\u0131f\u0131 kapatt\u0131\u011f\u0131n\u0131zda otomatik olarak uyku moduna ge\u00e7er.<br \/><\/span><span style=\"font-size: 1rem\">-Cihaz\u0131n\u0131z\u0131 \u00e7iziklerden,kirden,darbe ve \u015foktan tamamen korur.<br \/><\/span><span style=\"font-size: 1rem\">-K\u0131l\u0131f\u0131 \u00e7\u0131karmadan b\u00fct\u00fcn slotlara(yan tu\u015flar,\u015farj,kulakl\u0131k giri\u015fleri vs)eri\u015filebilir.<br \/><\/span><span style=\"font-size: 1rem\">-Harika kal\u0131b\u0131yla cihaz\u0131n\u0131za m\u00fckemmel uyar.<br \/><\/span><span style=\"font-size: 1rem\">-Uzun \u00f6m\u00fcrl\u00fcd\u00fcr,darbelere kar\u015f\u0131 maximum korur.<br \/><\/span><span style=\"font-size: 1rem\">-Kolayca tak\u0131p \u00e7\u0131kart\u0131labilir.<br \/><\/span><span style=\"font-size: 1rem\">-Stand olma \u00f6zelli\u011fi ve katlanabilme \u00f6zelli\u011fi sayesinde rahat kullan\u0131m sa\u011flar.<br \/><\/span><span style=\"font-size: 1rem\">-\u00dcst kapa\u011f\u0131n kapanmas\u0131,cihaz\u0131 hem \u00f6nden hem arkadan gelebilecek darbelerden korur.<br \/><\/span><span style=\"font-size: 1rem\">-\u0130\u00e7eri\u011finde sa\u011fl\u0131\u011fa zararl\u0131 bir materyal bulunmamaktad\u0131r.<\/span><\/p>\n<p><b>1 adet fiyat\u0131d\u0131r<\/b> <\/p>\n<p><p><b>\u00dcretici Markas\u0131 : NEWFACE<\/b><\/p>\n<p><b>\u00dcretici Kodu : 8683140435127<\/b><\/p>\n<p><b>1 ADET F\u0130YATIDIR<\/b><\/p>\n<\/h4>\n<p><\/p>\n","protected":false},"excerpt":{"rendered":"<p>Newface iPad Pro 11 (2021) K\u0131l\u0131f Tablet Smart K\u0131l\u0131f &#8211; Gri<\/p>\n","protected":false},"featured_media":103854,"comment_status":"open","ping_status":"closed","template":"","meta":[],"product_brand":[],"product_cat":[374,756],"product_tag":[2483,2828,1684,1511,1514,1510,2484,2824,1516],"class_list":{"0":"post-103855","1":"product","2":"type-product","3":"status-publish","4":"has-post-thumbnail","6":"product_cat-mobil-aksesuar","7":"product_cat-tablet-kilifi","8":"product_tag-2483","9":"product_tag-2828","10":"product_tag-gri","11":"product_tag-ipad","12":"product_tag-kilif","13":"product_tag-newface","14":"product_tag-pro","15":"product_tag-smart","16":"product_tag-tablet","18":"first","19":"instock","20":"taxable","21":"shipping-taxable","22":"purchasable","23":"product-type-simple"},"_links":{"self":[{"href":"https:\/\/depodanmusteriye.com\/urunler\/wp-json\/wp\/v2\/product\/103855","targetHints":{"allow":["GET"]}}],"collection":[{"href":"https:\/\/depodanmusteriye.com\/urunler\/wp-json\/wp\/v2\/product"}],"about":[{"href":"https:\/\/depodanmusteriye.com\/urunler\/wp-json\/wp\/v2\/types\/product"}],"replies":[{"embeddable":true,"href":"https:\/\/depodanmusteriye.com\/urunler\/wp-json\/wp\/v2\/comments?post=103855"}],"version-history":[{"count":0,"href":"https:\/\/depodanmusteriye.com\/urunler\/wp-json\/wp\/v2\/product\/103855\/revisions"}],"wp:featuredmedia":[{"embeddable":true,"href":"https:\/\/depodanmusteriye.com\/urunler\/wp-json\/wp\/v2\/media\/103854"}],"wp:attachment":[{"href":"https:\/\/depodanmusteriye.com\/urunler\/wp-json\/wp\/v2\/media?parent=103855"}],"wp:term":[{"taxonomy":"product_brand","embeddable":true,"href":"https:\/\/depodanmusteriye.com\/urunler\/wp-json\/wp\/v2\/product_brand?post=103855"},{"taxonomy":"product_cat","embeddable":true,"href":"https:\/\/depodanmusteriye.com\/urunler\/wp-json\/wp\/v2\/product_cat?post=103855"},{"taxonomy":"product_tag","embeddable":true,"href":"https:\/\/depodanmusteriye.com\/urunler\/wp-json\/wp\/v2\/product_tag?post=103855"}],"curies":[{"name":"wp","href":"https:\/\/api.w.org\/{rel}","templated":true}]}}